{"id":10270,"date":"2020-04-01T07:23:18","date_gmt":"2020-04-01T05:23:18","guid":{"rendered":"https:\/\/www.escolamartamata.cat\/?page_id=10270"},"modified":"2025-12-01T14:03:56","modified_gmt":"2025-12-01T13:03:56","slug":"projectes-daula-gep","status":"publish","type":"page","link":"https:\/\/agora.xtec.cat\/escolamartamatabdv\/generacio-plurilingue-gep\/projectes-daula-gep\/","title":{"rendered":"Projectes d&#8217;aula"},"content":{"rendered":"\r\n<p>A tota l&#8217;escola es treballa de manera transversal mitjan\u00e7ant projectes. Aix\u00ed doncs, des de l&#8217;\u00e0rea d&#8217;angl\u00e8s es participa d&#8217;aquests projectes tot incloent la llengua anglesa com a llengua vehicular d&#8217;aprenentatge del projecte. En ocasions es fa de manera coordinada amb el projecte que es porta a terme des de la tutoria i en ocasions es realitza un projecte paral\u00b7lel, tot treballant elements curriculars d&#8217;altres \u00e0rees mitjan\u00e7ant l&#8217;angl\u00e8s.<\/p>\r\n<p>Us presentem un a continuaci\u00f3:<\/p>\r\n<ul>\r\n<li><a href=\"https:\/\/sites.google.com\/xtec.cat\/escola-marta-mata\/gep-ii?authuser=0\">TAKING CARE OF WATER: <\/a>Projecte realitzat amb l&#8217;alumnat de 4t i 5\u00e8 amb l&#8217;objectiu de conscienciar la poblaci\u00f3 de Barber\u00e0 del Vall\u00e8s sobre la import\u00e0ncia de l&#8217;aigua del riu Ripoll.<\/li>\r\n<\/ul>\r\n","protected":false},"excerpt":{"rendered":"<p>A tota l&#8217;escola es treballa de manera transversal mitjan\u00e7ant projectes. Aix\u00ed doncs, des de l&#8217;\u00e0rea d&#8217;angl\u00e8s es participa d&#8217;aquests projectes tot incloent la llengua anglesa com a llengua vehicular d&#8217;aprenentatge del projecte. En ocasions es fa de manera coordinada amb el projecte que es porta&hellip;  <a href=\"https:\/\/agora.xtec.cat\/escolamartamatabdv\/generacio-plurilingue-gep\/projectes-daula-gep\/\" title=\"Read Projectes d&#8217;aula\">Llegeix m\u00e9s\u00bb<\/a><\/p>\n","protected":false},"author":8,"featured_media":0,"parent":9878,"menu_order":3,"comment_status":"closed","ping_status":"closed","template":"page-templates\/side-menu.php","meta":{"_bbp_topic_count":0,"_bbp_reply_count":0,"_bbp_total_topic_count":0,"_bbp_total_reply_count":0,"_bbp_voice_count":0,"_bbp_anonymous_reply_count":0,"_bbp_topic_count_hidden":0,"_bbp_reply_count_hidden":0,"_bbp_forum_subforum_count":0,"footnotes":""},"class_list":["post-10270","page","type-page","status-publish","hentry"],"post_mailing_queue_ids":[],"_links":{"self":[{"href":"https:\/\/agora.xtec.cat\/escolamartamatabdv\/wp-json\/wp\/v2\/pages\/10270","targetHints":{"allow":["GET"]}}],"collection":[{"href":"https:\/\/agora.xtec.cat\/escolamartamatabdv\/wp-json\/wp\/v2\/pages"}],"about":[{"href":"https:\/\/agora.xtec.cat\/escolamartamatabdv\/wp-json\/wp\/v2\/types\/page"}],"author":[{"embeddable":true,"href":"https:\/\/agora.xtec.cat\/escolamartamatabdv\/wp-json\/wp\/v2\/users\/8"}],"replies":[{"embeddable":true,"href":"https:\/\/agora.xtec.cat\/escolamartamatabdv\/wp-json\/wp\/v2\/comments?post=10270"}],"version-history":[{"count":5,"href":"https:\/\/agora.xtec.cat\/escolamartamatabdv\/wp-json\/wp\/v2\/pages\/10270\/revisions"}],"predecessor-version":[{"id":14541,"href":"https:\/\/agora.xtec.cat\/escolamartamatabdv\/wp-json\/wp\/v2\/pages\/10270\/revisions\/14541"}],"up":[{"embeddable":true,"href":"https:\/\/agora.xtec.cat\/escolamartamatabdv\/wp-json\/wp\/v2\/pages\/9878"}],"wp:attachment":[{"href":"https:\/\/agora.xtec.cat\/escolamartamatabdv\/wp-json\/wp\/v2\/media?parent=10270"}],"curies":[{"name":"wp","href":"https:\/\/api.w.org\/{rel}","templated":true}]}}