{"id":73,"date":"2014-09-18T14:01:51","date_gmt":"2014-09-18T13:01:51","guid":{"rendered":"http:\/\/agora.xtec.cat\/ceip-aiguamarina-bcn\/?page_id=73"},"modified":"2025-04-24T18:32:15","modified_gmt":"2025-04-24T16:32:15","slug":"menjador-escolar","status":"publish","type":"page","link":"https:\/\/agora.xtec.cat\/escolamartamatabcn\/menjador-escolar\/","title":{"rendered":"Menjador escolar"},"content":{"rendered":"<h3><strong>PRESENTACI\u00d3 DE L\u2019EQUIP DE MENJADOR<\/strong><\/h3>\n<table style=\"height: 235px; width: 60.5489%;\" width=\"319\">\n<tbody>\n<tr>\n<td style=\"width: 41.3062%; text-align: center;\">COORDINADORA<\/td>\n<td style=\"width: 81.6317%; text-align: center;\">Paloma M.<\/td>\n<\/tr>\n<tr>\n<td style=\"width: 41.3062%; text-align: center;\">CUINA<\/td>\n<td style=\"width: 81.6317%; text-align: center;\">Raquel C. i M\u00f3nica<\/td>\n<\/tr>\n<tr>\n<td style=\"width: 41.3062%; text-align: center;\">CICLE INFANTIL<\/td>\n<td style=\"width: 81.6317%; text-align: center;\">Alexandra (I3), Laia (I4) i Ingrid (I5)<\/td>\n<\/tr>\n<tr>\n<td style=\"width: 41.3062%; text-align: center;\">CICLE INICIAL<\/td>\n<td style=\"width: 81.6317%; text-align: center;\">Roger (1r) , Pablo (2n) i\u00a0 Ram\u00f3n (refor\u00e7)<\/td>\n<\/tr>\n<tr>\n<td style=\"width: 41.3062%; text-align: center;\">CICLE MITJ\u00c0<\/td>\n<td style=\"width: 81.6317%; text-align: center;\">Anabel (3r) i Yara (4t)<\/td>\n<\/tr>\n<tr>\n<td style=\"width: 41.3062%; text-align: center;\">CICLE SUPERIOR<\/td>\n<td style=\"width: 81.6317%; text-align: center;\">Raquel (5\u00e8) i Mar\u00eda D. (6\u00e8)<\/td>\n<\/tr>\n<\/tbody>\n<\/table>\n<p><a href=\"https:\/\/agora.xtec.cat\/escolamartamatabcn\/wp-content\/uploads\/usu1945\/2025\/04\/Monitors-menjador-24-25.jpg\"><img loading=\"lazy\" decoding=\"async\" class=\"size-full wp-image-20828 aligncenter\" src=\"https:\/\/agora.xtec.cat\/escolamartamatabcn\/wp-content\/uploads\/usu1945\/2025\/04\/Monitors-menjador-24-25.jpg\" alt=\"\" width=\"381\" height=\"504\" srcset=\"https:\/\/agora.xtec.cat\/escolamartamatabcn\/wp-content\/uploads\/usu1945\/2025\/04\/Monitors-menjador-24-25.jpg 381w, https:\/\/agora.xtec.cat\/escolamartamatabcn\/wp-content\/uploads\/usu1945\/2025\/04\/Monitors-menjador-24-25-227x300.jpg 227w\" sizes=\"auto, (max-width: 381px) 100vw, 381px\" \/><\/a><\/p>\n<h3><strong>OBJECTIUS DE L\u2019EQUIP DE MENJADOR<\/strong><\/h3>\n<h5>Els monitors som <strong>educadors\/es <\/strong>durant el temps de migdia. Per tant, els nostres objectius s\u00f3n:<\/h5>\n<ul>\n<li><strong>Responsabilitzar-se <\/strong>del grup d\u2019infants al nostre c\u00e0rrec.<\/li>\n<li>Afavorir la comunicaci\u00f3 i la relaci\u00f3 amb els\/les nens\/es en la <strong>llengua catalana.<\/strong><\/li>\n<li>Potenciar i transmetre les pautes de <strong>comportament social<\/strong>.<\/li>\n<li>Estar amb els infants, ajudar-los i <strong>dinamitzar-los<\/strong>.<\/li>\n<li>Mantenir una <strong>bona relaci\u00f3 <\/strong>de treball amb els companys d\u2019equip i amb el professorat del centre.<\/li>\n<li>Assistir a les reunions d\u2019equip, <strong>preparar les activitats <\/strong>i treballar segons el disseny establert.<\/li>\n<li><strong>Comunicar les incid\u00e8ncies <\/strong>a la coordinadora i professorat.<\/li>\n<li>Fer el <strong>seguiment <\/strong>dels nens i nenes, de la seva evoluci\u00f3 i <strong>actuar en conseq\u00fc\u00e8ncia<\/strong>.<\/li>\n<\/ul>\n<h5>El\/la coordinador\/a<\/h5>\n<ul>\n<li>Exercir la responsabilitat del temps de migdia i <strong>representar<\/strong> <strong>l\u2019equip davant l\u2019Escola<\/strong>.<\/li>\n<li>Coordinar el treball de l\u2019equip de monitors i de cuina.<\/li>\n<li>Preveure les supl\u00e8ncies, refor\u00e7os necessaris. Tamb\u00e9, el material per a dur a terme les activitats.<\/li>\n<li>Vetllar pel compliment dels objectius establerts, de la normativa i la din\u00e0mica general.<\/li>\n<\/ul>\n<h3><\/h3>\n<h3><strong>EL MEN\u00da DE L\u2019ESCOLA<\/strong><\/h3>\n<ul>\n<li>L\u2019Escola compta amb una <strong>cuina pr\u00f2pia<\/strong>.<\/li>\n<li>L\u2019equip de cuina elabora tots els plats di\u00e0riament.<\/li>\n<li>Alguns dels prove\u00efdors amb els qu\u00e8 comptem s\u00f3n:<\/li>\n<\/ul>\n<p><a href=\"https:\/\/agora.xtec.cat\/ceip-aiguamarina-bcn\/wp-content\/uploads\/usu1945\/2019\/04\/PPT-Aiguamarina-1-1_pages-to-jpg-0004-e1554892663991.jpg\"><img loading=\"lazy\" decoding=\"async\" class=\"alignnone wp-image-1046\" src=\"https:\/\/agora.xtec.cat\/ceip-aiguamarina-bcn\/wp-content\/uploads\/usu1945\/2019\/04\/PPT-Aiguamarina-1-1_pages-to-jpg-0004-e1554892663991-1024x517.jpg\" alt=\"\" width=\"315\" height=\"159\" srcset=\"https:\/\/agora.xtec.cat\/escolamartamatabcn\/wp-content\/uploads\/usu1945\/2019\/04\/PPT-Aiguamarina-1-1_pages-to-jpg-0004-e1554892663991-1024x517.jpg 1024w, https:\/\/agora.xtec.cat\/escolamartamatabcn\/wp-content\/uploads\/usu1945\/2019\/04\/PPT-Aiguamarina-1-1_pages-to-jpg-0004-e1554892663991-300x152.jpg 300w, https:\/\/agora.xtec.cat\/escolamartamatabcn\/wp-content\/uploads\/usu1945\/2019\/04\/PPT-Aiguamarina-1-1_pages-to-jpg-0004-e1554892663991-768x388.jpg 768w, https:\/\/agora.xtec.cat\/escolamartamatabcn\/wp-content\/uploads\/usu1945\/2019\/04\/PPT-Aiguamarina-1-1_pages-to-jpg-0004-e1554892663991.jpg 1372w\" sizes=\"auto, (max-width: 315px) 100vw, 315px\" \/><\/a><\/p>\n<p>Els nostres men\u00fas es caracteritzen per:<\/p>\n<ul>\n<li><strong>Oferir una selecci\u00f3 d\u2019aliments ecol\u00f2gics <\/strong>per tal de recolzar un dieta sana i alhora permetre educar en la cultura ecol\u00f2gica als nens\/es.<\/li>\n<li>Basem els nostres men\u00fas en la <strong>guia d\u2019Alimentaci\u00f3 Saludable en l\u2019etapa escolar <\/strong>editada per <strong><a href=\"http:\/\/salutpublica.gencat.cat\/web\/.content\/minisite\/aspcat\/promocio_salut\/alimentacio_saludable\/02Publicacions\/pub_alim_inf\/guia_alimentacio_saludable_etapa_escolar\/guia_alimentacio_etapa_escolar.pdf\/\">l&#8217;Ag\u00e8ncia de Salut P\u00fablica de la Generalitat de Catalunya.<\/a>\u00a0<\/strong><\/li>\n<li>No nom\u00e9s alimentem sin\u00f3 que nodrim als alumnes d\u2019aliments rics en els diferents grups alimentaris, garantint l\u2019aportaci\u00f3 de vitamines i minerals necessaris.<\/li>\n<li><strong>Educar el paladar<\/strong>, per exemple, oferint iogurt natural, sense sucres afegits, donant autonomia als infants per endolcir amb fruita, en el cas que ho desitgin.<\/li>\n<li><strong>Adaptar els men\u00fas i la seva composici\u00f3 <\/strong>segons l\u2019\u00e8poca de l\u2019any, donant prioritat al consum d\u2019aliments de temporada.<\/li>\n<li><strong>Garantir la qualitat dels productes<\/strong>, l\u2019equilibri nutricional dels men\u00fas i la pres\u00e8ncia d\u2019aliments variats dels diferents grups alimentaris: verdures, cereals i prote\u00efnes com la carn, el peix i les<\/li>\n<\/ul>\n<p><strong>\u201c<\/strong>Els nostres men\u00fas estan basats en la <strong>dieta mediterr\u00e0nia i la cuina tradicional\u201d<\/strong><\/p>\n<p>&nbsp;<\/p>\n","protected":false},"excerpt":{"rendered":"<p>PRESENTACI\u00d3 DE L\u2019EQUIP DE MENJADOR<\/p>\n<p>COORDINADORA<br \/>\nPaloma M.<\/p>\n<p>CUINA<br \/>\nRaquel C. i M\u00f3nica<\/p>\n<p>CICLE INFANTIL<br \/>\nAlexandra (I3), Laia (I4) i Ingrid (I5)<\/p>\n<p>CICLE INICIAL<br \/>\nRoger (1r) , Pablo (2n) i\u00a0 Ram\u00f3n (refor\u00e7)<\/p>\n<p>CICLE MITJ\u00c0<br \/>\nAnabel (3r) i Yara (4t)<\/p>\n<p>CICLE SUPERIOR<br \/>\nRaquel (5\u00e8) i Mar\u00eda D. (6\u00e8)<\/p>\n<p><a href=\"https:\/\/agora.xtec.cat\/escolamartamatabcn\/wp-content\/uploads\/usu1945\/2025\/04\/Monitors-menjador-24-25.jpg\"><\/a><br \/>\nOBJECTIUS DE L\u2019EQUIP DE MENJADOR<br \/>\nEls monitors som educadors\/es durant el&hellip;  <a href=\"https:\/\/agora.xtec.cat\/escolamartamatabcn\/menjador-escolar\/\" title=\"Read Menjador escolar\">Llegeix m\u00e9s\u00bb<\/a><\/p>\n","protected":false},"author":1,"featured_media":0,"parent":0,"menu_order":30,"comment_status":"closed","ping_status":"closed","template":"","meta":{"_bbp_topic_count":0,"_bbp_reply_count":0,"_bbp_total_topic_count":0,"_bbp_total_reply_count":0,"_bbp_voice_count":0,"_bbp_anonymous_reply_count":0,"_bbp_topic_count_hidden":0,"_bbp_reply_count_hidden":0,"_bbp_forum_subforum_count":0,"footnotes":""},"class_list":["post-73","page","type-page","status-publish","hentry"],"post_mailing_queue_ids":[],"_links":{"self":[{"href":"https:\/\/agora.xtec.cat\/escolamartamatabcn\/wp-json\/wp\/v2\/pages\/73","targetHints":{"allow":["GET"]}}],"collection":[{"href":"https:\/\/agora.xtec.cat\/escolamartamatabcn\/wp-json\/wp\/v2\/pages"}],"about":[{"href":"https:\/\/agora.xtec.cat\/escolamartamatabcn\/wp-json\/wp\/v2\/types\/page"}],"author":[{"embeddable":true,"href":"https:\/\/agora.xtec.cat\/escolamartamatabcn\/wp-json\/wp\/v2\/users\/1"}],"replies":[{"embeddable":true,"href":"https:\/\/agora.xtec.cat\/escolamartamatabcn\/wp-json\/wp\/v2\/comments?post=73"}],"version-history":[{"count":6,"href":"https:\/\/agora.xtec.cat\/escolamartamatabcn\/wp-json\/wp\/v2\/pages\/73\/revisions"}],"predecessor-version":[{"id":20830,"href":"https:\/\/agora.xtec.cat\/escolamartamatabcn\/wp-json\/wp\/v2\/pages\/73\/revisions\/20830"}],"wp:attachment":[{"href":"https:\/\/agora.xtec.cat\/escolamartamatabcn\/wp-json\/wp\/v2\/media?parent=73"}],"curies":[{"name":"wp","href":"https:\/\/api.w.org\/{rel}","templated":true}]}}