{"id":645,"date":"2019-02-04T17:38:55","date_gmt":"2019-02-04T16:38:55","guid":{"rendered":"https:\/\/agora.xtec.cat\/ceip-aiguamarina-bcn\/?page_id=645"},"modified":"2025-02-13T21:06:46","modified_gmt":"2025-02-13T20:06:46","slug":"musica","status":"publish","type":"page","link":"https:\/\/agora.xtec.cat\/escolamartamatabcn\/lescola\/innovacio\/musica\/","title":{"rendered":"M\u00fasica"},"content":{"rendered":"<p style=\"text-align: justify;\">A m\u00fasica fomentem el cant, el moviment, el llenguatge musical, la sensibilitat i l&#8217;est\u00e8tica convinant diverses metodologies actives amb activitats i\u00a0 projectes anuals.<\/p>\n<p style=\"text-align: justify;\">A infantil, treballem les qualitats del so i cada any vivenciem una obra teatro-musical.<\/p>\n<p style=\"text-align: justify;\">A prim\u00e0ria, amb cada\u00a0 cicle participem en tres cantates: a primer la F\u00e0brica de colors, a tercer la Clika i a cinqu\u00e8 la Cant\u00e0nia.<\/p>\n<p>A m\u00e9s, cada any visitem espais emblem\u00e0tics com s\u00f3n el Palau de la m\u00fasica, el Gran teatre del Liceu, l&#8217;Auditori, entre altres.<\/p>\n<p><a href=\"https:\/\/agora.xtec.cat\/escolamartamatabcn\/wp-content\/uploads\/usu1945\/2025\/02\/Cantates.png\"><img loading=\"lazy\" decoding=\"async\" class=\"alignnone size-full wp-image-20736\" src=\"https:\/\/agora.xtec.cat\/escolamartamatabcn\/wp-content\/uploads\/usu1945\/2025\/02\/Cantates.png\" alt=\"\" width=\"1259\" height=\"393\" srcset=\"https:\/\/agora.xtec.cat\/escolamartamatabcn\/wp-content\/uploads\/usu1945\/2025\/02\/Cantates.png 1259w, https:\/\/agora.xtec.cat\/escolamartamatabcn\/wp-content\/uploads\/usu1945\/2025\/02\/Cantates-300x94.png 300w, https:\/\/agora.xtec.cat\/escolamartamatabcn\/wp-content\/uploads\/usu1945\/2025\/02\/Cantates-1024x320.png 1024w, https:\/\/agora.xtec.cat\/escolamartamatabcn\/wp-content\/uploads\/usu1945\/2025\/02\/Cantates-768x240.png 768w\" sizes=\"auto, (max-width: 1259px) 100vw, 1259px\" \/><\/a><\/p>\n","protected":false},"excerpt":{"rendered":"<p>A m\u00fasica fomentem el cant, el moviment, el llenguatge musical, la sensibilitat i l&#8217;est\u00e8tica convinant diverses metodologies actives amb activitats i\u00a0 projectes anuals.<br \/>\nA infantil, treballem les qualitats del so i cada any vivenciem una obra teatro-musical.<br \/>\nA prim\u00e0ria, amb cada\u00a0 cicle participem en tres cantates: a&hellip;  <a href=\"https:\/\/agora.xtec.cat\/escolamartamatabcn\/lescola\/innovacio\/musica\/\" title=\"Read M\u00fasica\">Llegeix m\u00e9s\u00bb<\/a><\/p>\n","protected":false},"author":1,"featured_media":0,"parent":1602,"menu_order":0,"comment_status":"closed","ping_status":"closed","template":"page-templates\/side-menu.php","meta":{"_bbp_topic_count":0,"_bbp_reply_count":0,"_bbp_total_topic_count":0,"_bbp_total_reply_count":0,"_bbp_voice_count":0,"_bbp_anonymous_reply_count":0,"_bbp_topic_count_hidden":0,"_bbp_reply_count_hidden":0,"_bbp_forum_subforum_count":0,"footnotes":""},"class_list":["post-645","page","type-page","status-publish","hentry"],"post_mailing_queue_ids":[],"_links":{"self":[{"href":"https:\/\/agora.xtec.cat\/escolamartamatabcn\/wp-json\/wp\/v2\/pages\/645","targetHints":{"allow":["GET"]}}],"collection":[{"href":"https:\/\/agora.xtec.cat\/escolamartamatabcn\/wp-json\/wp\/v2\/pages"}],"about":[{"href":"https:\/\/agora.xtec.cat\/escolamartamatabcn\/wp-json\/wp\/v2\/types\/page"}],"author":[{"embeddable":true,"href":"https:\/\/agora.xtec.cat\/escolamartamatabcn\/wp-json\/wp\/v2\/users\/1"}],"replies":[{"embeddable":true,"href":"https:\/\/agora.xtec.cat\/escolamartamatabcn\/wp-json\/wp\/v2\/comments?post=645"}],"version-history":[{"count":2,"href":"https:\/\/agora.xtec.cat\/escolamartamatabcn\/wp-json\/wp\/v2\/pages\/645\/revisions"}],"predecessor-version":[{"id":20737,"href":"https:\/\/agora.xtec.cat\/escolamartamatabcn\/wp-json\/wp\/v2\/pages\/645\/revisions\/20737"}],"up":[{"embeddable":true,"href":"https:\/\/agora.xtec.cat\/escolamartamatabcn\/wp-json\/wp\/v2\/pages\/1602"}],"wp:attachment":[{"href":"https:\/\/agora.xtec.cat\/escolamartamatabcn\/wp-json\/wp\/v2\/media?parent=645"}],"curies":[{"name":"wp","href":"https:\/\/api.w.org\/{rel}","templated":true}]}}