{"id":600,"date":"2019-02-04T17:03:13","date_gmt":"2019-02-04T16:03:13","guid":{"rendered":"https:\/\/agora.xtec.cat\/ceip-aiguamarina-bcn\/?page_id=600"},"modified":"2025-01-21T17:55:28","modified_gmt":"2025-01-21T16:55:28","slug":"psicomotricitat","status":"publish","type":"page","link":"https:\/\/agora.xtec.cat\/escolamartamatabcn\/lescola\/instal%c2%b7lacions\/psicomotricitat\/","title":{"rendered":"Psicomotricitat"},"content":{"rendered":"<p style=\"text-align: justify;\">A trav\u00e9s del joc i del moviment afavorim el desenvolupament global de l&#8217;infant, promovent no nom\u00e9s l\u2019expressi\u00f3 motriu, sin\u00f3 tamb\u00e9 els aspectes emocionals, cognitius i relacionals.<\/p>\n<p>Cliqueu la foto per veure difernts moments psicomotrius.<\/p>\n<p><a href=\"https:\/\/photos.app.goo.gl\/3VbFqr41XWPVFEKSA\"><img loading=\"lazy\" decoding=\"async\" class=\"wp-image-20504 aligncenter\" src=\"https:\/\/agora.xtec.cat\/escolamartamatabcn\/wp-content\/uploads\/usu1945\/2025\/01\/psicomotricitat.jpg\" alt=\"\" width=\"534\" height=\"384\" srcset=\"https:\/\/agora.xtec.cat\/escolamartamatabcn\/wp-content\/uploads\/usu1945\/2025\/01\/psicomotricitat.jpg 897w, https:\/\/agora.xtec.cat\/escolamartamatabcn\/wp-content\/uploads\/usu1945\/2025\/01\/psicomotricitat-300x216.jpg 300w, https:\/\/agora.xtec.cat\/escolamartamatabcn\/wp-content\/uploads\/usu1945\/2025\/01\/psicomotricitat-768x552.jpg 768w\" sizes=\"auto, (max-width: 534px) 100vw, 534px\" \/><\/a><\/p>\n","protected":false},"excerpt":{"rendered":"<p>A trav\u00e9s del joc i del moviment afavorim el desenvolupament global de l&#8217;infant, promovent no nom\u00e9s l\u2019expressi\u00f3 motriu, sin\u00f3 tamb\u00e9 els aspectes emocionals, cognitius i relacionals.<br \/>\nCliqueu la foto per veure difernts moments psicomotrius.<br \/>\n<a href=\"https:\/\/photos.app.goo.gl\/3VbFqr41XWPVFEKSA\"><\/a><\/p>\n","protected":false},"author":1,"featured_media":0,"parent":30,"menu_order":0,"comment_status":"closed","ping_status":"closed","template":"page-templates\/side-menu.php","meta":{"_bbp_topic_count":0,"_bbp_reply_count":0,"_bbp_total_topic_count":0,"_bbp_total_reply_count":0,"_bbp_voice_count":0,"_bbp_anonymous_reply_count":0,"_bbp_topic_count_hidden":0,"_bbp_reply_count_hidden":0,"_bbp_forum_subforum_count":0,"footnotes":""},"class_list":["post-600","page","type-page","status-publish","hentry"],"post_mailing_queue_ids":[],"_links":{"self":[{"href":"https:\/\/agora.xtec.cat\/escolamartamatabcn\/wp-json\/wp\/v2\/pages\/600","targetHints":{"allow":["GET"]}}],"collection":[{"href":"https:\/\/agora.xtec.cat\/escolamartamatabcn\/wp-json\/wp\/v2\/pages"}],"about":[{"href":"https:\/\/agora.xtec.cat\/escolamartamatabcn\/wp-json\/wp\/v2\/types\/page"}],"author":[{"embeddable":true,"href":"https:\/\/agora.xtec.cat\/escolamartamatabcn\/wp-json\/wp\/v2\/users\/1"}],"replies":[{"embeddable":true,"href":"https:\/\/agora.xtec.cat\/escolamartamatabcn\/wp-json\/wp\/v2\/comments?post=600"}],"version-history":[{"count":4,"href":"https:\/\/agora.xtec.cat\/escolamartamatabcn\/wp-json\/wp\/v2\/pages\/600\/revisions"}],"predecessor-version":[{"id":20517,"href":"https:\/\/agora.xtec.cat\/escolamartamatabcn\/wp-json\/wp\/v2\/pages\/600\/revisions\/20517"}],"up":[{"embeddable":true,"href":"https:\/\/agora.xtec.cat\/escolamartamatabcn\/wp-json\/wp\/v2\/pages\/30"}],"wp:attachment":[{"href":"https:\/\/agora.xtec.cat\/escolamartamatabcn\/wp-json\/wp\/v2\/media?parent=600"}],"curies":[{"name":"wp","href":"https:\/\/api.w.org\/{rel}","templated":true}]}}