{"id":590,"date":"2019-02-04T16:59:20","date_gmt":"2019-02-04T15:59:20","guid":{"rendered":"https:\/\/agora.xtec.cat\/ceip-aiguamarina-bcn\/?page_id=590"},"modified":"2022-02-22T09:17:15","modified_gmt":"2022-02-22T08:17:15","slug":"menjadorespai","status":"publish","type":"page","link":"https:\/\/agora.xtec.cat\/escolamartamatabcn\/lescola\/instal%c2%b7lacions\/menjadorespai\/","title":{"rendered":"Menjador"},"content":{"rendered":"<p style=\"text-align: justify;\">El nostre centre t\u00e9 l\u2019avantatge de tenir cuina pr\u00f2pia i per tant els men\u00fas s\u00f3n elaborats \u201cin situ\u201d.<\/p>\n<p style=\"text-align: justify;\"><a href=\"https:\/\/agora.xtec.cat\/escolamartamatabcn\/wp-content\/uploads\/usu1945\/2022\/02\/WhatsApp-Image-2022-02-22-at-09.04.21.jpeg\"><img loading=\"lazy\" decoding=\"async\" class=\"alignnone size-full wp-image-18504\" src=\"https:\/\/agora.xtec.cat\/escolamartamatabcn\/wp-content\/uploads\/usu1945\/2022\/02\/WhatsApp-Image-2022-02-22-at-09.04.21.jpeg\" alt=\"\" width=\"2000\" height=\"1500\" srcset=\"https:\/\/agora.xtec.cat\/escolamartamatabcn\/wp-content\/uploads\/usu1945\/2022\/02\/WhatsApp-Image-2022-02-22-at-09.04.21.jpeg 2000w, https:\/\/agora.xtec.cat\/escolamartamatabcn\/wp-content\/uploads\/usu1945\/2022\/02\/WhatsApp-Image-2022-02-22-at-09.04.21-300x225.jpeg 300w, https:\/\/agora.xtec.cat\/escolamartamatabcn\/wp-content\/uploads\/usu1945\/2022\/02\/WhatsApp-Image-2022-02-22-at-09.04.21-1024x768.jpeg 1024w, https:\/\/agora.xtec.cat\/escolamartamatabcn\/wp-content\/uploads\/usu1945\/2022\/02\/WhatsApp-Image-2022-02-22-at-09.04.21-768x576.jpeg 768w, https:\/\/agora.xtec.cat\/escolamartamatabcn\/wp-content\/uploads\/usu1945\/2022\/02\/WhatsApp-Image-2022-02-22-at-09.04.21-1536x1152.jpeg 1536w, https:\/\/agora.xtec.cat\/escolamartamatabcn\/wp-content\/uploads\/usu1945\/2022\/02\/WhatsApp-Image-2022-02-22-at-09.04.21-200x150.jpeg 200w\" sizes=\"auto, (max-width: 2000px) 100vw, 2000px\" \/><\/a> <a href=\"https:\/\/agora.xtec.cat\/escolamartamatabcn\/wp-content\/uploads\/usu1945\/2022\/02\/WhatsApp-Image-2022-02-22-at-09.04.19.jpeg\"><img loading=\"lazy\" decoding=\"async\" class=\"alignnone size-full wp-image-18507\" src=\"https:\/\/agora.xtec.cat\/escolamartamatabcn\/wp-content\/uploads\/usu1945\/2022\/02\/WhatsApp-Image-2022-02-22-at-09.04.19.jpeg\" alt=\"\" width=\"2000\" height=\"1500\" srcset=\"https:\/\/agora.xtec.cat\/escolamartamatabcn\/wp-content\/uploads\/usu1945\/2022\/02\/WhatsApp-Image-2022-02-22-at-09.04.19.jpeg 2000w, https:\/\/agora.xtec.cat\/escolamartamatabcn\/wp-content\/uploads\/usu1945\/2022\/02\/WhatsApp-Image-2022-02-22-at-09.04.19-300x225.jpeg 300w, https:\/\/agora.xtec.cat\/escolamartamatabcn\/wp-content\/uploads\/usu1945\/2022\/02\/WhatsApp-Image-2022-02-22-at-09.04.19-1024x768.jpeg 1024w, https:\/\/agora.xtec.cat\/escolamartamatabcn\/wp-content\/uploads\/usu1945\/2022\/02\/WhatsApp-Image-2022-02-22-at-09.04.19-768x576.jpeg 768w, https:\/\/agora.xtec.cat\/escolamartamatabcn\/wp-content\/uploads\/usu1945\/2022\/02\/WhatsApp-Image-2022-02-22-at-09.04.19-1536x1152.jpeg 1536w, https:\/\/agora.xtec.cat\/escolamartamatabcn\/wp-content\/uploads\/usu1945\/2022\/02\/WhatsApp-Image-2022-02-22-at-09.04.19-200x150.jpeg 200w\" sizes=\"auto, (max-width: 2000px) 100vw, 2000px\" \/><\/a><\/p>\n","protected":false},"excerpt":{"rendered":"<p>El nostre centre t\u00e9 l\u2019avantatge de tenir cuina pr\u00f2pia i per tant els men\u00fas s\u00f3n elaborats \u201cin situ\u201d.<br \/>\n<a href=\"https:\/\/agora.xtec.cat\/escolamartamatabcn\/wp-content\/uploads\/usu1945\/2022\/02\/WhatsApp-Image-2022-02-22-at-09.04.21.jpeg\"><\/a> <a href=\"https:\/\/agora.xtec.cat\/escolamartamatabcn\/wp-content\/uploads\/usu1945\/2022\/02\/WhatsApp-Image-2022-02-22-at-09.04.19.jpeg\"><\/a><\/p>\n","protected":false},"author":1,"featured_media":0,"parent":30,"menu_order":0,"comment_status":"closed","ping_status":"closed","template":"page-templates\/side-menu.php","meta":{"_bbp_topic_count":0,"_bbp_reply_count":0,"_bbp_total_topic_count":0,"_bbp_total_reply_count":0,"_bbp_voice_count":0,"_bbp_anonymous_reply_count":0,"_bbp_topic_count_hidden":0,"_bbp_reply_count_hidden":0,"_bbp_forum_subforum_count":0,"footnotes":""},"class_list":["post-590","page","type-page","status-publish","hentry"],"post_mailing_queue_ids":[],"_links":{"self":[{"href":"https:\/\/agora.xtec.cat\/escolamartamatabcn\/wp-json\/wp\/v2\/pages\/590","targetHints":{"allow":["GET"]}}],"collection":[{"href":"https:\/\/agora.xtec.cat\/escolamartamatabcn\/wp-json\/wp\/v2\/pages"}],"about":[{"href":"https:\/\/agora.xtec.cat\/escolamartamatabcn\/wp-json\/wp\/v2\/types\/page"}],"author":[{"embeddable":true,"href":"https:\/\/agora.xtec.cat\/escolamartamatabcn\/wp-json\/wp\/v2\/users\/1"}],"replies":[{"embeddable":true,"href":"https:\/\/agora.xtec.cat\/escolamartamatabcn\/wp-json\/wp\/v2\/comments?post=590"}],"version-history":[{"count":3,"href":"https:\/\/agora.xtec.cat\/escolamartamatabcn\/wp-json\/wp\/v2\/pages\/590\/revisions"}],"predecessor-version":[{"id":18511,"href":"https:\/\/agora.xtec.cat\/escolamartamatabcn\/wp-json\/wp\/v2\/pages\/590\/revisions\/18511"}],"up":[{"embeddable":true,"href":"https:\/\/agora.xtec.cat\/escolamartamatabcn\/wp-json\/wp\/v2\/pages\/30"}],"wp:attachment":[{"href":"https:\/\/agora.xtec.cat\/escolamartamatabcn\/wp-json\/wp\/v2\/media?parent=590"}],"curies":[{"name":"wp","href":"https:\/\/api.w.org\/{rel}","templated":true}]}}