{"id":582,"date":"2019-02-04T16:57:28","date_gmt":"2019-02-04T15:57:28","guid":{"rendered":"https:\/\/agora.xtec.cat\/ceip-aiguamarina-bcn\/?page_id=582"},"modified":"2025-01-18T20:30:10","modified_gmt":"2025-01-18T19:30:10","slug":"angles-informatica","status":"publish","type":"page","link":"https:\/\/agora.xtec.cat\/escolamartamatabcn\/lescola\/instal%c2%b7lacions\/angles-informatica\/","title":{"rendered":"Laboratori digital \/ Angl\u00e8s"},"content":{"rendered":"<p style=\"text-align: justify;\">En aquest espai els infants de l&#8217;escola poden fer \u00fas dels dispositius digitals que t\u00e9 l&#8217;escola per treballar la compet\u00e8ncia digital en totes les \u00e0rees.<\/p>\n<p>Tamb\u00e9 \u00e9s un espai dedicat a fer angl\u00e8s amb grups desdoblats.<\/p>\n<p><a href=\"https:\/\/agora.xtec.cat\/escolamartamatabcn\/wp-content\/uploads\/usu1945\/2025\/01\/Informatica.jpeg\"><img loading=\"lazy\" decoding=\"async\" class=\"alignnone size-full wp-image-20496\" src=\"https:\/\/agora.xtec.cat\/escolamartamatabcn\/wp-content\/uploads\/usu1945\/2025\/01\/Informatica.jpeg\" alt=\"\" width=\"2016\" height=\"1134\" srcset=\"https:\/\/agora.xtec.cat\/escolamartamatabcn\/wp-content\/uploads\/usu1945\/2025\/01\/Informatica.jpeg 2016w, https:\/\/agora.xtec.cat\/escolamartamatabcn\/wp-content\/uploads\/usu1945\/2025\/01\/Informatica-300x169.jpeg 300w, https:\/\/agora.xtec.cat\/escolamartamatabcn\/wp-content\/uploads\/usu1945\/2025\/01\/Informatica-1024x576.jpeg 1024w, https:\/\/agora.xtec.cat\/escolamartamatabcn\/wp-content\/uploads\/usu1945\/2025\/01\/Informatica-768x432.jpeg 768w, https:\/\/agora.xtec.cat\/escolamartamatabcn\/wp-content\/uploads\/usu1945\/2025\/01\/Informatica-1536x864.jpeg 1536w\" sizes=\"auto, (max-width: 2016px) 100vw, 2016px\" \/><\/a><\/p>\n","protected":false},"excerpt":{"rendered":"<p>En aquest espai els infants de l&#8217;escola poden fer \u00fas dels dispositius digitals que t\u00e9 l&#8217;escola per treballar la compet\u00e8ncia digital en totes les \u00e0rees.<br \/>\nTamb\u00e9 \u00e9s un espai dedicat a fer angl\u00e8s amb grups desdoblats.<br \/>\n<a href=\"https:\/\/agora.xtec.cat\/escolamartamatabcn\/wp-content\/uploads\/usu1945\/2025\/01\/Informatica.jpeg\"><\/a><\/p>\n","protected":false},"author":1,"featured_media":0,"parent":30,"menu_order":0,"comment_status":"closed","ping_status":"closed","template":"page-templates\/side-menu.php","meta":{"_bbp_topic_count":0,"_bbp_reply_count":0,"_bbp_total_topic_count":0,"_bbp_total_reply_count":0,"_bbp_voice_count":0,"_bbp_anonymous_reply_count":0,"_bbp_topic_count_hidden":0,"_bbp_reply_count_hidden":0,"_bbp_forum_subforum_count":0,"footnotes":""},"class_list":["post-582","page","type-page","status-publish","hentry"],"post_mailing_queue_ids":[],"_links":{"self":[{"href":"https:\/\/agora.xtec.cat\/escolamartamatabcn\/wp-json\/wp\/v2\/pages\/582","targetHints":{"allow":["GET"]}}],"collection":[{"href":"https:\/\/agora.xtec.cat\/escolamartamatabcn\/wp-json\/wp\/v2\/pages"}],"about":[{"href":"https:\/\/agora.xtec.cat\/escolamartamatabcn\/wp-json\/wp\/v2\/types\/page"}],"author":[{"embeddable":true,"href":"https:\/\/agora.xtec.cat\/escolamartamatabcn\/wp-json\/wp\/v2\/users\/1"}],"replies":[{"embeddable":true,"href":"https:\/\/agora.xtec.cat\/escolamartamatabcn\/wp-json\/wp\/v2\/comments?post=582"}],"version-history":[{"count":4,"href":"https:\/\/agora.xtec.cat\/escolamartamatabcn\/wp-json\/wp\/v2\/pages\/582\/revisions"}],"predecessor-version":[{"id":20497,"href":"https:\/\/agora.xtec.cat\/escolamartamatabcn\/wp-json\/wp\/v2\/pages\/582\/revisions\/20497"}],"up":[{"embeddable":true,"href":"https:\/\/agora.xtec.cat\/escolamartamatabcn\/wp-json\/wp\/v2\/pages\/30"}],"wp:attachment":[{"href":"https:\/\/agora.xtec.cat\/escolamartamatabcn\/wp-json\/wp\/v2\/media?parent=582"}],"curies":[{"name":"wp","href":"https:\/\/api.w.org\/{rel}","templated":true}]}}