{"id":557,"date":"2019-02-01T10:50:07","date_gmt":"2019-02-01T09:50:07","guid":{"rendered":"https:\/\/agora.xtec.cat\/ceip-aiguamarina-bcn\/?page_id=557"},"modified":"2026-02-06T19:53:28","modified_gmt":"2026-02-06T18:53:28","slug":"altres-professionals","status":"publish","type":"page","link":"https:\/\/agora.xtec.cat\/escolamartamatabcn\/lescola\/qui-som\/altres-professionals\/","title":{"rendered":"Altres professionals"},"content":{"rendered":"<h2>Curs 2025-2026<\/h2>\n<table style=\"width: 52.2607%; border-collapse: collapse; height: 145px;\" border=\"1\">\n<tbody>\n<tr style=\"height: 30px;\">\n<td style=\"width: 54.7038%; height: 30px;\"><strong>Conserge<\/strong><\/td>\n<td style=\"width: 47.6835%; height: 30px;\">Yolanda A.<\/td>\n<\/tr>\n<tr style=\"height: 30px;\">\n<td style=\"width: 54.7038%; height: 30px;\"><strong>Administrativa<\/strong><\/td>\n<td style=\"width: 47.6835%; height: 30px;\">Eva M.<\/td>\n<\/tr>\n<tr style=\"height: 30px;\">\n<td style=\"width: 54.7038%; height: 30px;\"><strong>TEI<\/strong><\/td>\n<td style=\"width: 47.6835%; height: 30px;\">M\u00f2nica L.<\/td>\n<\/tr>\n<tr style=\"height: 30px;\">\n<td style=\"width: 54.7038%; height: 30px;\"><strong>Psic\u00f2loga EAP<\/strong><\/td>\n<td style=\"width: 47.6835%; height: 30px;\">Elena A.<\/td>\n<\/tr>\n<tr>\n<td style=\"width: 54.7038%;\"><strong>Integradora social<\/strong><\/td>\n<td style=\"width: 47.6835%;\">Patricia M.*<\/td>\n<\/tr>\n<tr>\n<td style=\"width: 54.7038%;\"><strong>Educadora social<\/strong><\/td>\n<td style=\"width: 47.6835%;\">Agn\u00e8s P.<\/td>\n<\/tr>\n<tr>\n<td style=\"width: 54.7038%;\"><strong>T\u00e8cnic Educaci\u00f3 Emocional<\/strong><\/td>\n<td style=\"width: 47.6835%;\">Iv\u00e1n P.<\/td>\n<\/tr>\n<tr>\n<td style=\"width: 54.7038%;\"><strong>Vetllador\/a<\/strong><\/td>\n<td style=\"width: 47.6835%;\">Victor H.<\/td>\n<\/tr>\n<tr>\n<td style=\"width: 54.7038%;\"><strong>Coordinadora Menjador<\/strong><\/td>\n<td style=\"width: 47.6835%;\">Paloma M.<\/td>\n<\/tr>\n<tr style=\"height: 30px;\">\n<td style=\"width: 54.7038%; height: 30px;\"><strong>Cuinera<\/strong><\/td>\n<td style=\"width: 47.6835%; height: 30px;\">Raquel C.<\/td>\n<\/tr>\n<\/tbody>\n<\/table>\n<p><span style=\"color: #993366;\"><strong>*Programa T\u00e8cnics d\u2019integraci\u00f3 social i educadors socials<\/strong><\/span><\/p>\n<p>L\u2019escola Marta Mata de Barcelona disposa d\u2019una t\u00e8cnica d\u2019integraci\u00f3 social amb la finalitat de garantir l\u2019equitat en l\u2019acc\u00e9s a l\u2019educaci\u00f3.<br \/>\nLa contractaci\u00f3 d\u2019aquests professionals est\u00e0 cofinan\u00e7at en un 40% per la Uni\u00f3 Europea i la resta pel Departament d\u2019Educaci\u00f3.<br \/>\nAlguns dels objectius del\u00a0 Programa de t\u00e8cnics i t\u00e8cniques d\u2019integraci\u00f3 social cofinan\u00e7at per la Uni\u00f3 Europea s\u00f3n:<br \/>\n\uf0b7 Prevenir l\u2019abandonament prematur i el frac\u00e0s escolar Procurar el benestar emocional dels alumnes.<br \/>\n\uf0b7 Facilitar una bona conviv\u00e8ncia en els centres educatius.<br \/>\n\uf0b7 Contribuir a l\u2019orientaci\u00f3 dels alumnes.<br \/>\n\uf0b7 Fomentar la implicaci\u00f3 de les fam\u00edlies.<br \/>\n\uf0b7 Fomentar el vincle entre l\u2019escola i el seu entorn.<br \/>\n\uf0b7 Contribuir al desenvolupament de plans d\u2019\u00e0mbit comunitari.<\/p>\n","protected":false},"excerpt":{"rendered":"<p>Curs 2025-2026<\/p>\n<p>Conserge<br \/>\nYolanda A.<\/p>\n<p>Administrativa<br \/>\nEva M.<\/p>\n<p>TEI<br \/>\nM\u00f2nica L.<\/p>\n<p>Psic\u00f2loga EAP<br \/>\nElena A.<\/p>\n<p>Integradora social<br \/>\nPatricia M.*<\/p>\n<p>Educadora social<br \/>\nAgn\u00e8s P.<\/p>\n<p>T\u00e8cnic Educaci\u00f3 Emocional<br \/>\nIv\u00e1n P.<\/p>\n<p>Vetllador\/a<br \/>\nVictor H.<\/p>\n<p>Coordinadora Menjador<br \/>\nPaloma M.<\/p>\n<p>Cuinera<br \/>\nRaquel C.<\/p>\n<p>*Programa T\u00e8cnics d\u2019integraci\u00f3 social i educadors socials<br \/>\nL\u2019escola Marta Mata de Barcelona disposa d\u2019una t\u00e8cnica d\u2019integraci\u00f3 social amb la finalitat de garantir l\u2019equitat en l\u2019acc\u00e9s a l\u2019educaci\u00f3.<br \/>\nLa contractaci\u00f3 d\u2019aquests&hellip;  <a href=\"https:\/\/agora.xtec.cat\/escolamartamatabcn\/lescola\/qui-som\/altres-professionals\/\" title=\"Read Altres professionals\">Llegeix m\u00e9s\u00bb<\/a><\/p>\n","protected":false},"author":1,"featured_media":0,"parent":549,"menu_order":0,"comment_status":"closed","ping_status":"closed","template":"page-templates\/side-menu.php","meta":{"_bbp_topic_count":0,"_bbp_reply_count":0,"_bbp_total_topic_count":0,"_bbp_total_reply_count":0,"_bbp_voice_count":0,"_bbp_anonymous_reply_count":0,"_bbp_topic_count_hidden":0,"_bbp_reply_count_hidden":0,"_bbp_forum_subforum_count":0,"footnotes":""},"class_list":["post-557","page","type-page","status-publish","hentry"],"post_mailing_queue_ids":[],"_links":{"self":[{"href":"https:\/\/agora.xtec.cat\/escolamartamatabcn\/wp-json\/wp\/v2\/pages\/557","targetHints":{"allow":["GET"]}}],"collection":[{"href":"https:\/\/agora.xtec.cat\/escolamartamatabcn\/wp-json\/wp\/v2\/pages"}],"about":[{"href":"https:\/\/agora.xtec.cat\/escolamartamatabcn\/wp-json\/wp\/v2\/types\/page"}],"author":[{"embeddable":true,"href":"https:\/\/agora.xtec.cat\/escolamartamatabcn\/wp-json\/wp\/v2\/users\/1"}],"replies":[{"embeddable":true,"href":"https:\/\/agora.xtec.cat\/escolamartamatabcn\/wp-json\/wp\/v2\/comments?post=557"}],"version-history":[{"count":7,"href":"https:\/\/agora.xtec.cat\/escolamartamatabcn\/wp-json\/wp\/v2\/pages\/557\/revisions"}],"predecessor-version":[{"id":21216,"href":"https:\/\/agora.xtec.cat\/escolamartamatabcn\/wp-json\/wp\/v2\/pages\/557\/revisions\/21216"}],"up":[{"embeddable":true,"href":"https:\/\/agora.xtec.cat\/escolamartamatabcn\/wp-json\/wp\/v2\/pages\/549"}],"wp:attachment":[{"href":"https:\/\/agora.xtec.cat\/escolamartamatabcn\/wp-json\/wp\/v2\/media?parent=557"}],"curies":[{"name":"wp","href":"https:\/\/api.w.org\/{rel}","templated":true}]}}