{"id":26,"date":"2014-09-18T12:24:32","date_gmt":"2014-09-18T11:24:32","guid":{"rendered":"http:\/\/agora.xtec.cat\/ceip-aiguamarina-bcn\/?page_id=26"},"modified":"2025-02-10T20:05:58","modified_gmt":"2025-02-10T19:05:58","slug":"historia","status":"publish","type":"page","link":"https:\/\/agora.xtec.cat\/escolamartamatabcn\/lescola\/historia\/","title":{"rendered":"Hist\u00f2ria"},"content":{"rendered":"<p align=\"justify\"><a href=\"https:\/\/agora.xtec.cat\/ceip-aiguamarina-bcn\/wp-content\/uploads\/usu1945\/2018\/11\/miocid.jpg\"><img loading=\"lazy\" decoding=\"async\" class=\" wp-image-466 alignright\" src=\"https:\/\/agora.xtec.cat\/ceip-aiguamarina-bcn\/wp-content\/uploads\/usu1945\/2018\/11\/miocid.jpg\" alt=\"\" width=\"309\" height=\"268\" srcset=\"https:\/\/agora.xtec.cat\/escolamartamatabcn\/wp-content\/uploads\/usu1945\/2018\/11\/miocid.jpg 429w, https:\/\/agora.xtec.cat\/escolamartamatabcn\/wp-content\/uploads\/usu1945\/2018\/11\/miocid-300x259.jpg 300w\" sizes=\"auto, (max-width: 309px) 100vw, 309px\" \/><\/a>La nostra escola va fer 25 anys el setembre de 1995. Va comen\u00e7ar com a\u00a0<strong>&#8220;Colegio Nacional Mio Cid&#8221;<\/strong>, inaugurada el setembre de 1970, va continuar com a\u00a0<strong>&#8220;Col<\/strong>\u2022<strong>legi d&#8217;Educaci\u00f3 Infantil i Prim\u00e0ria (Ceip) Aiguamarina&#8221; <\/strong>des del 1996 i ara \u00e9s\u00a0<strong>Escola Aiguamarina<\/strong>.<br \/>\nL&#8217;escola est\u00e0 situada al barri de Verdum, a la zona de Nou Barris, de Barcelona. \u00c9s a prop de la Via J\u00falia, al carrer Casals i Cuber\u00f3, cantonada amb Almansa.<br \/>\nEn tot aquest temps ha acompanyat a molts infants del barri en els seus anys d&#8217;escola, de jocs i d&#8217;estudi, de bons moments, tots ells lligats a la vida escolar. Moltes fam\u00edlies han estat lligades a la seva traject\u00f2ria i a la seva hist\u00f2ria. Ha conegut tamb\u00e9 molts i moltes docents, que li han dedicat amb il\u00b7lusi\u00f3 algun temps de la seva vida professional.<\/p>\n<p>El nom d&#8217;<strong>Aiguamarina<\/strong>\u00a0va ser escollit pel Consell Escolar del Centre el curs 95\/96. L&#8217;elecci\u00f3 final del nom va ser motivada pel desig de tots els membres representants de la comunitat educativa de que la nostra escola fos quelcom valorat, estimat i preci\u00f3s com ho \u00e9s una &#8220;aiguamarina&#8221;, considerada una pedra preciosa en Mineralogia.<br \/>\nLes Roquetes, barri proper a l&#8217;escola, ens va suggerir el nom. Calia trobar, d&#8217;entre totes les roquetes, una que en destaqu\u00e9s. L&#8217;aiguamarina per la seva qualitat de pedra preciosa, va ser l&#8217;escollida.<\/p>\n<p><em>( Revista &#8220;25 anys d&#8217;escola&#8221; , Ceip Aiguamarina)<\/em><\/p>\n<p>El curs 2020 &#8211; 2021 l&#8217;escola celebra els 50\u00e8 aniversari coincidint amb el canvi de nom a <strong>Escola Marta Mata<\/strong>, una gran pedagoga defensora de l&#8217;educaci\u00f3 p\u00fablica entesa com a pe\u00e7a mestra de millora de la societat, i el dret a l&#8217;educaci\u00f3, com l'&#8221;escola bona per tots&#8221;. Aquest canvi de nom va lligat al canvi metodol\u00f2gic de l&#8217;escola per afavorir l&#8217;educaci\u00f3 de l&#8217;infant &#8220;persona des del naixement, que ha de ser reconegut per la societat&#8221; tal i com va citar Marta Mata.<\/p>\n","protected":false},"excerpt":{"rendered":"<p><a href=\"https:\/\/agora.xtec.cat\/ceip-aiguamarina-bcn\/wp-content\/uploads\/usu1945\/2018\/11\/miocid.jpg\"><\/a>La nostra escola va fer 25 anys el setembre de 1995. Va comen\u00e7ar com a\u00a0&#8220;Colegio Nacional Mio Cid&#8221;, inaugurada el setembre de 1970, va continuar com a\u00a0&#8220;Col\u2022legi d&#8217;Educaci\u00f3 Infantil i Prim\u00e0ria (Ceip) Aiguamarina&#8221; des del 1996 i ara \u00e9s\u00a0Escola Aiguamarina.<br \/>\nL&#8217;escola est\u00e0 situada al barri&hellip;  <a href=\"https:\/\/agora.xtec.cat\/escolamartamatabcn\/lescola\/historia\/\" title=\"Read Hist\u00f2ria\">Llegeix m\u00e9s\u00bb<\/a><\/p>\n","protected":false},"author":1,"featured_media":0,"parent":22,"menu_order":20,"comment_status":"closed","ping_status":"closed","template":"","meta":{"_bbp_topic_count":0,"_bbp_reply_count":0,"_bbp_total_topic_count":0,"_bbp_total_reply_count":0,"_bbp_voice_count":0,"_bbp_anonymous_reply_count":0,"_bbp_topic_count_hidden":0,"_bbp_reply_count_hidden":0,"_bbp_forum_subforum_count":0,"footnotes":""},"class_list":["post-26","page","type-page","status-publish","hentry"],"post_mailing_queue_ids":[],"_links":{"self":[{"href":"https:\/\/agora.xtec.cat\/escolamartamatabcn\/wp-json\/wp\/v2\/pages\/26","targetHints":{"allow":["GET"]}}],"collection":[{"href":"https:\/\/agora.xtec.cat\/escolamartamatabcn\/wp-json\/wp\/v2\/pages"}],"about":[{"href":"https:\/\/agora.xtec.cat\/escolamartamatabcn\/wp-json\/wp\/v2\/types\/page"}],"author":[{"embeddable":true,"href":"https:\/\/agora.xtec.cat\/escolamartamatabcn\/wp-json\/wp\/v2\/users\/1"}],"replies":[{"embeddable":true,"href":"https:\/\/agora.xtec.cat\/escolamartamatabcn\/wp-json\/wp\/v2\/comments?post=26"}],"version-history":[{"count":3,"href":"https:\/\/agora.xtec.cat\/escolamartamatabcn\/wp-json\/wp\/v2\/pages\/26\/revisions"}],"predecessor-version":[{"id":3224,"href":"https:\/\/agora.xtec.cat\/escolamartamatabcn\/wp-json\/wp\/v2\/pages\/26\/revisions\/3224"}],"up":[{"embeddable":true,"href":"https:\/\/agora.xtec.cat\/escolamartamatabcn\/wp-json\/wp\/v2\/pages\/22"}],"wp:attachment":[{"href":"https:\/\/agora.xtec.cat\/escolamartamatabcn\/wp-json\/wp\/v2\/media?parent=26"}],"curies":[{"name":"wp","href":"https:\/\/api.w.org\/{rel}","templated":true}]}}