{"id":21261,"date":"2026-03-04T21:05:27","date_gmt":"2026-03-04T20:05:27","guid":{"rendered":"https:\/\/agora.xtec.cat\/escolamartamatabcn\/?page_id=21261"},"modified":"2026-04-15T13:18:42","modified_gmt":"2026-04-15T11:18:42","slug":"informacio-preinscripcions-curs-2026-2027","status":"publish","type":"page","link":"https:\/\/agora.xtec.cat\/escolamartamatabcn\/informacio-preinscripcions-curs-2026-2027\/","title":{"rendered":"Informaci\u00f3 preinscripcions curs 2026-2027"},"content":{"rendered":"<p><a href=\"https:\/\/preinscripcio.gencat.cat\/ca\/inici\/\"><img loading=\"lazy\" decoding=\"async\" class=\"aligncenter\" src=\"https:\/\/xtec.gencat.cat\/web\/.content\/home\/imatges\/832-x-468-preinscripcio-2026-2027.jpg_223078711.jpg\" width=\"427\" height=\"240\" \/><\/a><\/p>\n<h2><span style=\"color: #993366;\"><strong>CALENDARI<\/strong><\/span><\/h2>\n<ul>\n<li>Publicaci\u00f3 de l\u2019oferta inicial.\u00a0 \u00a0 \u00a0<a href=\"https:\/\/drive.google.com\/file\/d\/1oTGso-hfpbts30qvaWROm4HCTvE4voOy\/view?usp=sharing\">Llista oferta inicial de places<\/a>\u00a0 \u00a0<strong>3 de mar\u00e7<\/strong><\/li>\n<li>Presentaci\u00f3 de sol\u00b7licituds\u00a0 \u00a0<strong>Del 4 al 18 de mar\u00e7<\/strong><\/li>\n<li>Sol\u00b7licitud de preinscripci\u00f3 per a Educaci\u00f3 infantil (I3, I4, I5):\u00a0<a href=\"https:\/\/tramits.gencat.cat\/ca\/tramits\/tramits-temes\/perinscripcio-obligatoris?moda=1\">ENLLA\u00c7 SOL\u00b7LICITUD INFANTIL<\/a><\/li>\n<li>Sol\u00b7licitud de preinscripci\u00f3 per als cursos d\u2019ed. Prim\u00e0ria (1r, 2n, 3r, 4t, 5\u00e8, 6\u00e8):\u00a0<a href=\"https:\/\/tramits.gencat.cat\/ca\/tramits\/tramits-temes\/perinscripcio-obligatoris?&amp;moda=2\">ENLLA\u00c7 SOL\u00b7LICITUD PRIM\u00c0RIA<\/a><\/li>\n<li>Publicaci\u00f3 de la llista amb la puntuaci\u00f3 provisional.\u00a0 <strong>15 d\u2019abril\u00a0<\/strong><\/li>\n<li>Reclamacions a la puntuaci\u00f3 provisional.\u00a0 \u00a0<strong>Del 15 al 20 d\u2019abril<\/strong><\/li>\n<li>Publicaci\u00f3 de les llistes amb la puntuaci\u00f3 definitiva.\u00a0 Enlla\u00e7 al document\u00a0 \u00a0<strong>23 d\u2019abril<\/strong><\/li>\n<li>Sorteig del n\u00famero de desempat:\u00a0 \u00a0<strong>28 d\u2019abril\u00a0<\/strong><strong>\u00a0 \u00a0 \u00a0\u00a0<\/strong><\/li>\n<li>Publicaci\u00f3 de la llista ordenada definitiva.\u00a0 Enlla\u00e7 al document\u00a0 \u00a0<strong>29 d\u2019abril<\/strong><\/li>\n<li>Ampliaci\u00f3 de peticions per a alumnes que necessiten assignaci\u00f3 d\u2019ofici i no s\u2019han assignat per petici\u00f3 original\u00a0 \u00a0<strong>De l\u20191 al 3 de juny<\/strong><\/li>\n<li>Publicaci\u00f3 de l\u2019oferta final.\u00a0 Enlla\u00e7 al document\u00a0 \u00a0<strong>10 de juny<\/strong><\/li>\n<li>Publicaci\u00f3 de la llista d\u2019admesos i de la llista d\u2019espera\u00a0 \u00a0<strong>10 de juny<\/strong><\/li>\n<li>Per\u00edode de matr\u00edcula:\u00a0 \u00a0<strong>Del 22 al 30 de juny\u00a0<\/strong><\/li>\n<\/ul>\n<p>&nbsp;<\/p>\n","protected":false},"excerpt":{"rendered":"<p><a href=\"https:\/\/preinscripcio.gencat.cat\/ca\/inici\/\"><\/a><br \/>\nCALENDARI<\/p>\n<ul>\n<li>Publicaci\u00f3 de l\u2019oferta inicial.\u00a0 \u00a0 \u00a0<a href=\"https:\/\/drive.google.com\/file\/d\/1oTGso-hfpbts30qvaWROm4HCTvE4voOy\/view?usp=sharing\">Llista oferta inicial de places<\/a>\u00a0 \u00a03 de mar\u00e7<\/li>\n<li>Presentaci\u00f3 de sol\u00b7licituds\u00a0 \u00a0Del 4 al 18 de mar\u00e7<\/li>\n<li>Sol\u00b7licitud de preinscripci\u00f3 per a Educaci\u00f3 infantil (I3, I4, I5):\u00a0<a href=\"https:\/\/tramits.gencat.cat\/ca\/tramits\/tramits-temes\/perinscripcio-obligatoris?moda=1\">ENLLA\u00c7 SOL\u00b7LICITUD INFANTIL<\/a><\/li>\n<li>Sol\u00b7licitud de preinscripci\u00f3 per als cursos d\u2019ed. Prim\u00e0ria (1r, 2n, 3r,&hellip;  <a href=\"https:\/\/agora.xtec.cat\/escolamartamatabcn\/informacio-preinscripcions-curs-2026-2027\/\" title=\"Read Informaci\u00f3 preinscripcions curs 2026-2027\">Llegeix m\u00e9s\u00bb<\/a><br \/>\n","protected":false},"author":1,"featured_media":0,"parent":0,"menu_order":0,"comment_status":"closed","ping_status":"closed","template":"","meta":{"_bbp_topic_count":0,"_bbp_reply_count":0,"_bbp_total_topic_count":0,"_bbp_total_reply_count":0,"_bbp_voice_count":0,"_bbp_anonymous_reply_count":0,"_bbp_topic_count_hidden":0,"_bbp_reply_count_hidden":0,"_bbp_forum_subforum_count":0,"footnotes":""},"class_list":["post-21261","page","type-page","status-publish","hentry"],"post_mailing_queue_ids":[],"_links":{"self":[{"href":"https:\/\/agora.xtec.cat\/escolamartamatabcn\/wp-json\/wp\/v2\/pages\/21261","targetHints":{"allow":["GET"]}}],"collection":[{"href":"https:\/\/agora.xtec.cat\/escolamartamatabcn\/wp-json\/wp\/v2\/pages"}],"about":[{"href":"https:\/\/agora.xtec.cat\/escolamartamatabcn\/wp-json\/wp\/v2\/types\/page"}],"author":[{"embeddable":true,"href":"https:\/\/agora.xtec.cat\/escolamartamatabcn\/wp-json\/wp\/v2\/users\/1"}],"replies":[{"embeddable":true,"href":"https:\/\/agora.xtec.cat\/escolamartamatabcn\/wp-json\/wp\/v2\/comments?post=21261"}],"version-history":[{"count":6,"href":"https:\/\/agora.xtec.cat\/escolamartamatabcn\/wp-json\/wp\/v2\/pages\/21261\/revisions"}],"predecessor-version":[{"id":21360,"href":"https:\/\/agora.xtec.cat\/escolamartamatabcn\/wp-json\/wp\/v2\/pages\/21261\/revisions\/21360"}],"wp:attachment":[{"href":"https:\/\/agora.xtec.cat\/escolamartamatabcn\/wp-json\/wp\/v2\/media?parent=21261"}],"curies":[{"name":"wp","href":"https:\/\/api.w.org\/{rel}","templated":true}]}}