{"id":20772,"date":"2025-02-19T18:43:24","date_gmt":"2025-02-19T17:43:24","guid":{"rendered":"https:\/\/agora.xtec.cat\/escolamartamatabcn\/?page_id=20772"},"modified":"2025-02-19T18:59:11","modified_gmt":"2025-02-19T17:59:11","slug":"arts-and-crafts","status":"publish","type":"page","link":"https:\/\/agora.xtec.cat\/escolamartamatabcn\/lescola\/activitats-marta-mata\/arts-and-crafts\/","title":{"rendered":"Arts and crafts"},"content":{"rendered":"<p>A l\u2019escola treballem la pl\u00e0stica en angl\u00e8s i fem Arts and crafts. Fem diferents tallers internivell per a poder donar una atenci\u00f3 m\u00e9s personalitzada, ajustant-nos a les necessitats de cada alumne i fomentant la seva creativitat.<\/p>\n<p>Creem obres utilitzant diversos materials, t\u00e8cniques i composicions, alhora que descobrim artistes i cultures de tot el m\u00f3n. A m\u00e9s, aprofitem aquestes activitats per repassar vocabulari i estructures en angl\u00e8s.<\/p>\n<p>Aquest curs, el projecte <em>Arts and Crafts<\/em> se centra en el tema <em>\u201cArt in Nature\u201d<\/em>, que explora la connexi\u00f3 entre l\u2019art i la natura. A final de curs, durant la setmana cultural, recollim totes les produccions en un museu escolar, i grups d\u2019experts presenten les seves creacions en angl\u00e8s, compartint les seves propostes amb la resta de companys i companyes.<\/p>\n<p>Aquesta metodologia permet als infants no nom\u00e9s desenvolupar les seves habilitats creatives, sin\u00f3 tamb\u00e9 practicar l&#8217;idioma de manera divertida i significativa.<\/p>\n<p><a href=\"https:\/\/agora.xtec.cat\/escolamartamatabcn\/wp-content\/uploads\/usu1945\/2025\/02\/Arts-and-crafts-pagina.png\"><img loading=\"lazy\" decoding=\"async\" class=\"alignnone size-full wp-image-20775\" src=\"https:\/\/agora.xtec.cat\/escolamartamatabcn\/wp-content\/uploads\/usu1945\/2025\/02\/Arts-and-crafts-pagina.png\" alt=\"\" width=\"1807\" height=\"508\" srcset=\"https:\/\/agora.xtec.cat\/escolamartamatabcn\/wp-content\/uploads\/usu1945\/2025\/02\/Arts-and-crafts-pagina.png 1807w, https:\/\/agora.xtec.cat\/escolamartamatabcn\/wp-content\/uploads\/usu1945\/2025\/02\/Arts-and-crafts-pagina-300x84.png 300w, https:\/\/agora.xtec.cat\/escolamartamatabcn\/wp-content\/uploads\/usu1945\/2025\/02\/Arts-and-crafts-pagina-1024x288.png 1024w, https:\/\/agora.xtec.cat\/escolamartamatabcn\/wp-content\/uploads\/usu1945\/2025\/02\/Arts-and-crafts-pagina-768x216.png 768w, https:\/\/agora.xtec.cat\/escolamartamatabcn\/wp-content\/uploads\/usu1945\/2025\/02\/Arts-and-crafts-pagina-1536x432.png 1536w\" sizes=\"auto, (max-width: 1807px) 100vw, 1807px\" \/><\/a><\/p>\n<p>&nbsp;<\/p>\n","protected":false},"excerpt":{"rendered":"<p>A l\u2019escola treballem la pl\u00e0stica en angl\u00e8s i fem Arts and crafts. Fem diferents tallers internivell per a poder donar una atenci\u00f3 m\u00e9s personalitzada, ajustant-nos a les necessitats de cada alumne i fomentant la seva creativitat.<br \/>\nCreem obres utilitzant diversos materials, t\u00e8cniques i composicions, alhora que&hellip;  <a href=\"https:\/\/agora.xtec.cat\/escolamartamatabcn\/lescola\/activitats-marta-mata\/arts-and-crafts\/\" title=\"Read Arts and crafts\">Llegeix m\u00e9s\u00bb<\/a><\/p>\n","protected":false},"author":1,"featured_media":0,"parent":18083,"menu_order":0,"comment_status":"closed","ping_status":"closed","template":"","meta":{"_bbp_topic_count":0,"_bbp_reply_count":0,"_bbp_total_topic_count":0,"_bbp_total_reply_count":0,"_bbp_voice_count":0,"_bbp_anonymous_reply_count":0,"_bbp_topic_count_hidden":0,"_bbp_reply_count_hidden":0,"_bbp_forum_subforum_count":0,"footnotes":""},"class_list":["post-20772","page","type-page","status-publish","hentry"],"post_mailing_queue_ids":[],"_links":{"self":[{"href":"https:\/\/agora.xtec.cat\/escolamartamatabcn\/wp-json\/wp\/v2\/pages\/20772","targetHints":{"allow":["GET"]}}],"collection":[{"href":"https:\/\/agora.xtec.cat\/escolamartamatabcn\/wp-json\/wp\/v2\/pages"}],"about":[{"href":"https:\/\/agora.xtec.cat\/escolamartamatabcn\/wp-json\/wp\/v2\/types\/page"}],"author":[{"embeddable":true,"href":"https:\/\/agora.xtec.cat\/escolamartamatabcn\/wp-json\/wp\/v2\/users\/1"}],"replies":[{"embeddable":true,"href":"https:\/\/agora.xtec.cat\/escolamartamatabcn\/wp-json\/wp\/v2\/comments?post=20772"}],"version-history":[{"count":2,"href":"https:\/\/agora.xtec.cat\/escolamartamatabcn\/wp-json\/wp\/v2\/pages\/20772\/revisions"}],"predecessor-version":[{"id":20776,"href":"https:\/\/agora.xtec.cat\/escolamartamatabcn\/wp-json\/wp\/v2\/pages\/20772\/revisions\/20776"}],"up":[{"embeddable":true,"href":"https:\/\/agora.xtec.cat\/escolamartamatabcn\/wp-json\/wp\/v2\/pages\/18083"}],"wp:attachment":[{"href":"https:\/\/agora.xtec.cat\/escolamartamatabcn\/wp-json\/wp\/v2\/media?parent=20772"}],"curies":[{"name":"wp","href":"https:\/\/api.w.org\/{rel}","templated":true}]}}