{"id":20714,"date":"2025-02-12T18:40:34","date_gmt":"2025-02-12T17:40:34","guid":{"rendered":"https:\/\/agora.xtec.cat\/escolamartamatabcn\/?page_id=20714"},"modified":"2025-02-12T18:42:48","modified_gmt":"2025-02-12T17:42:48","slug":"prego-dels-infants","status":"publish","type":"page","link":"https:\/\/agora.xtec.cat\/escolamartamatabcn\/prego-dels-infants\/","title":{"rendered":"Preg\u00f3 dels infants"},"content":{"rendered":"<p>El preg\u00f3 dels infants a les Festes de Santa Eul\u00e0lia \u00e9s un projecte educatiu liderat per l&#8217;Ajuntament de Barcelona, adre\u00e7at als infants de 3r, 4t, 5\u00e8 i 6\u00e8, encara que a l&#8217;escola ho fem a 4t de prim\u00e0ria, de les escoles ordin\u00e0ries i d&#8217;educaci\u00f3 especial de la ciutat, per a la promoci\u00f3 i la difusi\u00f3 dels drets dels infants.<\/p>\n<p><a href=\"https:\/\/agora.xtec.cat\/escolamartamatabcn\/wp-content\/uploads\/usu1945\/2025\/02\/prego-dels-infants-1.png\"><img loading=\"lazy\" decoding=\"async\" class=\"size-full wp-image-20715 aligncenter\" src=\"https:\/\/agora.xtec.cat\/escolamartamatabcn\/wp-content\/uploads\/usu1945\/2025\/02\/prego-dels-infants-1.png\" alt=\"\" width=\"369\" height=\"370\" srcset=\"https:\/\/agora.xtec.cat\/escolamartamatabcn\/wp-content\/uploads\/usu1945\/2025\/02\/prego-dels-infants-1.png 369w, https:\/\/agora.xtec.cat\/escolamartamatabcn\/wp-content\/uploads\/usu1945\/2025\/02\/prego-dels-infants-1-300x300.png 300w, https:\/\/agora.xtec.cat\/escolamartamatabcn\/wp-content\/uploads\/usu1945\/2025\/02\/prego-dels-infants-1-150x150.png 150w\" sizes=\"auto, (max-width: 369px) 100vw, 369px\" \/><\/a><\/p>\n","protected":false},"excerpt":{"rendered":"<p>El preg\u00f3 dels infants a les Festes de Santa Eul\u00e0lia \u00e9s un projecte educatiu liderat per l&#8217;Ajuntament de Barcelona, adre\u00e7at als infants de 3r, 4t, 5\u00e8 i 6\u00e8, encara que a l&#8217;escola ho fem a 4t de prim\u00e0ria, de les escoles ordin\u00e0ries i d&#8217;educaci\u00f3 especial&hellip;  <a href=\"https:\/\/agora.xtec.cat\/escolamartamatabcn\/prego-dels-infants\/\" title=\"Read Preg\u00f3 dels infants\">Llegeix m\u00e9s\u00bb<\/a><\/p>\n","protected":false},"author":1,"featured_media":0,"parent":0,"menu_order":0,"comment_status":"closed","ping_status":"closed","template":"","meta":{"_bbp_topic_count":0,"_bbp_reply_count":0,"_bbp_total_topic_count":0,"_bbp_total_reply_count":0,"_bbp_voice_count":0,"_bbp_anonymous_reply_count":0,"_bbp_topic_count_hidden":0,"_bbp_reply_count_hidden":0,"_bbp_forum_subforum_count":0,"footnotes":""},"class_list":["post-20714","page","type-page","status-publish","hentry"],"post_mailing_queue_ids":[],"_links":{"self":[{"href":"https:\/\/agora.xtec.cat\/escolamartamatabcn\/wp-json\/wp\/v2\/pages\/20714","targetHints":{"allow":["GET"]}}],"collection":[{"href":"https:\/\/agora.xtec.cat\/escolamartamatabcn\/wp-json\/wp\/v2\/pages"}],"about":[{"href":"https:\/\/agora.xtec.cat\/escolamartamatabcn\/wp-json\/wp\/v2\/types\/page"}],"author":[{"embeddable":true,"href":"https:\/\/agora.xtec.cat\/escolamartamatabcn\/wp-json\/wp\/v2\/users\/1"}],"replies":[{"embeddable":true,"href":"https:\/\/agora.xtec.cat\/escolamartamatabcn\/wp-json\/wp\/v2\/comments?post=20714"}],"version-history":[{"count":1,"href":"https:\/\/agora.xtec.cat\/escolamartamatabcn\/wp-json\/wp\/v2\/pages\/20714\/revisions"}],"predecessor-version":[{"id":20716,"href":"https:\/\/agora.xtec.cat\/escolamartamatabcn\/wp-json\/wp\/v2\/pages\/20714\/revisions\/20716"}],"wp:attachment":[{"href":"https:\/\/agora.xtec.cat\/escolamartamatabcn\/wp-json\/wp\/v2\/media?parent=20714"}],"curies":[{"name":"wp","href":"https:\/\/api.w.org\/{rel}","templated":true}]}}