{"id":20691,"date":"2025-02-11T18:49:05","date_gmt":"2025-02-11T17:49:05","guid":{"rendered":"https:\/\/agora.xtec.cat\/escolamartamatabcn\/?page_id=20691"},"modified":"2025-02-11T18:49:05","modified_gmt":"2025-02-11T17:49:05","slug":"petits-talents-cientifics","status":"publish","type":"page","link":"https:\/\/agora.xtec.cat\/escolamartamatabcn\/lescola\/innovacio\/petits-talents-cientifics\/","title":{"rendered":"Petits talents cient\u00edfics"},"content":{"rendered":"<p>L&#8217;escola Marta Mata s&#8217;introdueix en el m\u00f3n de l ci\u00e8ncia amb el programa Petits Talents Cient\u00edfics. Un programa per fomentar l&#8217;experimentaci\u00f3, la indagaci\u00f3 i la descoberta en l&#8217;aprenentatge de les ci\u00e8ncies de l&#8217;alumnat d&#8217;educaci\u00f3 prim\u00e0ria, en concret ho realitzen l&#8217;alumnat de 3r i 5\u00e8 de prim\u00e0ria.<br \/>\nCada any ens plantegen temes diferents de ci\u00e8ncies, que durant el curs es van realitzant i al mes de maig es presenta a Cosmocaixa davant d&#8217;altres escoles de Barcelona.<br \/>\nEncara que nom\u00e9s exposen pocs infants, tots participen d&#8217;alguna manera o d&#8217;altra i sobretot, aprenen molt de ci\u00e8ncia.<\/p>\n<p><a href=\"https:\/\/agora.xtec.cat\/escolamartamatabcn\/wp-content\/uploads\/usu1945\/2022\/05\/Petits-Talents-3.jpg\"><img loading=\"lazy\" decoding=\"async\" class=\"size-full wp-image-18653 aligncenter\" src=\"https:\/\/agora.xtec.cat\/escolamartamatabcn\/wp-content\/uploads\/usu1945\/2022\/05\/Petits-Talents-3.jpg\" alt=\"\" width=\"480\" height=\"270\" srcset=\"https:\/\/agora.xtec.cat\/escolamartamatabcn\/wp-content\/uploads\/usu1945\/2022\/05\/Petits-Talents-3.jpg 480w, https:\/\/agora.xtec.cat\/escolamartamatabcn\/wp-content\/uploads\/usu1945\/2022\/05\/Petits-Talents-3-300x169.jpg 300w\" sizes=\"auto, (max-width: 480px) 100vw, 480px\" \/><\/a><\/p>\n","protected":false},"excerpt":{"rendered":"<p>L&#8217;escola Marta Mata s&#8217;introdueix en el m\u00f3n de l ci\u00e8ncia amb el programa Petits Talents Cient\u00edfics. Un programa per fomentar l&#8217;experimentaci\u00f3, la indagaci\u00f3 i la descoberta en l&#8217;aprenentatge de les ci\u00e8ncies de l&#8217;alumnat d&#8217;educaci\u00f3 prim\u00e0ria, en concret ho realitzen l&#8217;alumnat de 3r i 5\u00e8 de&hellip;  <a href=\"https:\/\/agora.xtec.cat\/escolamartamatabcn\/lescola\/innovacio\/petits-talents-cientifics\/\" title=\"Read Petits talents cient\u00edfics\">Llegeix m\u00e9s\u00bb<\/a><\/p>\n","protected":false},"author":1,"featured_media":0,"parent":1602,"menu_order":0,"comment_status":"closed","ping_status":"closed","template":"","meta":{"_bbp_topic_count":0,"_bbp_reply_count":0,"_bbp_total_topic_count":0,"_bbp_total_reply_count":0,"_bbp_voice_count":0,"_bbp_anonymous_reply_count":0,"_bbp_topic_count_hidden":0,"_bbp_reply_count_hidden":0,"_bbp_forum_subforum_count":0,"footnotes":""},"class_list":["post-20691","page","type-page","status-publish","hentry"],"post_mailing_queue_ids":[],"_links":{"self":[{"href":"https:\/\/agora.xtec.cat\/escolamartamatabcn\/wp-json\/wp\/v2\/pages\/20691","targetHints":{"allow":["GET"]}}],"collection":[{"href":"https:\/\/agora.xtec.cat\/escolamartamatabcn\/wp-json\/wp\/v2\/pages"}],"about":[{"href":"https:\/\/agora.xtec.cat\/escolamartamatabcn\/wp-json\/wp\/v2\/types\/page"}],"author":[{"embeddable":true,"href":"https:\/\/agora.xtec.cat\/escolamartamatabcn\/wp-json\/wp\/v2\/users\/1"}],"replies":[{"embeddable":true,"href":"https:\/\/agora.xtec.cat\/escolamartamatabcn\/wp-json\/wp\/v2\/comments?post=20691"}],"version-history":[{"count":1,"href":"https:\/\/agora.xtec.cat\/escolamartamatabcn\/wp-json\/wp\/v2\/pages\/20691\/revisions"}],"predecessor-version":[{"id":20692,"href":"https:\/\/agora.xtec.cat\/escolamartamatabcn\/wp-json\/wp\/v2\/pages\/20691\/revisions\/20692"}],"up":[{"embeddable":true,"href":"https:\/\/agora.xtec.cat\/escolamartamatabcn\/wp-json\/wp\/v2\/pages\/1602"}],"wp:attachment":[{"href":"https:\/\/agora.xtec.cat\/escolamartamatabcn\/wp-json\/wp\/v2\/media?parent=20691"}],"curies":[{"name":"wp","href":"https:\/\/api.w.org\/{rel}","templated":true}]}}