{"id":20640,"date":"2025-02-08T11:05:58","date_gmt":"2025-02-08T10:05:58","guid":{"rendered":"https:\/\/agora.xtec.cat\/escolamartamatabcn\/?page_id=20640"},"modified":"2025-02-08T11:05:58","modified_gmt":"2025-02-08T10:05:58","slug":"robotica","status":"publish","type":"page","link":"https:\/\/agora.xtec.cat\/escolamartamatabcn\/documents\/estrategia-digital\/robotica\/","title":{"rendered":"Rob\u00f2tica"},"content":{"rendered":"<p><b>La programaci\u00f3 i la rob\u00f2tica educativa<\/b>\u00a0\u00e9s un sistema d\u2019ensenyament basat en el constructivisme\u00a0que permet\u00a0afavorir la creaci\u00f3 de nous escenaris d\u2019aula on l\u2019alumnat \u00e9s\u00a0protagonista actiu i reflexiu del seu aprenentatge a trav\u00e9s del disseny i l\u2019elaboraci\u00f3 de creacions pr\u00f2pies, i on es potencia el desenvolupament de les seves habilitats i compet\u00e8ncies.<\/p>\n<p>La\u00a0<strong>Rob\u00f2tica Educativa<\/strong>\u00a0\u00e9s transversal i interdisciplin\u00e0ria perqu\u00e8 abasta diferents \u00e0rees del curr\u00edculum. Aix\u00ed, amb continguts ben estructurats, es poden treballar continguts de ci\u00e8ncies, tecnologia, enginyeria (construcci\u00f3) i matem\u00e0tica, de l\u2019\u00e0mbit de les\u00a0<strong>STEM<\/strong>\u00a0(sigles en angl\u00e8s de Science, Technology, Engineering, Mathematics), aix\u00ed com \u00e0rees de llengua i, tamb\u00e9, el pluriling\u00fcisme.<\/p>\n<p>Desenvolupar les capacitats creatives i d\u2019organitzaci\u00f3, fomentar el treball en grup, promoure la necessitat d\u2019experimentar, de descobrir noves habilitats i l\u2019inter\u00e8s per investigar s\u00f3n alguns dels objectius de la rob\u00f2tica educativa, fent especial \u00e8mfasi en aspectes com:<\/p>\n<p><a href=\"https:\/\/agora.xtec.cat\/escolamartamatabcn\/wp-content\/uploads\/usu1945\/2025\/02\/Robotica.png\"><img loading=\"lazy\" decoding=\"async\" class=\"alignnone size-full wp-image-20641\" src=\"https:\/\/agora.xtec.cat\/escolamartamatabcn\/wp-content\/uploads\/usu1945\/2025\/02\/Robotica.png\" alt=\"\" width=\"2000\" height=\"544\" srcset=\"https:\/\/agora.xtec.cat\/escolamartamatabcn\/wp-content\/uploads\/usu1945\/2025\/02\/Robotica.png 2000w, https:\/\/agora.xtec.cat\/escolamartamatabcn\/wp-content\/uploads\/usu1945\/2025\/02\/Robotica-300x82.png 300w, https:\/\/agora.xtec.cat\/escolamartamatabcn\/wp-content\/uploads\/usu1945\/2025\/02\/Robotica-1024x279.png 1024w, https:\/\/agora.xtec.cat\/escolamartamatabcn\/wp-content\/uploads\/usu1945\/2025\/02\/Robotica-768x209.png 768w, https:\/\/agora.xtec.cat\/escolamartamatabcn\/wp-content\/uploads\/usu1945\/2025\/02\/Robotica-1536x418.png 1536w\" sizes=\"auto, (max-width: 2000px) 100vw, 2000px\" \/><\/a><\/p>\n<ul>\n<li><strong>Treball en equip<\/strong>, aprenent que, generalment, les solucions als reptes trobades en grup solen ser millors, m\u00e9s efectives, que les solucions pensades individualment.<\/li>\n<li><strong>Lideratge<\/strong>, en fer que l\u2019alumne, al veure\u2019s\u00a0capa\u00e7 de resoldre reptes cada vegada m\u00e9s complexos, tingui la confian\u00e7a en si mateix necess\u00e0ria per ser capdavantera en el futur.<\/li>\n<li><strong>Aprenentatge a partir dels errors<\/strong>.\u00a0S\u2019apr\u00e8n tamb\u00e9 a com manejar el sentiment de frustraci\u00f3 que suposa el plantejar solucions err\u00f2nies. L\u2019error forma part del proc\u00e9s d\u2019aprenentatge, perqu\u00e8 el con\u00e8ixer les solucions err\u00f2nies aporta informaci\u00f3 molt valuosa per no cometre els errors en futurs reptes.<\/li>\n<li><strong>Autonomia i emprenedoria<\/strong>. Es fomenta en els nens la llibertat de provar els seus l\u00edmits i de dominar les seves pors a l\u2019hora d\u2019iniciar un repte nou. Aprendre fent, desenvolupar aptituds i habilitats \u00fatils per crear, innovar i pensar de forma aut\u00f2noma.<\/li>\n<li><strong>Aprendre jugant<\/strong>. La rob\u00f2tica implica un component l\u00fadic, intr\u00ednsec a la construcci\u00f3 de models\u00a0i a la discussi\u00f3 de les millors solucions amb altres alumnes. Aquest component l\u00fadic fa que sigui una activitat ideal des del punt de vista dels infants.<\/li>\n<\/ul>\n","protected":false},"excerpt":{"rendered":"<p>La programaci\u00f3 i la rob\u00f2tica educativa\u00a0\u00e9s un sistema d\u2019ensenyament basat en el constructivisme\u00a0que permet\u00a0afavorir la creaci\u00f3 de nous escenaris d\u2019aula on l\u2019alumnat \u00e9s\u00a0protagonista actiu i reflexiu del seu aprenentatge a trav\u00e9s del disseny i l\u2019elaboraci\u00f3 de creacions pr\u00f2pies, i on es potencia el desenvolupament de&hellip;  <a href=\"https:\/\/agora.xtec.cat\/escolamartamatabcn\/documents\/estrategia-digital\/robotica\/\" title=\"Read Rob\u00f2tica\">Llegeix m\u00e9s\u00bb<\/a><\/p>\n","protected":false},"author":1,"featured_media":0,"parent":19272,"menu_order":0,"comment_status":"closed","ping_status":"closed","template":"","meta":{"_bbp_topic_count":0,"_bbp_reply_count":0,"_bbp_total_topic_count":0,"_bbp_total_reply_count":0,"_bbp_voice_count":0,"_bbp_anonymous_reply_count":0,"_bbp_topic_count_hidden":0,"_bbp_reply_count_hidden":0,"_bbp_forum_subforum_count":0,"footnotes":""},"class_list":["post-20640","page","type-page","status-publish","hentry"],"post_mailing_queue_ids":[],"_links":{"self":[{"href":"https:\/\/agora.xtec.cat\/escolamartamatabcn\/wp-json\/wp\/v2\/pages\/20640","targetHints":{"allow":["GET"]}}],"collection":[{"href":"https:\/\/agora.xtec.cat\/escolamartamatabcn\/wp-json\/wp\/v2\/pages"}],"about":[{"href":"https:\/\/agora.xtec.cat\/escolamartamatabcn\/wp-json\/wp\/v2\/types\/page"}],"author":[{"embeddable":true,"href":"https:\/\/agora.xtec.cat\/escolamartamatabcn\/wp-json\/wp\/v2\/users\/1"}],"replies":[{"embeddable":true,"href":"https:\/\/agora.xtec.cat\/escolamartamatabcn\/wp-json\/wp\/v2\/comments?post=20640"}],"version-history":[{"count":1,"href":"https:\/\/agora.xtec.cat\/escolamartamatabcn\/wp-json\/wp\/v2\/pages\/20640\/revisions"}],"predecessor-version":[{"id":20642,"href":"https:\/\/agora.xtec.cat\/escolamartamatabcn\/wp-json\/wp\/v2\/pages\/20640\/revisions\/20642"}],"up":[{"embeddable":true,"href":"https:\/\/agora.xtec.cat\/escolamartamatabcn\/wp-json\/wp\/v2\/pages\/19272"}],"wp:attachment":[{"href":"https:\/\/agora.xtec.cat\/escolamartamatabcn\/wp-json\/wp\/v2\/media?parent=20640"}],"curies":[{"name":"wp","href":"https:\/\/api.w.org\/{rel}","templated":true}]}}