{"id":20633,"date":"2025-02-08T10:38:20","date_gmt":"2025-02-08T09:38:20","guid":{"rendered":"https:\/\/agora.xtec.cat\/escolamartamatabcn\/?page_id=20633"},"modified":"2025-02-10T18:32:21","modified_gmt":"2025-02-10T17:32:21","slug":"cinema-en-curs","status":"publish","type":"page","link":"https:\/\/agora.xtec.cat\/escolamartamatabcn\/lescola\/innovacio\/cinema-en-curs\/","title":{"rendered":"Cinema en curs"},"content":{"rendered":"<p>Aquest curs a l&#8217;escola s&#8217;ha comen\u00e7at un projecte molt interessant que es diu Cinema en curs.<\/p>\n<p>\u2018Cinema en curs\u2019 \u00e9s un programa de pedagogia del cinema i amb el cinema a escoles i instituts.<\/p>\n<p>Iniciat el 2005 a Catalunya, actualment tamb\u00e9 es desenvolupa a Gal\u00edcia, Madrid, Euskadi, Argentina, Xile i\u00a0Alemanya.<\/p>\n<p>\u2018Cinema en curs\u2019 t\u00e9 dos grans objectius:<\/p>\n<p>&#8211; Propiciar el descobriment per part de nens i joves del cinema ent\u00e8s com a art, creaci\u00f3 i cultura.<br \/>\n&#8211; Desenvolupar les pot\u00e8ncies pedag\u00f2giques de la creaci\u00f3 cinematogr\u00e0fica en el context educatiu.<\/p>\n<p><a href=\"https:\/\/www.cinemaencurs.org\/\"><img loading=\"lazy\" decoding=\"async\" class=\"size-full wp-image-20634 aligncenter\" src=\"https:\/\/agora.xtec.cat\/escolamartamatabcn\/wp-content\/uploads\/usu1945\/2025\/02\/Logo.png\" alt=\"\" width=\"543\" height=\"132\" srcset=\"https:\/\/agora.xtec.cat\/escolamartamatabcn\/wp-content\/uploads\/usu1945\/2025\/02\/Logo.png 543w, https:\/\/agora.xtec.cat\/escolamartamatabcn\/wp-content\/uploads\/usu1945\/2025\/02\/Logo-300x73.png 300w\" sizes=\"auto, (max-width: 543px) 100vw, 543px\" \/><\/a><\/p>\n","protected":false},"excerpt":{"rendered":"<p>Aquest curs a l&#8217;escola s&#8217;ha comen\u00e7at un projecte molt interessant que es diu Cinema en curs.<br \/>\n\u2018Cinema en curs\u2019 \u00e9s un programa de pedagogia del cinema i amb el cinema a escoles i instituts.<br \/>\nIniciat el 2005 a Catalunya, actualment tamb\u00e9 es desenvolupa a Gal\u00edcia, Madrid, Euskadi,&hellip;  <a href=\"https:\/\/agora.xtec.cat\/escolamartamatabcn\/lescola\/innovacio\/cinema-en-curs\/\" title=\"Read Cinema en curs\">Llegeix m\u00e9s\u00bb<\/a><\/p>\n","protected":false},"author":1,"featured_media":0,"parent":1602,"menu_order":0,"comment_status":"closed","ping_status":"closed","template":"","meta":{"_bbp_topic_count":0,"_bbp_reply_count":0,"_bbp_total_topic_count":0,"_bbp_total_reply_count":0,"_bbp_voice_count":0,"_bbp_anonymous_reply_count":0,"_bbp_topic_count_hidden":0,"_bbp_reply_count_hidden":0,"_bbp_forum_subforum_count":0,"footnotes":""},"class_list":["post-20633","page","type-page","status-publish","hentry"],"post_mailing_queue_ids":[],"_links":{"self":[{"href":"https:\/\/agora.xtec.cat\/escolamartamatabcn\/wp-json\/wp\/v2\/pages\/20633","targetHints":{"allow":["GET"]}}],"collection":[{"href":"https:\/\/agora.xtec.cat\/escolamartamatabcn\/wp-json\/wp\/v2\/pages"}],"about":[{"href":"https:\/\/agora.xtec.cat\/escolamartamatabcn\/wp-json\/wp\/v2\/types\/page"}],"author":[{"embeddable":true,"href":"https:\/\/agora.xtec.cat\/escolamartamatabcn\/wp-json\/wp\/v2\/users\/1"}],"replies":[{"embeddable":true,"href":"https:\/\/agora.xtec.cat\/escolamartamatabcn\/wp-json\/wp\/v2\/comments?post=20633"}],"version-history":[{"count":1,"href":"https:\/\/agora.xtec.cat\/escolamartamatabcn\/wp-json\/wp\/v2\/pages\/20633\/revisions"}],"predecessor-version":[{"id":20635,"href":"https:\/\/agora.xtec.cat\/escolamartamatabcn\/wp-json\/wp\/v2\/pages\/20633\/revisions\/20635"}],"up":[{"embeddable":true,"href":"https:\/\/agora.xtec.cat\/escolamartamatabcn\/wp-json\/wp\/v2\/pages\/1602"}],"wp:attachment":[{"href":"https:\/\/agora.xtec.cat\/escolamartamatabcn\/wp-json\/wp\/v2\/media?parent=20633"}],"curies":[{"name":"wp","href":"https:\/\/api.w.org\/{rel}","templated":true}]}}