{"id":20603,"date":"2025-02-07T13:10:17","date_gmt":"2025-02-07T12:10:17","guid":{"rendered":"https:\/\/agora.xtec.cat\/escolamartamatabcn\/?page_id=20603"},"modified":"2025-02-07T13:10:17","modified_gmt":"2025-02-07T12:10:17","slug":"que-fem","status":"publish","type":"page","link":"https:\/\/agora.xtec.cat\/escolamartamatabcn\/lescola\/que-fem\/","title":{"rendered":"Qu\u00e8 fem?"},"content":{"rendered":"<p><strong>ACOLLIM <\/strong><\/p>\n<p>Situem a l\u2019infant en el centre i l\u2019estimem: \u00e9s el nostre primer objectiu.<\/p>\n<p><strong>TEIXIM&#8230;<\/strong><\/p>\n<p>&#8230;Un projecte educatiu\u00a0 innovador i de qualitat. Treballem amb metodologies actives, per\u00f2 tamb\u00e9 ens agrada la sistematitzaci\u00f3.<\/p>\n<p>&#8230;Una escola familiar, oberta, alegre i participativa.<\/p>\n<p>&#8230;Camins de sabers que generin aprenentatges valuosos.<\/p>\n<p>&#8230;Experi\u00e8ncies educatives enriquidores i motivadores, aprenent de l\u2019entorn i aprofitant el que ens envolta.<\/p>\n<p>&#8230;Espais de jocs, de somnis, de riures, d\u2019art, d\u2019esport, de ci\u00e8ncia, de tecnologia.<\/p>\n<p>&#8230;Reptes que facin a cada infant protagonista del seu aprenentatge i que el portin a que tot all\u00f2 que aprengui li serveixi per a qualsevol moment de la seva vida.<\/p>\n<p>&#8230;Respostes a les necessitats i als interessos dels infants perqu\u00e8 siguin inquiets, curiosos, aut\u00f2noms, participatius, cr\u00edtics, comunicatius i emp\u00e0tics.<\/p>\n<p>&#8230;Modelatge com acci\u00f3 educativa de valors, actituds i emocions.<\/p>\n<p>&#8230;Comprom\u00eds amb l\u2019educaci\u00f3 i l\u2019acompanyament. Comprom\u00eds d\u2019educar en el comprom\u00eds.<\/p>\n<p>&#8230;Vincles, relacions i complicitats que fan de nosaltres, m\u00e9s que una comunitat educativa, una gran fam\u00edlia.<\/p>\n<p>&#8230;Celebracions, tradicions, festes i jornades art\u00edstiques, culturals, cient\u00edfiques i esportives. Alegria, diversi\u00f3, diversitat. Oportunitat per promoure una conviv\u00e8ncia respectuosa.<\/p>\n<p>&#8230;Xarxa amb l\u2019entorn: el nostre barri, el districte, la ciutat&#8230;ampliem les oportunitats educatives i col\u00b7laborem amb la nostra societat.<\/p>\n<p>&#8230;Agra\u00efment per la feina de cadasc\u00fa i cadascuna de les persones que treballem a l\u2019escola.<\/p>\n","protected":false},"excerpt":{"rendered":"<p>ACOLLIM<br \/>\nSituem a l\u2019infant en el centre i l\u2019estimem: \u00e9s el nostre primer objectiu.<br \/>\nTEIXIM&#8230;<br \/>\n&#8230;Un projecte educatiu\u00a0 innovador i de qualitat. Treballem amb metodologies actives, per\u00f2 tamb\u00e9 ens agrada la sistematitzaci\u00f3.<br \/>\n&#8230;Una escola familiar, oberta, alegre i participativa.<br \/>\n&#8230;Camins de sabers que generin aprenentatges valuosos.<br \/>\n&#8230;Experi\u00e8ncies educatives enriquidores i&hellip;  <a href=\"https:\/\/agora.xtec.cat\/escolamartamatabcn\/lescola\/que-fem\/\" title=\"Read Qu\u00e8 fem?\">Llegeix m\u00e9s\u00bb<\/a><\/p>\n","protected":false},"author":1,"featured_media":0,"parent":22,"menu_order":0,"comment_status":"closed","ping_status":"closed","template":"","meta":{"_bbp_topic_count":0,"_bbp_reply_count":0,"_bbp_total_topic_count":0,"_bbp_total_reply_count":0,"_bbp_voice_count":0,"_bbp_anonymous_reply_count":0,"_bbp_topic_count_hidden":0,"_bbp_reply_count_hidden":0,"_bbp_forum_subforum_count":0,"footnotes":""},"class_list":["post-20603","page","type-page","status-publish","hentry"],"post_mailing_queue_ids":[],"_links":{"self":[{"href":"https:\/\/agora.xtec.cat\/escolamartamatabcn\/wp-json\/wp\/v2\/pages\/20603","targetHints":{"allow":["GET"]}}],"collection":[{"href":"https:\/\/agora.xtec.cat\/escolamartamatabcn\/wp-json\/wp\/v2\/pages"}],"about":[{"href":"https:\/\/agora.xtec.cat\/escolamartamatabcn\/wp-json\/wp\/v2\/types\/page"}],"author":[{"embeddable":true,"href":"https:\/\/agora.xtec.cat\/escolamartamatabcn\/wp-json\/wp\/v2\/users\/1"}],"replies":[{"embeddable":true,"href":"https:\/\/agora.xtec.cat\/escolamartamatabcn\/wp-json\/wp\/v2\/comments?post=20603"}],"version-history":[{"count":1,"href":"https:\/\/agora.xtec.cat\/escolamartamatabcn\/wp-json\/wp\/v2\/pages\/20603\/revisions"}],"predecessor-version":[{"id":20604,"href":"https:\/\/agora.xtec.cat\/escolamartamatabcn\/wp-json\/wp\/v2\/pages\/20603\/revisions\/20604"}],"up":[{"embeddable":true,"href":"https:\/\/agora.xtec.cat\/escolamartamatabcn\/wp-json\/wp\/v2\/pages\/22"}],"wp:attachment":[{"href":"https:\/\/agora.xtec.cat\/escolamartamatabcn\/wp-json\/wp\/v2\/media?parent=20603"}],"curies":[{"name":"wp","href":"https:\/\/api.w.org\/{rel}","templated":true}]}}