{"id":19933,"date":"2024-04-09T18:02:38","date_gmt":"2024-04-09T16:02:38","guid":{"rendered":"https:\/\/agora.xtec.cat\/escolamartamatabcn\/?page_id=19933"},"modified":"2024-04-09T18:02:38","modified_gmt":"2024-04-09T16:02:38","slug":"pmoe-proa-2","status":"publish","type":"page","link":"https:\/\/agora.xtec.cat\/escolamartamatabcn\/pmoe-proa-2\/","title":{"rendered":"PMOE PROA +"},"content":{"rendered":"<div>\n<div class=\"entradeta__wrapper\">\n<div class=\"row\">\n<div class=\"basic_text_peq col-xs-12\">\n<div class=\"pd-15x link-dotted\" data-crawling=\"principal-body\">\n<p>El Pla t\u00e9 com a destinatari l&#8217;alumnat d&#8217;educaci\u00f3 infantil, prim\u00e0ria, secund\u00e0ria i formaci\u00f3 professional de grau b\u00e0sic, dels centres del Servei d&#8217;Educaci\u00f3 de Catalunya amb m\u00e9s complexitat educativa derivada de les condicions socioecon\u00f2miques desafavorides de l&#8217;alumnat, d&#8217;acord amb el darrer estudi de complexitat del Consell Superior d&#8217;Avaluaci\u00f3 del Sistema Educatiu elaborat l&#8217;any 2020.<\/p>\n<\/div>\n<\/div>\n<\/div>\n<\/div>\n<\/div>\n<div class=\"blocs-res\" data-crawling=\"blocks\">\n<div class=\"blocs\">\n<div class=\"row\">\n<h2 class=\"basic_title col-sm-12 pd-10\">Objectius generals<\/h2>\n<div class=\"col-xs-12 columna_esquerra\">\n<div class=\"cos_bloc basic_text_peq pd-15 link-dotted\">\n<ul>\n<li>Contribuir a la millora de l&#8217;equitat en l&#8217;acc\u00e9s a oportunitats educatives i a l&#8217;\u00e8xit escolar de tot l&#8217;alumnat amb l&#8217;enfortiment dels centres educatius p\u00fablics de m\u00e9s complexitat educativa del Servei d&#8217;Educaci\u00f3 de Catalunya per tal que disposin dels recursos necessaris per compensar les necessitats i desigualtats educatives de l&#8217;alumnat i les seves fam\u00edlies.<\/li>\n<li>Integrar el Programa de cooperaci\u00f3 territorial per a l&#8217;orientaci\u00f3, l&#8217;aven\u00e7 i l&#8217;enriquiment educatiu PROA+ en el Pla de millora d&#8217;oportunitats educatives PMOE.<\/li>\n<li>Refor\u00e7ar l&#8217;atenci\u00f3 de l&#8217;alumnat amb necessitats espec\u00edfiques de suport educatiu i millorar l&#8217;enfocament inclusiu.<\/li>\n<li>Refor\u00e7ar la dimensi\u00f3 comunit\u00e0ria de l&#8217;acci\u00f3 educativa.<\/li>\n<\/ul>\n<\/div>\n<\/div>\n<\/div>\n<\/div>\n<\/div>\n","protected":false},"excerpt":{"rendered":"<p>El Pla t\u00e9 com a destinatari l&#8217;alumnat d&#8217;educaci\u00f3 infantil, prim\u00e0ria, secund\u00e0ria i formaci\u00f3 professional de grau b\u00e0sic, dels centres del Servei d&#8217;Educaci\u00f3 de Catalunya amb m\u00e9s complexitat educativa derivada de les condicions socioecon\u00f2miques desafavorides de l&#8217;alumnat, d&#8217;acord amb el darrer estudi de complexitat del Consell&hellip;  <a href=\"https:\/\/agora.xtec.cat\/escolamartamatabcn\/pmoe-proa-2\/\" title=\"Read PMOE PROA +\">Llegeix m\u00e9s\u00bb<\/a><\/p>\n","protected":false},"author":1,"featured_media":0,"parent":0,"menu_order":0,"comment_status":"closed","ping_status":"closed","template":"","meta":{"_bbp_topic_count":0,"_bbp_reply_count":0,"_bbp_total_topic_count":0,"_bbp_total_reply_count":0,"_bbp_voice_count":0,"_bbp_anonymous_reply_count":0,"_bbp_topic_count_hidden":0,"_bbp_reply_count_hidden":0,"_bbp_forum_subforum_count":0,"footnotes":""},"class_list":["post-19933","page","type-page","status-publish","hentry"],"post_mailing_queue_ids":[],"_links":{"self":[{"href":"https:\/\/agora.xtec.cat\/escolamartamatabcn\/wp-json\/wp\/v2\/pages\/19933","targetHints":{"allow":["GET"]}}],"collection":[{"href":"https:\/\/agora.xtec.cat\/escolamartamatabcn\/wp-json\/wp\/v2\/pages"}],"about":[{"href":"https:\/\/agora.xtec.cat\/escolamartamatabcn\/wp-json\/wp\/v2\/types\/page"}],"author":[{"embeddable":true,"href":"https:\/\/agora.xtec.cat\/escolamartamatabcn\/wp-json\/wp\/v2\/users\/1"}],"replies":[{"embeddable":true,"href":"https:\/\/agora.xtec.cat\/escolamartamatabcn\/wp-json\/wp\/v2\/comments?post=19933"}],"version-history":[{"count":1,"href":"https:\/\/agora.xtec.cat\/escolamartamatabcn\/wp-json\/wp\/v2\/pages\/19933\/revisions"}],"predecessor-version":[{"id":19934,"href":"https:\/\/agora.xtec.cat\/escolamartamatabcn\/wp-json\/wp\/v2\/pages\/19933\/revisions\/19934"}],"wp:attachment":[{"href":"https:\/\/agora.xtec.cat\/escolamartamatabcn\/wp-json\/wp\/v2\/media?parent=19933"}],"curies":[{"name":"wp","href":"https:\/\/api.w.org\/{rel}","templated":true}]}}