{"id":18974,"date":"2022-11-10T08:57:22","date_gmt":"2022-11-10T07:57:22","guid":{"rendered":"https:\/\/agora.xtec.cat\/escolamartamatabcn\/?page_id=18974"},"modified":"2022-11-10T09:42:25","modified_gmt":"2022-11-10T08:42:25","slug":"connectem-cuinant","status":"publish","type":"page","link":"https:\/\/agora.xtec.cat\/escolamartamatabcn\/lescola\/innovacio\/connectem-cuinant\/","title":{"rendered":"Connectem cuinant"},"content":{"rendered":"<p><em>Hem escollit la cuina com a laboratori perfecte per realitzar activitats que aportaran infinitat de coneixements als infants i els permetran convertir les seves pr\u00f2pies experi\u00e8ncies en aprenentatges significatius.\u00a0 L\u2019experimentaci\u00f3 a l\u2019hora de cuinar tamb\u00e9 surt de les parets d\u2019aquest espai amb la proposta de tenir cura de l\u2019hort i coneguin d\u2019on surten determinats aliments i prenguin consci\u00e8ncia \u00a0del cicle de la vida. I com a activitat interdisciplin\u00e0ria, el projecte Connectem cuinant portar\u00e0 les ci\u00e8ncies naturals, la f\u00edsica, les matem\u00e0tiques, la qu\u00edmica, la biologia, l\u2019experimentaci\u00f3. I les ci\u00e8ncies socials, l\u2019antropologia, la hist\u00f2ria, les lletres, la filosofia. Des de la cuina, sortiran plats art\u00edstics, m\u00fasica, ritme, dansa, can\u00e7\u00f3, interpretaci\u00f3, pintura. I experimentarem que no hi ha g\u00e8nere, ni religi\u00f3, ni difer\u00e8ncies davant dels fogons,\u00a0 I s\u00ed uns bons h\u00e0bits culinaris i alimentaris, nutritives receptes, sostenibilitat, respecte, col\u00b7laboraci\u00f3, creativitat, diversi\u00f3 i oportunitats d\u2019assolir compet\u00e8ncies per una aprenentatge al llarg de la vida, ganes d\u2019aprendre i d\u2019emprendre. \u00a0<\/em><\/p>\n","protected":false},"excerpt":{"rendered":"<p>Hem escollit la cuina com a laboratori perfecte per realitzar activitats que aportaran infinitat de coneixements als infants i els permetran convertir les seves pr\u00f2pies experi\u00e8ncies en aprenentatges significatius.\u00a0 L\u2019experimentaci\u00f3 a l\u2019hora de cuinar tamb\u00e9 surt de les parets d\u2019aquest espai amb la proposta de&hellip;  <a href=\"https:\/\/agora.xtec.cat\/escolamartamatabcn\/lescola\/innovacio\/connectem-cuinant\/\" title=\"Read Connectem cuinant\">Llegeix m\u00e9s\u00bb<\/a><\/p>\n","protected":false},"author":1,"featured_media":0,"parent":1602,"menu_order":0,"comment_status":"closed","ping_status":"closed","template":"page-templates\/side-menu.php","meta":{"_bbp_topic_count":0,"_bbp_reply_count":0,"_bbp_total_topic_count":0,"_bbp_total_reply_count":0,"_bbp_voice_count":0,"_bbp_anonymous_reply_count":0,"_bbp_topic_count_hidden":0,"_bbp_reply_count_hidden":0,"_bbp_forum_subforum_count":0,"footnotes":""},"class_list":["post-18974","page","type-page","status-publish","hentry"],"post_mailing_queue_ids":[],"_links":{"self":[{"href":"https:\/\/agora.xtec.cat\/escolamartamatabcn\/wp-json\/wp\/v2\/pages\/18974","targetHints":{"allow":["GET"]}}],"collection":[{"href":"https:\/\/agora.xtec.cat\/escolamartamatabcn\/wp-json\/wp\/v2\/pages"}],"about":[{"href":"https:\/\/agora.xtec.cat\/escolamartamatabcn\/wp-json\/wp\/v2\/types\/page"}],"author":[{"embeddable":true,"href":"https:\/\/agora.xtec.cat\/escolamartamatabcn\/wp-json\/wp\/v2\/users\/1"}],"replies":[{"embeddable":true,"href":"https:\/\/agora.xtec.cat\/escolamartamatabcn\/wp-json\/wp\/v2\/comments?post=18974"}],"version-history":[{"count":3,"href":"https:\/\/agora.xtec.cat\/escolamartamatabcn\/wp-json\/wp\/v2\/pages\/18974\/revisions"}],"predecessor-version":[{"id":18978,"href":"https:\/\/agora.xtec.cat\/escolamartamatabcn\/wp-json\/wp\/v2\/pages\/18974\/revisions\/18978"}],"up":[{"embeddable":true,"href":"https:\/\/agora.xtec.cat\/escolamartamatabcn\/wp-json\/wp\/v2\/pages\/1602"}],"wp:attachment":[{"href":"https:\/\/agora.xtec.cat\/escolamartamatabcn\/wp-json\/wp\/v2\/media?parent=18974"}],"curies":[{"name":"wp","href":"https:\/\/api.w.org\/{rel}","templated":true}]}}