{"id":18311,"date":"2022-02-07T17:51:01","date_gmt":"2022-02-07T16:51:01","guid":{"rendered":"https:\/\/agora.xtec.cat\/escolamartamatabcn\/?page_id=18311"},"modified":"2022-02-07T17:51:01","modified_gmt":"2022-02-07T16:51:01","slug":"setmana-cultural","status":"publish","type":"page","link":"https:\/\/agora.xtec.cat\/escolamartamatabcn\/lescola\/innovacio\/setmana-cultural\/","title":{"rendered":"Setmana cultural"},"content":{"rendered":"<p>Durant la setmana cultural, organitzem la programaci\u00f3 a partir del tema transversal escollit a setembre i que hem anat treballant al llarg del curs. Treballar el curr\u00edculum m\u00e9s que mai d&#8217;una manera interrelacionada. Flexibilitat d&#8217;agrupaments, diversitat de propostes i activitats omplen passadissos, aules, pati. Una escola viva m\u00e9s que mai.<\/p>\n","protected":false},"excerpt":{"rendered":"<p>Durant la setmana cultural, organitzem la programaci\u00f3 a partir del tema transversal escollit a setembre i que hem anat treballant al llarg del curs. Treballar el curr\u00edculum m\u00e9s que mai d&#8217;una manera interrelacionada. Flexibilitat d&#8217;agrupaments, diversitat de propostes i activitats omplen passadissos, aules, pati. Una&hellip;  <a href=\"https:\/\/agora.xtec.cat\/escolamartamatabcn\/lescola\/innovacio\/setmana-cultural\/\" title=\"Read Setmana cultural\">Llegeix m\u00e9s\u00bb<\/a><\/p>\n","protected":false},"author":1,"featured_media":0,"parent":1602,"menu_order":0,"comment_status":"closed","ping_status":"closed","template":"","meta":{"_bbp_topic_count":0,"_bbp_reply_count":0,"_bbp_total_topic_count":0,"_bbp_total_reply_count":0,"_bbp_voice_count":0,"_bbp_anonymous_reply_count":0,"_bbp_topic_count_hidden":0,"_bbp_reply_count_hidden":0,"_bbp_forum_subforum_count":0,"footnotes":""},"class_list":["post-18311","page","type-page","status-publish","hentry"],"post_mailing_queue_ids":[],"_links":{"self":[{"href":"https:\/\/agora.xtec.cat\/escolamartamatabcn\/wp-json\/wp\/v2\/pages\/18311","targetHints":{"allow":["GET"]}}],"collection":[{"href":"https:\/\/agora.xtec.cat\/escolamartamatabcn\/wp-json\/wp\/v2\/pages"}],"about":[{"href":"https:\/\/agora.xtec.cat\/escolamartamatabcn\/wp-json\/wp\/v2\/types\/page"}],"author":[{"embeddable":true,"href":"https:\/\/agora.xtec.cat\/escolamartamatabcn\/wp-json\/wp\/v2\/users\/1"}],"replies":[{"embeddable":true,"href":"https:\/\/agora.xtec.cat\/escolamartamatabcn\/wp-json\/wp\/v2\/comments?post=18311"}],"version-history":[{"count":1,"href":"https:\/\/agora.xtec.cat\/escolamartamatabcn\/wp-json\/wp\/v2\/pages\/18311\/revisions"}],"predecessor-version":[{"id":18312,"href":"https:\/\/agora.xtec.cat\/escolamartamatabcn\/wp-json\/wp\/v2\/pages\/18311\/revisions\/18312"}],"up":[{"embeddable":true,"href":"https:\/\/agora.xtec.cat\/escolamartamatabcn\/wp-json\/wp\/v2\/pages\/1602"}],"wp:attachment":[{"href":"https:\/\/agora.xtec.cat\/escolamartamatabcn\/wp-json\/wp\/v2\/media?parent=18311"}],"curies":[{"name":"wp","href":"https:\/\/api.w.org\/{rel}","templated":true}]}}