{"id":18213,"date":"2022-01-27T08:40:22","date_gmt":"2022-01-27T07:40:22","guid":{"rendered":"https:\/\/agora.xtec.cat\/escolamartamatabcn\/?page_id=18213"},"modified":"2022-01-31T18:37:56","modified_gmt":"2022-01-31T17:37:56","slug":"hort","status":"publish","type":"page","link":"https:\/\/agora.xtec.cat\/escolamartamatabcn\/lescola\/innovacio\/hort\/","title":{"rendered":"Hort"},"content":{"rendered":"<p>Tenim un hort que cuiden tots els nens i nenes de l&#8217;escola i que els permet observar el proc\u00e9s de creixement de verdures i herbes arom\u00e0tiques. Un espai i una activitat d&#8217;educaci\u00f3 mediambiental amb una gran dimensi\u00f3 pr\u00e0ctica dels aprenentatges.<\/p>\n<p>Tamb\u00e9 tenen cura dels arbres i plantes amb flor del pati. Especial atenci\u00f3 per la nostra estimada olivera, s\u00edmbol de la pau, del pas del temps i de l&#8217;\u00e8xit fruit de l&#8217;esfor\u00e7.<\/p>\n<p>Ens ajuda a aprofundir en la cultura de la sostenibilitat i la cultura de la terra.<\/p>\n","protected":false},"excerpt":{"rendered":"<p>Tenim un hort que cuiden tots els nens i nenes de l&#8217;escola i que els permet observar el proc\u00e9s de creixement de verdures i herbes arom\u00e0tiques. Un espai i una activitat d&#8217;educaci\u00f3 mediambiental amb una gran dimensi\u00f3 pr\u00e0ctica dels aprenentatges.<br \/>\nTamb\u00e9 tenen cura dels arbres i&hellip;  <a href=\"https:\/\/agora.xtec.cat\/escolamartamatabcn\/lescola\/innovacio\/hort\/\" title=\"Read Hort\">Llegeix m\u00e9s\u00bb<\/a><\/p>\n","protected":false},"author":1,"featured_media":0,"parent":1602,"menu_order":0,"comment_status":"closed","ping_status":"closed","template":"page-templates\/side-menu.php","meta":{"_bbp_topic_count":0,"_bbp_reply_count":0,"_bbp_total_topic_count":0,"_bbp_total_reply_count":0,"_bbp_voice_count":0,"_bbp_anonymous_reply_count":0,"_bbp_topic_count_hidden":0,"_bbp_reply_count_hidden":0,"_bbp_forum_subforum_count":0,"footnotes":""},"class_list":["post-18213","page","type-page","status-publish","hentry"],"post_mailing_queue_ids":[],"_links":{"self":[{"href":"https:\/\/agora.xtec.cat\/escolamartamatabcn\/wp-json\/wp\/v2\/pages\/18213","targetHints":{"allow":["GET"]}}],"collection":[{"href":"https:\/\/agora.xtec.cat\/escolamartamatabcn\/wp-json\/wp\/v2\/pages"}],"about":[{"href":"https:\/\/agora.xtec.cat\/escolamartamatabcn\/wp-json\/wp\/v2\/types\/page"}],"author":[{"embeddable":true,"href":"https:\/\/agora.xtec.cat\/escolamartamatabcn\/wp-json\/wp\/v2\/users\/1"}],"replies":[{"embeddable":true,"href":"https:\/\/agora.xtec.cat\/escolamartamatabcn\/wp-json\/wp\/v2\/comments?post=18213"}],"version-history":[{"count":2,"href":"https:\/\/agora.xtec.cat\/escolamartamatabcn\/wp-json\/wp\/v2\/pages\/18213\/revisions"}],"predecessor-version":[{"id":18274,"href":"https:\/\/agora.xtec.cat\/escolamartamatabcn\/wp-json\/wp\/v2\/pages\/18213\/revisions\/18274"}],"up":[{"embeddable":true,"href":"https:\/\/agora.xtec.cat\/escolamartamatabcn\/wp-json\/wp\/v2\/pages\/1602"}],"wp:attachment":[{"href":"https:\/\/agora.xtec.cat\/escolamartamatabcn\/wp-json\/wp\/v2\/media?parent=18213"}],"curies":[{"name":"wp","href":"https:\/\/api.w.org\/{rel}","templated":true}]}}