{"id":1814,"date":"2019-11-05T09:16:10","date_gmt":"2019-11-05T08:16:10","guid":{"rendered":"https:\/\/agora.xtec.cat\/ceip-aiguamarina-bcn\/?page_id=1814"},"modified":"2019-11-05T09:16:10","modified_gmt":"2019-11-05T08:16:10","slug":"propostes","status":"publish","type":"page","link":"https:\/\/agora.xtec.cat\/escolamartamatabcn\/lescola\/innovacio\/xarxes-pel-canvi\/propostes\/","title":{"rendered":"Propostes"},"content":{"rendered":"<ul>\n<li>Din\u00e0miques per afavorir l\u2019expressi\u00f3 oral (el term\u00f2metre, els ponts, els tres escenaris&#8230;).<\/li>\n<li>Reflexi\u00f3 docent <em>\u201cAvaluaci\u00f3 vs regulaci\u00f3 cont\u00ednua dels aprenentatges\u201d.<\/em><\/li>\n<li>Activitats per millorar la comprensi\u00f3 lectora a partir del treball diari d\u2019enunciats matem\u00e0tics i de la not\u00edcia setmanal relacionada amb el projecte que s\u2019est\u00e0 portant a terme a l\u2019aula.<\/li>\n<li>Treball sistem\u00e0tic de la consci\u00e8ncia fonol\u00f2gica a infantil i cicle inicial.<\/li>\n<\/ul>\n","protected":false},"excerpt":{"rendered":"<ul>\n<li>Din\u00e0miques per afavorir l\u2019expressi\u00f3 oral (el term\u00f2metre, els ponts, els tres escenaris&#8230;).<\/li>\n<li>Reflexi\u00f3 docent \u201cAvaluaci\u00f3 vs regulaci\u00f3 cont\u00ednua dels aprenentatges\u201d.<\/li>\n<li>Activitats per millorar la comprensi\u00f3 lectora a partir del treball diari d\u2019enunciats matem\u00e0tics i de la not\u00edcia setmanal relacionada amb el projecte que s\u2019est\u00e0 portant a terme&hellip;  <a href=\"https:\/\/agora.xtec.cat\/escolamartamatabcn\/lescola\/innovacio\/xarxes-pel-canvi\/propostes\/\" title=\"Read Propostes\">Llegeix m\u00e9s\u00bb<\/a><br \/>\n","protected":false},"author":1,"featured_media":0,"parent":1613,"menu_order":20,"comment_status":"closed","ping_status":"closed","template":"page-templates\/side-menu.php","meta":{"_bbp_topic_count":0,"_bbp_reply_count":0,"_bbp_total_topic_count":0,"_bbp_total_reply_count":0,"_bbp_voice_count":0,"_bbp_anonymous_reply_count":0,"_bbp_topic_count_hidden":0,"_bbp_reply_count_hidden":0,"_bbp_forum_subforum_count":0,"footnotes":""},"class_list":["post-1814","page","type-page","status-publish","hentry"],"post_mailing_queue_ids":[],"_links":{"self":[{"href":"https:\/\/agora.xtec.cat\/escolamartamatabcn\/wp-json\/wp\/v2\/pages\/1814","targetHints":{"allow":["GET"]}}],"collection":[{"href":"https:\/\/agora.xtec.cat\/escolamartamatabcn\/wp-json\/wp\/v2\/pages"}],"about":[{"href":"https:\/\/agora.xtec.cat\/escolamartamatabcn\/wp-json\/wp\/v2\/types\/page"}],"author":[{"embeddable":true,"href":"https:\/\/agora.xtec.cat\/escolamartamatabcn\/wp-json\/wp\/v2\/users\/1"}],"replies":[{"embeddable":true,"href":"https:\/\/agora.xtec.cat\/escolamartamatabcn\/wp-json\/wp\/v2\/comments?post=1814"}],"version-history":[{"count":1,"href":"https:\/\/agora.xtec.cat\/escolamartamatabcn\/wp-json\/wp\/v2\/pages\/1814\/revisions"}],"predecessor-version":[{"id":1815,"href":"https:\/\/agora.xtec.cat\/escolamartamatabcn\/wp-json\/wp\/v2\/pages\/1814\/revisions\/1815"}],"up":[{"embeddable":true,"href":"https:\/\/agora.xtec.cat\/escolamartamatabcn\/wp-json\/wp\/v2\/pages\/1613"}],"wp:attachment":[{"href":"https:\/\/agora.xtec.cat\/escolamartamatabcn\/wp-json\/wp\/v2\/media?parent=1814"}],"curies":[{"name":"wp","href":"https:\/\/api.w.org\/{rel}","templated":true}]}}