{"id":1811,"date":"2019-11-05T09:15:23","date_gmt":"2019-11-05T08:15:23","guid":{"rendered":"https:\/\/agora.xtec.cat\/ceip-aiguamarina-bcn\/?page_id=1811"},"modified":"2019-11-05T09:15:33","modified_gmt":"2019-11-05T08:15:33","slug":"objectius","status":"publish","type":"page","link":"https:\/\/agora.xtec.cat\/escolamartamatabcn\/lescola\/innovacio\/xarxes-pel-canvi\/objectius\/","title":{"rendered":"Objectius"},"content":{"rendered":"<ul>\n<li>L\u2019objectiu principal de la nostra participaci\u00f3 al programa de Xarxes per al canvi \u00e9s compartir i adquirir coneixements de forma col\u00b7laborativa i autogestionada per avan\u00e7ar en\u00a0 el proc\u00e9s d\u2019innovaci\u00f3 educativa que permeti la millora continua del\u00a0 centre\u00a0 i dels aprenentatges del nostre alumnat.<\/li>\n<li>Crear espais de coneixement des de la reflexi\u00f3, debat i intercanvi sobre aspectes organitzatius i metodol\u00f2gics que permetin avan\u00e7ar vers un horitz\u00f3 com\u00fa.<\/li>\n<li>Treballar a partir de din\u00e0miques de treball col\u00b7lectiu que serveixin de refer\u00e8ncia per a la dinamitzaci\u00f3 de l\u2019equip docent \u00a0i les aules.<\/li>\n<\/ul>\n","protected":false},"excerpt":{"rendered":"<ul>\n<li>L\u2019objectiu principal de la nostra participaci\u00f3 al programa de Xarxes per al canvi \u00e9s compartir i adquirir coneixements de forma col\u00b7laborativa i autogestionada per avan\u00e7ar en\u00a0 el proc\u00e9s d\u2019innovaci\u00f3 educativa que permeti la millora continua del\u00a0 centre\u00a0 i dels aprenentatges del nostre alumnat.<\/li>\n<li>Crear espais de&hellip;  <a href=\"https:\/\/agora.xtec.cat\/escolamartamatabcn\/lescola\/innovacio\/xarxes-pel-canvi\/objectius\/\" title=\"Read Objectius\">Llegeix m\u00e9s\u00bb<\/a><br \/>\n","protected":false},"author":1,"featured_media":0,"parent":1613,"menu_order":10,"comment_status":"closed","ping_status":"closed","template":"page-templates\/side-menu.php","meta":{"_bbp_topic_count":0,"_bbp_reply_count":0,"_bbp_total_topic_count":0,"_bbp_total_reply_count":0,"_bbp_voice_count":0,"_bbp_anonymous_reply_count":0,"_bbp_topic_count_hidden":0,"_bbp_reply_count_hidden":0,"_bbp_forum_subforum_count":0,"footnotes":""},"class_list":["post-1811","page","type-page","status-publish","hentry"],"post_mailing_queue_ids":[],"_links":{"self":[{"href":"https:\/\/agora.xtec.cat\/escolamartamatabcn\/wp-json\/wp\/v2\/pages\/1811","targetHints":{"allow":["GET"]}}],"collection":[{"href":"https:\/\/agora.xtec.cat\/escolamartamatabcn\/wp-json\/wp\/v2\/pages"}],"about":[{"href":"https:\/\/agora.xtec.cat\/escolamartamatabcn\/wp-json\/wp\/v2\/types\/page"}],"author":[{"embeddable":true,"href":"https:\/\/agora.xtec.cat\/escolamartamatabcn\/wp-json\/wp\/v2\/users\/1"}],"replies":[{"embeddable":true,"href":"https:\/\/agora.xtec.cat\/escolamartamatabcn\/wp-json\/wp\/v2\/comments?post=1811"}],"version-history":[{"count":2,"href":"https:\/\/agora.xtec.cat\/escolamartamatabcn\/wp-json\/wp\/v2\/pages\/1811\/revisions"}],"predecessor-version":[{"id":1813,"href":"https:\/\/agora.xtec.cat\/escolamartamatabcn\/wp-json\/wp\/v2\/pages\/1811\/revisions\/1813"}],"up":[{"embeddable":true,"href":"https:\/\/agora.xtec.cat\/escolamartamatabcn\/wp-json\/wp\/v2\/pages\/1613"}],"wp:attachment":[{"href":"https:\/\/agora.xtec.cat\/escolamartamatabcn\/wp-json\/wp\/v2\/media?parent=1811"}],"curies":[{"name":"wp","href":"https:\/\/api.w.org\/{rel}","templated":true}]}}