{"id":18093,"date":"2022-01-24T22:07:02","date_gmt":"2022-01-24T21:07:02","guid":{"rendered":"https:\/\/agora.xtec.cat\/escolamartamatabcn\/?page_id=18093"},"modified":"2022-02-01T20:35:53","modified_gmt":"2022-02-01T19:35:53","slug":"fira-matematica","status":"publish","type":"page","link":"https:\/\/agora.xtec.cat\/escolamartamatabcn\/lescola\/activitats-marta-mata\/fira-matematica\/","title":{"rendered":"Fira matem\u00e0tica"},"content":{"rendered":"<p>La Fira matem\u00e0tica \u00e9s un projecte d&#8217;escola que s&#8217;ha convertit en una forma l\u00fadica, motivadora, competencial i significativa de treballar continguts matem\u00e0tics. Participen tots els infants fent de mestre i d&#8217;alumnes. Com a protagonistes de tot el proc\u00e9s i del resultat pensen, dissenyen i elaboren activitats i jocs matem\u00e0tics\u00a0 per als seus companys i companyes d&#8217;altres classes.<\/p>\n","protected":false},"excerpt":{"rendered":"<p>La Fira matem\u00e0tica \u00e9s un projecte d&#8217;escola que s&#8217;ha convertit en una forma l\u00fadica, motivadora, competencial i significativa de treballar continguts matem\u00e0tics. Participen tots els infants fent de mestre i d&#8217;alumnes. Com a protagonistes de tot el proc\u00e9s i del resultat pensen, dissenyen i elaboren&hellip;  <a href=\"https:\/\/agora.xtec.cat\/escolamartamatabcn\/lescola\/activitats-marta-mata\/fira-matematica\/\" title=\"Read Fira matem\u00e0tica\">Llegeix m\u00e9s\u00bb<\/a><\/p>\n","protected":false},"author":1,"featured_media":0,"parent":18083,"menu_order":4,"comment_status":"closed","ping_status":"closed","template":"page-templates\/side-menu.php","meta":{"_bbp_topic_count":0,"_bbp_reply_count":0,"_bbp_total_topic_count":0,"_bbp_total_reply_count":0,"_bbp_voice_count":0,"_bbp_anonymous_reply_count":0,"_bbp_topic_count_hidden":0,"_bbp_reply_count_hidden":0,"_bbp_forum_subforum_count":0,"footnotes":""},"class_list":["post-18093","page","type-page","status-publish","hentry"],"post_mailing_queue_ids":[],"_links":{"self":[{"href":"https:\/\/agora.xtec.cat\/escolamartamatabcn\/wp-json\/wp\/v2\/pages\/18093","targetHints":{"allow":["GET"]}}],"collection":[{"href":"https:\/\/agora.xtec.cat\/escolamartamatabcn\/wp-json\/wp\/v2\/pages"}],"about":[{"href":"https:\/\/agora.xtec.cat\/escolamartamatabcn\/wp-json\/wp\/v2\/types\/page"}],"author":[{"embeddable":true,"href":"https:\/\/agora.xtec.cat\/escolamartamatabcn\/wp-json\/wp\/v2\/users\/1"}],"replies":[{"embeddable":true,"href":"https:\/\/agora.xtec.cat\/escolamartamatabcn\/wp-json\/wp\/v2\/comments?post=18093"}],"version-history":[{"count":2,"href":"https:\/\/agora.xtec.cat\/escolamartamatabcn\/wp-json\/wp\/v2\/pages\/18093\/revisions"}],"predecessor-version":[{"id":18282,"href":"https:\/\/agora.xtec.cat\/escolamartamatabcn\/wp-json\/wp\/v2\/pages\/18093\/revisions\/18282"}],"up":[{"embeddable":true,"href":"https:\/\/agora.xtec.cat\/escolamartamatabcn\/wp-json\/wp\/v2\/pages\/18083"}],"wp:attachment":[{"href":"https:\/\/agora.xtec.cat\/escolamartamatabcn\/wp-json\/wp\/v2\/media?parent=18093"}],"curies":[{"name":"wp","href":"https:\/\/api.w.org\/{rel}","templated":true}]}}