{"id":18089,"date":"2022-01-24T22:06:09","date_gmt":"2022-01-24T21:06:09","guid":{"rendered":"https:\/\/agora.xtec.cat\/escolamartamatabcn\/?page_id=18089"},"modified":"2025-02-16T11:11:04","modified_gmt":"2025-02-16T10:11:04","slug":"setmana-de-la-ciencia","status":"publish","type":"page","link":"https:\/\/agora.xtec.cat\/escolamartamatabcn\/lescola\/activitats-marta-mata\/setmana-de-la-ciencia\/","title":{"rendered":"Setmana de la ci\u00e8ncia"},"content":{"rendered":"<p>Els reptes i activitats cient\u00edfiques on els nens i les nenes s\u00f3n protagonistes generen aprenentatges s\u00f2lids i significatius. Una setmana amb molta ci\u00e8ncia, molta viv\u00e8ncia, molta experimentaci\u00f3, molta diversi\u00f3&#8230;molt aprenentatge!<\/p>\n<p><a href=\"https:\/\/photos.app.goo.gl\/CBoygqzky6RyfKK29\"><img loading=\"lazy\" decoding=\"async\" class=\"wp-image-20746 aligncenter\" src=\"https:\/\/agora.xtec.cat\/escolamartamatabcn\/wp-content\/uploads\/usu1945\/2025\/02\/Setmana-de-la-ciencia-E.png\" alt=\"\" width=\"563\" height=\"381\" srcset=\"https:\/\/agora.xtec.cat\/escolamartamatabcn\/wp-content\/uploads\/usu1945\/2025\/02\/Setmana-de-la-ciencia-E.png 976w, https:\/\/agora.xtec.cat\/escolamartamatabcn\/wp-content\/uploads\/usu1945\/2025\/02\/Setmana-de-la-ciencia-E-300x203.png 300w, https:\/\/agora.xtec.cat\/escolamartamatabcn\/wp-content\/uploads\/usu1945\/2025\/02\/Setmana-de-la-ciencia-E-768x520.png 768w\" sizes=\"auto, (max-width: 563px) 100vw, 563px\" \/><\/a><\/p>\n","protected":false},"excerpt":{"rendered":"<p>Els reptes i activitats cient\u00edfiques on els nens i les nenes s\u00f3n protagonistes generen aprenentatges s\u00f2lids i significatius. Una setmana amb molta ci\u00e8ncia, molta viv\u00e8ncia, molta experimentaci\u00f3, molta diversi\u00f3&#8230;molt aprenentatge!<br \/>\n<a href=\"https:\/\/photos.app.goo.gl\/CBoygqzky6RyfKK29\"><\/a><\/p>\n","protected":false},"author":1,"featured_media":0,"parent":18083,"menu_order":2,"comment_status":"closed","ping_status":"closed","template":"page-templates\/side-menu.php","meta":{"_bbp_topic_count":0,"_bbp_reply_count":0,"_bbp_total_topic_count":0,"_bbp_total_reply_count":0,"_bbp_voice_count":0,"_bbp_anonymous_reply_count":0,"_bbp_topic_count_hidden":0,"_bbp_reply_count_hidden":0,"_bbp_forum_subforum_count":0,"footnotes":""},"class_list":["post-18089","page","type-page","status-publish","hentry"],"post_mailing_queue_ids":[],"_links":{"self":[{"href":"https:\/\/agora.xtec.cat\/escolamartamatabcn\/wp-json\/wp\/v2\/pages\/18089","targetHints":{"allow":["GET"]}}],"collection":[{"href":"https:\/\/agora.xtec.cat\/escolamartamatabcn\/wp-json\/wp\/v2\/pages"}],"about":[{"href":"https:\/\/agora.xtec.cat\/escolamartamatabcn\/wp-json\/wp\/v2\/types\/page"}],"author":[{"embeddable":true,"href":"https:\/\/agora.xtec.cat\/escolamartamatabcn\/wp-json\/wp\/v2\/users\/1"}],"replies":[{"embeddable":true,"href":"https:\/\/agora.xtec.cat\/escolamartamatabcn\/wp-json\/wp\/v2\/comments?post=18089"}],"version-history":[{"count":4,"href":"https:\/\/agora.xtec.cat\/escolamartamatabcn\/wp-json\/wp\/v2\/pages\/18089\/revisions"}],"predecessor-version":[{"id":20750,"href":"https:\/\/agora.xtec.cat\/escolamartamatabcn\/wp-json\/wp\/v2\/pages\/18089\/revisions\/20750"}],"up":[{"embeddable":true,"href":"https:\/\/agora.xtec.cat\/escolamartamatabcn\/wp-json\/wp\/v2\/pages\/18083"}],"wp:attachment":[{"href":"https:\/\/agora.xtec.cat\/escolamartamatabcn\/wp-json\/wp\/v2\/media?parent=18089"}],"curies":[{"name":"wp","href":"https:\/\/api.w.org\/{rel}","templated":true}]}}