{"id":18087,"date":"2022-01-24T22:05:40","date_gmt":"2022-01-24T21:05:40","guid":{"rendered":"https:\/\/agora.xtec.cat\/escolamartamatabcn\/?page_id=18087"},"modified":"2022-02-07T17:57:07","modified_gmt":"2022-02-07T16:57:07","slug":"english-day","status":"publish","type":"page","link":"https:\/\/agora.xtec.cat\/escolamartamatabcn\/lescola\/activitats-marta-mata\/english-day\/","title":{"rendered":"English Day"},"content":{"rendered":"<p>Cada dia \u00e9s important l&#8217;aprenentatge de l&#8217;angl\u00e8s, per\u00f2 n&#8217;hi ha un en qu\u00e8 ho celebrem especialment: l&#8217;english day, una jornada especial per utilitzar la llengua anglesa com a llengua de comunicaci\u00f3 i aprenentatge. Volem:<\/p>\n<ul>\n<li>Afavorir l&#8217;aprenentatge i \u00fas de l&#8217;angl\u00e8s en un context l\u00fadic.<\/li>\n<li>Viure costums i tradicions dels pa\u00efsos de parla anglesa.<\/li>\n<li>Implementar el treball cooperatiu en la preparaci\u00f3 de les activitats.<\/li>\n<\/ul>\n","protected":false},"excerpt":{"rendered":"<p>Cada dia \u00e9s important l&#8217;aprenentatge de l&#8217;angl\u00e8s, per\u00f2 n&#8217;hi ha un en qu\u00e8 ho celebrem especialment: l&#8217;english day, una jornada especial per utilitzar la llengua anglesa com a llengua de comunicaci\u00f3 i aprenentatge. Volem:<\/p>\n<ul>\n<li>Afavorir l&#8217;aprenentatge i \u00fas de l&#8217;angl\u00e8s en un context l\u00fadic.<\/li>\n<li>Viure costums i&hellip;  <a href=\"https:\/\/agora.xtec.cat\/escolamartamatabcn\/lescola\/activitats-marta-mata\/english-day\/\" title=\"Read English Day\">Llegeix m\u00e9s\u00bb<\/a><br \/>\n","protected":false},"author":1,"featured_media":0,"parent":18083,"menu_order":1,"comment_status":"closed","ping_status":"closed","template":"page-templates\/side-menu.php","meta":{"_bbp_topic_count":0,"_bbp_reply_count":0,"_bbp_total_topic_count":0,"_bbp_total_reply_count":0,"_bbp_voice_count":0,"_bbp_anonymous_reply_count":0,"_bbp_topic_count_hidden":0,"_bbp_reply_count_hidden":0,"_bbp_forum_subforum_count":0,"footnotes":""},"class_list":["post-18087","page","type-page","status-publish","hentry"],"post_mailing_queue_ids":[],"_links":{"self":[{"href":"https:\/\/agora.xtec.cat\/escolamartamatabcn\/wp-json\/wp\/v2\/pages\/18087","targetHints":{"allow":["GET"]}}],"collection":[{"href":"https:\/\/agora.xtec.cat\/escolamartamatabcn\/wp-json\/wp\/v2\/pages"}],"about":[{"href":"https:\/\/agora.xtec.cat\/escolamartamatabcn\/wp-json\/wp\/v2\/types\/page"}],"author":[{"embeddable":true,"href":"https:\/\/agora.xtec.cat\/escolamartamatabcn\/wp-json\/wp\/v2\/users\/1"}],"replies":[{"embeddable":true,"href":"https:\/\/agora.xtec.cat\/escolamartamatabcn\/wp-json\/wp\/v2\/comments?post=18087"}],"version-history":[{"count":2,"href":"https:\/\/agora.xtec.cat\/escolamartamatabcn\/wp-json\/wp\/v2\/pages\/18087\/revisions"}],"predecessor-version":[{"id":18314,"href":"https:\/\/agora.xtec.cat\/escolamartamatabcn\/wp-json\/wp\/v2\/pages\/18087\/revisions\/18314"}],"up":[{"embeddable":true,"href":"https:\/\/agora.xtec.cat\/escolamartamatabcn\/wp-json\/wp\/v2\/pages\/18083"}],"wp:attachment":[{"href":"https:\/\/agora.xtec.cat\/escolamartamatabcn\/wp-json\/wp\/v2\/media?parent=18087"}],"curies":[{"name":"wp","href":"https:\/\/api.w.org\/{rel}","templated":true}]}}