{"id":18076,"date":"2022-01-24T22:00:39","date_gmt":"2022-01-24T21:00:39","guid":{"rendered":"https:\/\/agora.xtec.cat\/escolamartamatabcn\/?page_id=18076"},"modified":"2025-02-16T11:54:00","modified_gmt":"2025-02-16T10:54:00","slug":"contextos","status":"publish","type":"page","link":"https:\/\/agora.xtec.cat\/escolamartamatabcn\/lescola\/innovacio\/contextos\/","title":{"rendered":"Contextos"},"content":{"rendered":"<div>\n<p style=\"text-align: center;\"><strong><em>Hi ha tres mestres: els adults, altres nens i el seu entorn f\u00edsic.<\/em><\/strong><\/p>\n<p>Distribu\u00efm les aules en contextos, en escenaris d&#8217;aprenentatge afavoridors de viv\u00e8ncies i experi\u00e8ncies. Els infants es troben propostes, provocacions, materials canviants que motiven la curiositat i afavoreixen l&#8217;aprenentatge actiu i aut\u00f2nom. S\u00f3n moments de crear complicitats i significats compartits. Moments per l&#8217;expressi\u00f3, la recerca, la descoberta, la creaci\u00f3, la investigaci\u00f3.<br \/>\nL&#8217;est\u00e8tica , els petits detalls i els materials es cuiden al m\u00e0xim.<\/p>\n<\/div>\n<div style=\"text-align: center;\"><\/div>\n<div style=\"text-align: center;\"><\/div>\n<p><iframe loading=\"lazy\" title=\"Contextos a l&#039;escola Marta Mata\" width=\"500\" height=\"281\" src=\"https:\/\/www.youtube.com\/embed\/ZvzW41kvSUw?feature=oembed\" frameborder=\"0\" allow=\"accelerometer; autoplay; clipboard-write; encrypted-media; gyroscope; picture-in-picture; web-share\" referrerpolicy=\"strict-origin-when-cross-origin\" allowfullscreen><\/iframe><\/p>\n","protected":false},"excerpt":{"rendered":"<p>Hi ha tres mestres: els adults, altres nens i el seu entorn f\u00edsic.<br \/>\nDistribu\u00efm les aules en contextos, en escenaris d&#8217;aprenentatge afavoridors de viv\u00e8ncies i experi\u00e8ncies. Els infants es troben propostes, provocacions, materials canviants que motiven la curiositat i afavoreixen l&#8217;aprenentatge actiu i aut\u00f2nom. S\u00f3n moments&hellip;  <a href=\"https:\/\/agora.xtec.cat\/escolamartamatabcn\/lescola\/innovacio\/contextos\/\" title=\"Read Contextos\">Llegeix m\u00e9s\u00bb<\/a><\/p>\n","protected":false},"author":1,"featured_media":0,"parent":1602,"menu_order":0,"comment_status":"closed","ping_status":"closed","template":"","meta":{"_bbp_topic_count":0,"_bbp_reply_count":0,"_bbp_total_topic_count":0,"_bbp_total_reply_count":0,"_bbp_voice_count":0,"_bbp_anonymous_reply_count":0,"_bbp_topic_count_hidden":0,"_bbp_reply_count_hidden":0,"_bbp_forum_subforum_count":0,"footnotes":""},"class_list":["post-18076","page","type-page","status-publish","hentry"],"post_mailing_queue_ids":[],"_links":{"self":[{"href":"https:\/\/agora.xtec.cat\/escolamartamatabcn\/wp-json\/wp\/v2\/pages\/18076","targetHints":{"allow":["GET"]}}],"collection":[{"href":"https:\/\/agora.xtec.cat\/escolamartamatabcn\/wp-json\/wp\/v2\/pages"}],"about":[{"href":"https:\/\/agora.xtec.cat\/escolamartamatabcn\/wp-json\/wp\/v2\/types\/page"}],"author":[{"embeddable":true,"href":"https:\/\/agora.xtec.cat\/escolamartamatabcn\/wp-json\/wp\/v2\/users\/1"}],"replies":[{"embeddable":true,"href":"https:\/\/agora.xtec.cat\/escolamartamatabcn\/wp-json\/wp\/v2\/comments?post=18076"}],"version-history":[{"count":3,"href":"https:\/\/agora.xtec.cat\/escolamartamatabcn\/wp-json\/wp\/v2\/pages\/18076\/revisions"}],"predecessor-version":[{"id":18200,"href":"https:\/\/agora.xtec.cat\/escolamartamatabcn\/wp-json\/wp\/v2\/pages\/18076\/revisions\/18200"}],"up":[{"embeddable":true,"href":"https:\/\/agora.xtec.cat\/escolamartamatabcn\/wp-json\/wp\/v2\/pages\/1602"}],"wp:attachment":[{"href":"https:\/\/agora.xtec.cat\/escolamartamatabcn\/wp-json\/wp\/v2\/media?parent=18076"}],"curies":[{"name":"wp","href":"https:\/\/api.w.org\/{rel}","templated":true}]}}