{"id":18074,"date":"2022-01-24T22:00:23","date_gmt":"2022-01-24T21:00:23","guid":{"rendered":"https:\/\/agora.xtec.cat\/escolamartamatabcn\/?page_id=18074"},"modified":"2025-02-16T11:54:44","modified_gmt":"2025-02-16T10:54:44","slug":"laberints","status":"publish","type":"page","link":"https:\/\/agora.xtec.cat\/escolamartamatabcn\/lescola\/innovacio\/laberints\/","title":{"rendered":"Laberints"},"content":{"rendered":"<p>El treball per laberints \u00e9s una metodologia que impulsa als infants a pensar per ells mateixos, a investigar, a aprendre a aprendre, a descobrir, a aprendre dels seus errors i dels seus encerts, i d\u2019aquesta manera tamb\u00e9 a aprendre a ser cr\u00edtics. Aquests projectes tenen aplicaci\u00f3 en el m\u00f3n real m\u00e9s enll\u00e0 de l\u2019aula i busquen crear una educaci\u00f3 interdisciplin\u00e0ria amb un significat.<\/p>\n<p>El docent guia i acompanya en el proc\u00e9s. Estimula i afavoreix situacions d\u2019aprenentatge i proporciona els recursos necessaris perqu\u00e8 construeixin de manera aut\u00f2noma els seus propis coneixements.<\/p>\n","protected":false},"excerpt":{"rendered":"<p>El treball per laberints \u00e9s una metodologia que impulsa als infants a pensar per ells mateixos, a investigar, a aprendre a aprendre, a descobrir, a aprendre dels seus errors i dels seus encerts, i d\u2019aquesta manera tamb\u00e9 a aprendre a ser cr\u00edtics. Aquests projectes tenen&hellip;  <a href=\"https:\/\/agora.xtec.cat\/escolamartamatabcn\/lescola\/innovacio\/laberints\/\" title=\"Read Laberints\">Llegeix m\u00e9s\u00bb<\/a><\/p>\n","protected":false},"author":1,"featured_media":0,"parent":1602,"menu_order":0,"comment_status":"closed","ping_status":"closed","template":"","meta":{"_bbp_topic_count":0,"_bbp_reply_count":0,"_bbp_total_topic_count":0,"_bbp_total_reply_count":0,"_bbp_voice_count":0,"_bbp_anonymous_reply_count":0,"_bbp_topic_count_hidden":0,"_bbp_reply_count_hidden":0,"_bbp_forum_subforum_count":0,"footnotes":""},"class_list":["post-18074","page","type-page","status-publish","hentry"],"post_mailing_queue_ids":[],"_links":{"self":[{"href":"https:\/\/agora.xtec.cat\/escolamartamatabcn\/wp-json\/wp\/v2\/pages\/18074","targetHints":{"allow":["GET"]}}],"collection":[{"href":"https:\/\/agora.xtec.cat\/escolamartamatabcn\/wp-json\/wp\/v2\/pages"}],"about":[{"href":"https:\/\/agora.xtec.cat\/escolamartamatabcn\/wp-json\/wp\/v2\/types\/page"}],"author":[{"embeddable":true,"href":"https:\/\/agora.xtec.cat\/escolamartamatabcn\/wp-json\/wp\/v2\/users\/1"}],"replies":[{"embeddable":true,"href":"https:\/\/agora.xtec.cat\/escolamartamatabcn\/wp-json\/wp\/v2\/comments?post=18074"}],"version-history":[{"count":3,"href":"https:\/\/agora.xtec.cat\/escolamartamatabcn\/wp-json\/wp\/v2\/pages\/18074\/revisions"}],"predecessor-version":[{"id":18271,"href":"https:\/\/agora.xtec.cat\/escolamartamatabcn\/wp-json\/wp\/v2\/pages\/18074\/revisions\/18271"}],"up":[{"embeddable":true,"href":"https:\/\/agora.xtec.cat\/escolamartamatabcn\/wp-json\/wp\/v2\/pages\/1602"}],"wp:attachment":[{"href":"https:\/\/agora.xtec.cat\/escolamartamatabcn\/wp-json\/wp\/v2\/media?parent=18074"}],"curies":[{"name":"wp","href":"https:\/\/api.w.org\/{rel}","templated":true}]}}