{"id":18062,"date":"2022-01-24T15:29:22","date_gmt":"2022-01-24T14:29:22","guid":{"rendered":"https:\/\/agora.xtec.cat\/escolamartamatabcn\/?page_id=18062"},"modified":"2025-02-16T12:00:02","modified_gmt":"2025-02-16T11:00:02","slug":"innovamat","status":"publish","type":"page","link":"https:\/\/agora.xtec.cat\/escolamartamatabcn\/lescola\/innovacio\/innovamat\/","title":{"rendered":"INNOVAMAT"},"content":{"rendered":"<p>Projecte d&#8217;innovaci\u00f3 educativa en l&#8217;\u00e0mbit de les matem\u00e0tiques. INNOVAMAT \u00e9s una manera diferent de treballar les matem\u00e0tiques on es creen din\u00e0miques actives i participatives, es potencia la reflexi\u00f3, s&#8217;afavoreixen les connexions i els aprenentatges s\u00f3n molt m\u00e9s vivencials i adaptats al ritme de cada infant.<\/p>\n<p>Per treballar aquest projecte fem \u00fas dels recursos digitals de l&#8217;escola garantint que cada infant pugui treballar amb un CHROMEBOOK utilitzant l&#8217;APP pr\u00f2pia del projecte INNOVAMAT.<\/p>\n<p>Per con\u00e8ixer m\u00e9s podeu accedir a la p\u00e0gina del projecte clicant a la seg\u00fcent imatge.<a href=\"https:\/\/agora.xtec.cat\/escolamartamatabcn\/wp-content\/uploads\/usu1945\/2025\/02\/Innovamat-pag.png\"><img loading=\"lazy\" decoding=\"async\" class=\" wp-image-20761 aligncenter\" src=\"https:\/\/agora.xtec.cat\/escolamartamatabcn\/wp-content\/uploads\/usu1945\/2025\/02\/Innovamat-pag.png\" alt=\"\" width=\"446\" height=\"383\" srcset=\"https:\/\/agora.xtec.cat\/escolamartamatabcn\/wp-content\/uploads\/usu1945\/2025\/02\/Innovamat-pag.png 634w, https:\/\/agora.xtec.cat\/escolamartamatabcn\/wp-content\/uploads\/usu1945\/2025\/02\/Innovamat-pag-300x258.png 300w\" sizes=\"auto, (max-width: 446px) 100vw, 446px\" \/><\/a><\/p>\n<p>&nbsp;<\/p>\n<p>&nbsp;<\/p>\n<p>&nbsp;<\/p>\n","protected":false},"excerpt":{"rendered":"<p>Projecte d&#8217;innovaci\u00f3 educativa en l&#8217;\u00e0mbit de les matem\u00e0tiques. INNOVAMAT \u00e9s una manera diferent de treballar les matem\u00e0tiques on es creen din\u00e0miques actives i participatives, es potencia la reflexi\u00f3, s&#8217;afavoreixen les connexions i els aprenentatges s\u00f3n molt m\u00e9s vivencials i adaptats al ritme de cada infant.<br \/>\nPer&hellip;  <a href=\"https:\/\/agora.xtec.cat\/escolamartamatabcn\/lescola\/innovacio\/innovamat\/\" title=\"Read INNOVAMAT\">Llegeix m\u00e9s\u00bb<\/a><\/p>\n","protected":false},"author":1,"featured_media":0,"parent":1602,"menu_order":0,"comment_status":"closed","ping_status":"closed","template":"","meta":{"_bbp_topic_count":0,"_bbp_reply_count":0,"_bbp_total_topic_count":0,"_bbp_total_reply_count":0,"_bbp_voice_count":0,"_bbp_anonymous_reply_count":0,"_bbp_topic_count_hidden":0,"_bbp_reply_count_hidden":0,"_bbp_forum_subforum_count":0,"footnotes":""},"class_list":["post-18062","page","type-page","status-publish","hentry"],"post_mailing_queue_ids":[],"_links":{"self":[{"href":"https:\/\/agora.xtec.cat\/escolamartamatabcn\/wp-json\/wp\/v2\/pages\/18062","targetHints":{"allow":["GET"]}}],"collection":[{"href":"https:\/\/agora.xtec.cat\/escolamartamatabcn\/wp-json\/wp\/v2\/pages"}],"about":[{"href":"https:\/\/agora.xtec.cat\/escolamartamatabcn\/wp-json\/wp\/v2\/types\/page"}],"author":[{"embeddable":true,"href":"https:\/\/agora.xtec.cat\/escolamartamatabcn\/wp-json\/wp\/v2\/users\/1"}],"replies":[{"embeddable":true,"href":"https:\/\/agora.xtec.cat\/escolamartamatabcn\/wp-json\/wp\/v2\/comments?post=18062"}],"version-history":[{"count":2,"href":"https:\/\/agora.xtec.cat\/escolamartamatabcn\/wp-json\/wp\/v2\/pages\/18062\/revisions"}],"predecessor-version":[{"id":20762,"href":"https:\/\/agora.xtec.cat\/escolamartamatabcn\/wp-json\/wp\/v2\/pages\/18062\/revisions\/20762"}],"up":[{"embeddable":true,"href":"https:\/\/agora.xtec.cat\/escolamartamatabcn\/wp-json\/wp\/v2\/pages\/1602"}],"wp:attachment":[{"href":"https:\/\/agora.xtec.cat\/escolamartamatabcn\/wp-json\/wp\/v2\/media?parent=18062"}],"curies":[{"name":"wp","href":"https:\/\/api.w.org\/{rel}","templated":true}]}}