{"id":1607,"date":"2019-09-27T13:52:07","date_gmt":"2019-09-27T11:52:07","guid":{"rendered":"https:\/\/agora.xtec.cat\/ceip-aiguamarina-bcn\/?page_id=1607"},"modified":"2022-04-04T16:02:08","modified_gmt":"2022-04-04T14:02:08","slug":"projecte-gep","status":"publish","type":"page","link":"https:\/\/agora.xtec.cat\/escolamartamatabcn\/lescola\/innovacio\/projecte-gep\/","title":{"rendered":"PROJECTE GEP"},"content":{"rendered":"<h6 style=\"text-align: center;\"><a href=\"https:\/\/agora.xtec.cat\/escolamartamatabcn\/categoria\/gep\/\"><em>ACCEDEIX AL BLOC DEL GEP<\/em><\/a><\/h6>\n<p><strong>Whats GEP<\/strong>:<\/p>\n<p><em>El GEP o Grup d\u2019Experimentaci\u00f3 per al Pluriling\u00fcisme \u00e9s un programa pluriling\u00fce impulsat pel Departament d\u2019Ensenyament de la Generalitat de Catalunya en el que hi participen centres de tot Catalunya. La nostra escola formar\u00e0 part d\u2019aquest grup experimental durant els tres propers cursos.<\/em><br \/>\n<em>Durant aquest temps, els\/les alumnes rebran i els\/les professors\/es implementaran metodologies CLIL\/AICLE en les classes de diverses mat\u00e8ries<\/em>.<\/p>\n<p><strong>Objectiu<\/strong>:<\/p>\n<p><em>L&#8217;objectiu principal d\u2019aquest programa \u00e9s millorar la compet\u00e8ncia en lleng\u00fces estrangeres (angl\u00e8s) de l\u2019alumnat.<\/em><br \/>\n<em>Altres objectius s\u00f3n:<\/em><br \/>\n<em>&#8211;\u00a0Desenvolupar compet\u00e8ncies clau pel m\u00f3n actual.<\/em><br \/>\n<em>&#8211; Fomentar el treball cooperatiu i per projectes.<\/em><br \/>\n<em>&#8211; Potenciar el treball interdisciplinari.<\/em><br \/>\n<em>&#8211; Adquirir estrat\u00e8gies per a l\u2019aprenentatge aut\u00f2nom (aprendre a aprendre)<\/em><\/p>\n<p><strong>AICLE\/CLIL<\/strong>:<\/p>\n<p><em>&#8220;<strong>Aprenentatge Integrat de Contingut i Llengua Estrangera&#8221;<\/strong> (AICLE\/CLIL) \u00e9s un enfocament educatiu en el qual una llengua estrangera s\u2019utilitza com a mitj\u00e0 d\u2019instrucci\u00f3 per ensenyar continguts de mat\u00e8ria.<\/em><\/p>\n<p><em>L\u2019AICLE contribueix a incrementar la compet\u00e8ncia ling\u00fc\u00edstica de l\u2019aprenent a trav\u00e9s de reptes cognitius i d\u2019activitats de resoluci\u00f3 de problemes, promou l\u2019autonomia de l\u2019aprenent i l\u2019ajuda a desenvolupar compet\u00e8ncies del pensament (thinking skills). Les classes AICLE es caracteritzen per l\u2019\u00fas que es fa de la llengua amb un prop\u00f2sit real, \u00e9s a dir, el seu \u00fas \u00e9s aut\u00e8ntic i molt m\u00e9s significatiu per als alumnes.<\/em><\/p>\n<p><strong>Our school<\/strong>:<\/p>\n<p><em>Marta Mata School is a public school which is financed with public funds from the Education Department of La Generalitat. It is set in Nou Barris, Barcelona. In our district there are many public schools and private schools with public funding.<\/em><\/p>\n<p><em>The school is quite small. It is provided with three years of kindergarten and six of Primary Education. There is <strong>one class in each grade<\/strong> and the <strong>ratio is between 23-26 students<\/strong> per class. The <strong>mother tongue in the school is Catalan<\/strong> and all the lessons are taught in Catalan apart from Spanish, the English subject, Arts and Crafts and some workshops. The school day goes from 9:00 to 12:30 and from 15:00 to 16:30.<\/em><\/p>\n<p><em>It is needed a good coordination with the teaching team and, for the school, it is important to <strong>keep a good relationship with the families<\/strong> with the purpose of giving to children the best integral and harmonic education.<\/em><br \/>\n<em>The Faculty and the Management team of the school work together to promote and modernise the school in all its scopes.<\/em><\/p>\n<p><em>There is <strong>some cultural diversity<\/strong> in its school area, most of the people speak Spanish and other languages as their mother tongue.<\/em><\/p>\n<p><em>We have started implementing CLIL methodologies in Art classes with our Elementary classmates but we have also incorporated some English workshops.<\/em><\/p>\n<p><strong>Classroom ideas:<\/strong><\/p>\n<ul style=\"list-style-type: disc;\">\n<li><em>Introduction of Arts and Crafts (CLIL) from 1 st grade to 6 th grade.<\/em><\/li>\n<li><em>Some workshops are taught in English. For instance, cooking in 5 th and 6 th grade.<\/em><\/li>\n<li><em>Design an interdisciplinary project called \u201caround the world\u201d from 1 st grade to 6 th grade. This project will culminate during the cultural week celebrating and English day.<\/em><\/li>\n<li><em>Introduction of story-telling time during \u201capadrinament lector\u201d on Fridays.<\/em><\/li>\n<li><em>Many parts of the school will be labelled using Catalan, Spanish and English.<\/em><\/li>\n<li><em>Introduction of songs, poems or riddles during our winter festival.<\/em><\/li>\n<\/ul>\n","protected":false},"excerpt":{"rendered":"<p><a href=\"https:\/\/agora.xtec.cat\/escolamartamatabcn\/categoria\/gep\/\">ACCEDEIX AL BLOC DEL GEP<\/a><br \/>\nWhats GEP:<br \/>\nEl GEP o Grup d\u2019Experimentaci\u00f3 per al Pluriling\u00fcisme \u00e9s un programa pluriling\u00fce impulsat pel Departament d\u2019Ensenyament de la Generalitat de Catalunya en el que hi participen centres de tot Catalunya. La nostra escola formar\u00e0 part d\u2019aquest grup experimental durant&hellip;  <a href=\"https:\/\/agora.xtec.cat\/escolamartamatabcn\/lescola\/innovacio\/projecte-gep\/\" title=\"Read PROJECTE GEP\">Llegeix m\u00e9s\u00bb<\/a><\/p>\n","protected":false},"author":1,"featured_media":0,"parent":1602,"menu_order":0,"comment_status":"closed","ping_status":"closed","template":"page-templates\/side-menu.php","meta":{"_bbp_topic_count":0,"_bbp_reply_count":0,"_bbp_total_topic_count":0,"_bbp_total_reply_count":0,"_bbp_voice_count":0,"_bbp_anonymous_reply_count":0,"_bbp_topic_count_hidden":0,"_bbp_reply_count_hidden":0,"_bbp_forum_subforum_count":0,"footnotes":""},"class_list":["post-1607","page","type-page","status-publish","hentry"],"post_mailing_queue_ids":[],"_links":{"self":[{"href":"https:\/\/agora.xtec.cat\/escolamartamatabcn\/wp-json\/wp\/v2\/pages\/1607","targetHints":{"allow":["GET"]}}],"collection":[{"href":"https:\/\/agora.xtec.cat\/escolamartamatabcn\/wp-json\/wp\/v2\/pages"}],"about":[{"href":"https:\/\/agora.xtec.cat\/escolamartamatabcn\/wp-json\/wp\/v2\/types\/page"}],"author":[{"embeddable":true,"href":"https:\/\/agora.xtec.cat\/escolamartamatabcn\/wp-json\/wp\/v2\/users\/1"}],"replies":[{"embeddable":true,"href":"https:\/\/agora.xtec.cat\/escolamartamatabcn\/wp-json\/wp\/v2\/comments?post=1607"}],"version-history":[{"count":4,"href":"https:\/\/agora.xtec.cat\/escolamartamatabcn\/wp-json\/wp\/v2\/pages\/1607\/revisions"}],"predecessor-version":[{"id":18608,"href":"https:\/\/agora.xtec.cat\/escolamartamatabcn\/wp-json\/wp\/v2\/pages\/1607\/revisions\/18608"}],"up":[{"embeddable":true,"href":"https:\/\/agora.xtec.cat\/escolamartamatabcn\/wp-json\/wp\/v2\/pages\/1602"}],"wp:attachment":[{"href":"https:\/\/agora.xtec.cat\/escolamartamatabcn\/wp-json\/wp\/v2\/media?parent=1607"}],"curies":[{"name":"wp","href":"https:\/\/api.w.org\/{rel}","templated":true}]}}