{"id":9907,"date":"2020-05-09T18:02:02","date_gmt":"2020-05-09T16:02:02","guid":{"rendered":"https:\/\/agora.xtec.cat\/escolamartamata\/?page_id=9907"},"modified":"2020-05-10T11:26:51","modified_gmt":"2020-05-10T09:26:51","slug":"documentacio-i-criteris","status":"publish","type":"page","link":"https:\/\/agora.xtec.cat\/escolamartamata\/documentacio-i-criteris\/","title":{"rendered":"DOCUMENTACI\u00d3 I CRITERIS DE PRIORITAT"},"content":{"rendered":"<p>Un cop feta la sol\u00b7licitud, cal enviar per correu electr\u00f2nic <strong>el resguard de la sol\u00b7licitud<\/strong>, acompanyant-la de la <strong>documentaci\u00f3 necess\u00e0ria<\/strong> i justificar tamb\u00e9 si es compleix algun <strong>Criteri de Prioritat<\/strong> per la seva puntuaci\u00f3.<\/p>\n<p>&nbsp;<\/p>\n<p><strong>DOCUMENTACI\u00d3 QUE CAL APORTAR<\/strong><\/p>\n<p>Cal adjuntar els seg\u00fcents documents, <strong>escanejats o fotografiats<\/strong>:<\/p>\n<ul>\n<li><strong>El\u00a0llibre de fam\u00edlia<\/strong> o altres documents relatius a la filiaci\u00f3. Si l&#8217;alumne o alumna est\u00e0 en situaci\u00f3 d&#8217;acolliment, la resoluci\u00f3 d&#8217;acolliment del Departament de Treball, Afers Socials i Fam\u00edlies.<\/li>\n<li><strong>El DNI de la persona sol\u00b7licitant<\/strong> (pare, mare, tutor\/a o guardador\/a de fet) o, si el sol\u00b7licitant \u00e9s estranger, de la targeta de resid\u00e8ncia on consta el NIE o el passaport. Si es tracta d&#8217;estrangers comunitaris, document d&#8217;identitat del pa\u00eds d&#8217;origen.<\/li>\n<li><strong>El DNI\u00a0de l&#8217;alumne o alumna<\/strong> major de 14 anys o si t\u00e9 DNI tot i ser menor de 14 anys.<\/li>\n<\/ul>\n<p>&nbsp;<\/p>\n<p><strong>CRITERIS DE PRIORITAT<\/strong><\/p>\n<p id=\"FW_bloc_64c3baaf-55e8-11e4-aafa-000c29f68999_2\" class=\"FW_ancora\">Les persones que al\u00b7leguen el compliment d\u2019un o m\u00e9s criteris de prioritat han d\u2019enviar tamb\u00e9 la\u00a0<strong>documentaci\u00f3<\/strong>\u00a0escanejada o fotografiada, per les dues cares, que s\u2019indica per a cada criteri.<\/p>\n<div class=\"FW_sArticleFoto\">\n<div class=\"FW_sEditPro\">\n<p>&nbsp;<\/p>\n<p><strong>1.<\/strong> Si t\u00e9 <strong>Germans\u00a0escolaritzats al centre<\/strong>\u00a0(en el moment de presentar la sol\u00b7licitud de preinscripci\u00f3)<\/p>\n<p>Aquest criteri \u00e9s aplicable a infants i joves en situaci\u00f3 d\u2019acolliment familiar atenent a la composici\u00f3 de la fam\u00edlia acollidora.<\/p>\n<p>Barem:\u00a0<strong>40 punts. <\/strong>Documents: No cal aportar cap documentaci\u00f3.<\/p>\n<p>&nbsp;<\/p>\n<p><strong>2.<\/strong> La <strong>Proximitat del\u00a0domicili\u00a0<\/strong>(nom\u00e9s es pot acreditar una puntuaci\u00f3 dins aquest apartat)<\/p>\n<ul>\n<li>Quan el domicili habitual es troba a l\u2019\u00e0rea d\u2019influ\u00e8ncia del centre:\u00a0<strong>30 punts<\/strong>. Cal aportar el DNI o NIE, on ja consta l\u2019adre\u00e7a.<\/li>\n<li>Quan l\u2019adre\u00e7a del lloc de treball del pare, la mare, el tutor o tutora, \u00e9s dins l\u2019\u00e0rea d\u2019influ\u00e8ncia del centre:\u00a0<strong>20 punts<\/strong>. Quan, per aquest criteri es considera el domicili del lloc de treball, cal presentar el contracte laboral o un certificat em\u00e8s a aquest efecte per l\u2019empresa.<\/li>\n<li>Quan el domicili habitual \u00e9s al mateix municipi\u00a0del centre sol\u00b7licitat en primer lloc, per\u00f2 no en la seva \u00e0rea d\u2019influ\u00e8ncia:\u00a0<strong>10 punts<\/strong>. Si el domicili \u00e9s a Vilanova del Cam\u00ed, totes les fam\u00edlies tenen els 30 punts de la primera opci\u00f3.<\/li>\n<\/ul>\n<p>&nbsp;<\/p>\n<p><strong>3. La Renda anual <\/strong>de la unitat familiar\u00a0en el cas que\u00a0el pare, la mare, el tutor o tutora, o el guardador o guardadora, siguin beneficiaris de l\u2019ajut de la renda garantida de ciutadania.<\/p>\n<p>Barem:\u00a0<strong>10 punts. <\/strong>Documents: Acreditaci\u00f3 de ser beneficiari o benefici\u00e0ria de la prestaci\u00f3 econ\u00f2mica de la renda garantida de ciutadania.<\/p>\n<p>&nbsp;<\/p>\n<p><strong>4. Discapacitat<\/strong>\u00a0(igual o superior al 33%) de l\u2019alumne o alumna, el pare o mare, o el germ\u00e0 o germana.<\/p>\n<p>Barem:\u00a0<strong>10 punts. <\/strong>Documents:<\/p>\n<ul>\n<li>El certificat o la targeta acreditativa de la discapacitat de la persona que n\u2019al\u00b7lega la condici\u00f3 em\u00e8s pel Departament de Treball, Afers Socials i Fam\u00edlies o organismes competents d\u2019altres comunitats aut\u00f2nomes.<\/li>\n<li>Si \u00e9s el cas, el document acreditatiu de ser beneficiari d\u2019una pensi\u00f3 d\u2019incapacitat permanent de grau total o de gran invalidesa i els de les classes passives que tenen reconeguda una pensi\u00f3 de jubilaci\u00f3 o de retir per incapacitat permanent per al servei o inutilitat.<\/li>\n<\/ul>\n<p>&nbsp;<\/p>\n<p><strong>5. <\/strong>Si l\u2019alumne o alumna forma part d\u2019una <strong>fam\u00edlia nombrosa o monoparental.<\/strong><\/p>\n<p>Barem:\u00a0<strong>15 punts. <\/strong>Documents: El t\u00edtol\u00a0de fam\u00edlia nombrosa o monoparental vigent.<\/p>\n<\/div>\n<\/div>\n","protected":false},"excerpt":{"rendered":"<p>Un cop feta la sol\u00b7licitud, cal enviar per correu electr\u00f2nic el resguard de la sol\u00b7licitud, acompanyant-la de la documentaci\u00f3 necess\u00e0ria i justificar tamb\u00e9 si es compleix algun Criteri de Prioritat per la seva puntuaci\u00f3.<br \/>\n&nbsp;<br \/>\nDOCUMENTACI\u00d3 QUE CAL APORTAR<br \/>\nCal adjuntar els seg\u00fcents documents, escanejats o fotografiats:<\/p>\n<ul>\n<li>El\u00a0llibre de&hellip;  <a href=\"https:\/\/agora.xtec.cat\/escolamartamata\/documentacio-i-criteris\/\" title=\"Read DOCUMENTACI\u00d3 I CRITERIS DE PRIORITAT\">Llegeix m\u00e9s\u00bb<\/a><br \/>\n","protected":false},"author":1,"featured_media":0,"parent":0,"menu_order":1,"comment_status":"closed","ping_status":"closed","template":"","meta":{"_bbp_topic_count":0,"_bbp_reply_count":0,"_bbp_total_topic_count":0,"_bbp_total_reply_count":0,"_bbp_voice_count":0,"_bbp_anonymous_reply_count":0,"_bbp_topic_count_hidden":0,"_bbp_reply_count_hidden":0,"_bbp_forum_subforum_count":0,"footnotes":""},"class_list":["post-9907","page","type-page","status-publish","hentry"],"post_mailing_queue_ids":[],"_links":{"self":[{"href":"https:\/\/agora.xtec.cat\/escolamartamata\/wp-json\/wp\/v2\/pages\/9907","targetHints":{"allow":["GET"]}}],"collection":[{"href":"https:\/\/agora.xtec.cat\/escolamartamata\/wp-json\/wp\/v2\/pages"}],"about":[{"href":"https:\/\/agora.xtec.cat\/escolamartamata\/wp-json\/wp\/v2\/types\/page"}],"author":[{"embeddable":true,"href":"https:\/\/agora.xtec.cat\/escolamartamata\/wp-json\/wp\/v2\/users\/1"}],"replies":[{"embeddable":true,"href":"https:\/\/agora.xtec.cat\/escolamartamata\/wp-json\/wp\/v2\/comments?post=9907"}],"version-history":[{"count":2,"href":"https:\/\/agora.xtec.cat\/escolamartamata\/wp-json\/wp\/v2\/pages\/9907\/revisions"}],"predecessor-version":[{"id":9981,"href":"https:\/\/agora.xtec.cat\/escolamartamata\/wp-json\/wp\/v2\/pages\/9907\/revisions\/9981"}],"wp:attachment":[{"href":"https:\/\/agora.xtec.cat\/escolamartamata\/wp-json\/wp\/v2\/media?parent=9907"}],"curies":[{"name":"wp","href":"https:\/\/api.w.org\/{rel}","templated":true}]}}