{"id":9903,"date":"2020-05-09T17:51:26","date_gmt":"2020-05-09T15:51:26","guid":{"rendered":"https:\/\/agora.xtec.cat\/escolamartamata\/?page_id=9903"},"modified":"2020-05-14T17:01:09","modified_gmt":"2020-05-14T15:01:09","slug":"oferta-de-places-escola-marta-mata","status":"publish","type":"page","link":"https:\/\/agora.xtec.cat\/escolamartamata\/oferta-de-places-escola-marta-mata\/","title":{"rendered":"OFERTA DE PLACES MARTA MATA"},"content":{"rendered":"<p>Si voleu veure la oferta de places de l&#8217;Escola Marta Mata, cliqueu<strong> <a href=\"http:\/\/mapaescolar.gencat.cat\/\" target=\"_blank\" rel=\"noopener noreferrer\">AQU\u00cd.<\/a><\/strong><\/p>\n<p>A la cerca us demanar\u00e0 &#8220;Nom o Codi del Centre&#8221;.<\/p>\n<ul>\n<li>Si poseu el <strong>Nom del Centre<\/strong>, cal posar <strong>Marta Mata<\/strong> i tamb\u00e9 la poblaci\u00f3 <strong>Vilanova del Cam\u00ed<\/strong> (ja que hi ha diferents centres a Catalunya amb el mateix nom) i apretar el bot\u00f3 de <strong>Cerca.<\/strong><\/li>\n<li>Si poseu directament el <strong>Codi del Centre<\/strong> \u00e9s <strong>08063795 <\/strong>i apretar el bot\u00f3 de <strong>Cerca.<\/strong><\/li>\n<\/ul>\n<p>Podeu veure els resultats per llista o per mapa.<\/p>\n<p>&nbsp;<\/p>\n","protected":false},"excerpt":{"rendered":"<p>Si voleu veure la oferta de places de l&#8217;Escola Marta Mata, cliqueu <a href=\"http:\/\/mapaescolar.gencat.cat\/\" target=\"_blank\" rel=\"noopener noreferrer\">AQU\u00cd.<\/a><br \/>\nA la cerca us demanar\u00e0 &#8220;Nom o Codi del Centre&#8221;.<\/p>\n<ul>\n<li>Si poseu el Nom del Centre, cal posar Marta Mata i tamb\u00e9 la poblaci\u00f3 Vilanova del Cam\u00ed (ja que hi&hellip;  <a href=\"https:\/\/agora.xtec.cat\/escolamartamata\/oferta-de-places-escola-marta-mata\/\" title=\"Read OFERTA DE PLACES MARTA MATA\">Llegeix m\u00e9s\u00bb<\/a><br \/>\n","protected":false},"author":1,"featured_media":0,"parent":0,"menu_order":0,"comment_status":"closed","ping_status":"closed","template":"","meta":{"_bbp_topic_count":0,"_bbp_reply_count":0,"_bbp_total_topic_count":0,"_bbp_total_reply_count":0,"_bbp_voice_count":0,"_bbp_anonymous_reply_count":0,"_bbp_topic_count_hidden":0,"_bbp_reply_count_hidden":0,"_bbp_forum_subforum_count":0,"footnotes":""},"class_list":["post-9903","page","type-page","status-publish","hentry"],"post_mailing_queue_ids":[],"_links":{"self":[{"href":"https:\/\/agora.xtec.cat\/escolamartamata\/wp-json\/wp\/v2\/pages\/9903","targetHints":{"allow":["GET"]}}],"collection":[{"href":"https:\/\/agora.xtec.cat\/escolamartamata\/wp-json\/wp\/v2\/pages"}],"about":[{"href":"https:\/\/agora.xtec.cat\/escolamartamata\/wp-json\/wp\/v2\/types\/page"}],"author":[{"embeddable":true,"href":"https:\/\/agora.xtec.cat\/escolamartamata\/wp-json\/wp\/v2\/users\/1"}],"replies":[{"embeddable":true,"href":"https:\/\/agora.xtec.cat\/escolamartamata\/wp-json\/wp\/v2\/comments?post=9903"}],"version-history":[{"count":3,"href":"https:\/\/agora.xtec.cat\/escolamartamata\/wp-json\/wp\/v2\/pages\/9903\/revisions"}],"predecessor-version":[{"id":10100,"href":"https:\/\/agora.xtec.cat\/escolamartamata\/wp-json\/wp\/v2\/pages\/9903\/revisions\/10100"}],"wp:attachment":[{"href":"https:\/\/agora.xtec.cat\/escolamartamata\/wp-json\/wp\/v2\/media?parent=9903"}],"curies":[{"name":"wp","href":"https:\/\/api.w.org\/{rel}","templated":true}]}}