{"id":507,"date":"2019-05-08T15:37:24","date_gmt":"2019-05-08T13:37:24","guid":{"rendered":"https:\/\/agora.xtec.cat\/escolamartamata\/?page_id=507"},"modified":"2025-10-08T10:19:30","modified_gmt":"2025-10-08T08:19:30","slug":"claustre","status":"publish","type":"page","link":"https:\/\/agora.xtec.cat\/escolamartamata\/claustre\/","title":{"rendered":"L&#8217;Equip d&#8217;Intervenci\u00f3 Educativa"},"content":{"rendered":"<p><span style=\"font-weight: 400;\">L\u2019escola est\u00e0 organitzada per tal d\u2019afavorir un lideratge compartit i distribu\u00eft entre tots els membres de la Comunitat Educativa.\u00a0 Treballem en una forma d\u2019organitzaci\u00f3 que estimula la implicaci\u00f3 de tots, afavorint una bona l\u00ednia d\u2019escola, compartida i entesa respectant la diversitat i els nivells evolutius.<\/span><\/p>\n\n\n<figure class=\"wp-block-image size-large\"><a href=\"https:\/\/agora.xtec.cat\/escolamartamata\/wp-content\/uploads\/usu1957\/2025\/10\/organigrama-2526.png\"><img loading=\"lazy\" decoding=\"async\" width=\"1024\" height=\"576\" src=\"https:\/\/agora.xtec.cat\/escolamartamata\/wp-content\/uploads\/usu1957\/2025\/10\/organigrama-2526-1024x576.png\" alt=\"\" class=\"wp-image-35220\" srcset=\"https:\/\/agora.xtec.cat\/escolamartamata\/wp-content\/uploads\/usu1957\/2025\/10\/organigrama-2526-1024x576.png 1024w, https:\/\/agora.xtec.cat\/escolamartamata\/wp-content\/uploads\/usu1957\/2025\/10\/organigrama-2526-300x169.png 300w, https:\/\/agora.xtec.cat\/escolamartamata\/wp-content\/uploads\/usu1957\/2025\/10\/organigrama-2526-768x432.png 768w, https:\/\/agora.xtec.cat\/escolamartamata\/wp-content\/uploads\/usu1957\/2025\/10\/organigrama-2526-1536x864.png 1536w, https:\/\/agora.xtec.cat\/escolamartamata\/wp-content\/uploads\/usu1957\/2025\/10\/organigrama-2526.png 1920w\" sizes=\"auto, (max-width: 1024px) 100vw, 1024px\" \/><\/a><\/figure>\n","protected":false},"excerpt":{"rendered":"<p>L\u2019escola est\u00e0 organitzada per tal d\u2019afavorir un lideratge compartit i distribu\u00eft entre tots els membres de la Comunitat Educativa.\u00a0 Treballem en una forma d\u2019organitzaci\u00f3 que estimula la implicaci\u00f3 de tots, afavorint una bona l\u00ednia d\u2019escola, compartida i entesa respectant la diversitat i els nivells evolutius.<\/p>\n<p><a&hellip;  <a href=\"https:\/\/agora.xtec.cat\/escolamartamata\/claustre\/\" title=\"Read L&#8217;Equip d&#8217;Intervenci\u00f3 Educativa\">Llegeix m\u00e9s\u00bb<\/a><\/p>\n","protected":false},"author":1,"featured_media":0,"parent":0,"menu_order":3,"comment_status":"closed","ping_status":"closed","template":"","meta":{"_bbp_topic_count":0,"_bbp_reply_count":0,"_bbp_total_topic_count":0,"_bbp_total_reply_count":0,"_bbp_voice_count":0,"_bbp_anonymous_reply_count":0,"_bbp_topic_count_hidden":0,"_bbp_reply_count_hidden":0,"_bbp_forum_subforum_count":0,"footnotes":""},"class_list":["post-507","page","type-page","status-publish","hentry"],"post_mailing_queue_ids":[],"_links":{"self":[{"href":"https:\/\/agora.xtec.cat\/escolamartamata\/wp-json\/wp\/v2\/pages\/507","targetHints":{"allow":["GET"]}}],"collection":[{"href":"https:\/\/agora.xtec.cat\/escolamartamata\/wp-json\/wp\/v2\/pages"}],"about":[{"href":"https:\/\/agora.xtec.cat\/escolamartamata\/wp-json\/wp\/v2\/types\/page"}],"author":[{"embeddable":true,"href":"https:\/\/agora.xtec.cat\/escolamartamata\/wp-json\/wp\/v2\/users\/1"}],"replies":[{"embeddable":true,"href":"https:\/\/agora.xtec.cat\/escolamartamata\/wp-json\/wp\/v2\/comments?post=507"}],"version-history":[{"count":6,"href":"https:\/\/agora.xtec.cat\/escolamartamata\/wp-json\/wp\/v2\/pages\/507\/revisions"}],"predecessor-version":[{"id":35221,"href":"https:\/\/agora.xtec.cat\/escolamartamata\/wp-json\/wp\/v2\/pages\/507\/revisions\/35221"}],"wp:attachment":[{"href":"https:\/\/agora.xtec.cat\/escolamartamata\/wp-json\/wp\/v2\/media?parent=507"}],"curies":[{"name":"wp","href":"https:\/\/api.w.org\/{rel}","templated":true}]}}