{"id":503,"date":"2019-05-08T15:35:18","date_gmt":"2019-05-08T13:35:18","guid":{"rendered":"https:\/\/agora.xtec.cat\/escolamartamata\/?page_id=503"},"modified":"2026-02-22T18:32:43","modified_gmt":"2026-02-22T17:32:43","slug":"consell-escolar","status":"publish","type":"page","link":"https:\/\/agora.xtec.cat\/escolamartamata\/consell-escolar\/","title":{"rendered":"El Consell Escolar"},"content":{"rendered":"\n<div class=\"wp-block-getwid-tabs\" data-active-tab=\"0\"><ul class=\"wp-block-getwid-tabs__nav-links\"><\/ul>\n<div class=\"wp-block-getwid-tabs__nav-link\"><span class=\"wp-block-getwid-tabs__title-wrapper\"><a href=\"#\"><span class=\"wp-block-getwid-tabs__title\">Informaci\u00f3 General<\/span><\/a><\/span><\/div><div class=\"wp-block-getwid-tabs__tab-content-wrapper\"><div class=\"wp-block-getwid-tabs__tab-content\"><div class=\"wp-block-image\">\n<figure class=\"alignleft\"><a href=\"https:\/\/agora.xtec.cat\/escolamartamata\/wp-content\/uploads\/usu1957\/2023\/10\/Consell-escolar-1_page-0001-scaled.jpg\"><img loading=\"lazy\" decoding=\"async\" width=\"410\" height=\"1024\" src=\"https:\/\/agora.xtec.cat\/escolamartamata\/wp-content\/uploads\/usu1957\/2023\/10\/Consell-escolar-1_page-0001-410x1024.jpg\" alt=\"\" class=\"wp-image-27321\" srcset=\"https:\/\/agora.xtec.cat\/escolamartamata\/wp-content\/uploads\/usu1957\/2023\/10\/Consell-escolar-1_page-0001-410x1024.jpg 410w, https:\/\/agora.xtec.cat\/escolamartamata\/wp-content\/uploads\/usu1957\/2023\/10\/Consell-escolar-1_page-0001-120x300.jpg 120w, https:\/\/agora.xtec.cat\/escolamartamata\/wp-content\/uploads\/usu1957\/2023\/10\/Consell-escolar-1_page-0001-768x1920.jpg 768w, https:\/\/agora.xtec.cat\/escolamartamata\/wp-content\/uploads\/usu1957\/2023\/10\/Consell-escolar-1_page-0001-819x2048.jpg 819w, https:\/\/agora.xtec.cat\/escolamartamata\/wp-content\/uploads\/usu1957\/2023\/10\/Consell-escolar-1_page-0001-scaled.jpg 1024w\" sizes=\"auto, (max-width: 410px) 100vw, 410px\" \/><\/a><\/figure><\/div><\/div><\/div>\n\n\n\n<div class=\"wp-block-getwid-tabs__nav-link\"><span class=\"wp-block-getwid-tabs__title-wrapper\"><a href=\"#\"><span class=\"wp-block-getwid-tabs__title\">Components<\/span><\/a><\/span><\/div><div class=\"wp-block-getwid-tabs__tab-content-wrapper\"><div class=\"wp-block-getwid-tabs__tab-content\">\n<p>Els components del <strong>CONSELL ESCOLAR <\/strong>d&#8217;aquest curs s\u00f3n:<\/p>\n\n\n\n<p><strong>Presidenta:<\/strong> Marta Trullols<\/p>\n\n\n\n<p><strong>Secret\u00e0ria:<\/strong> L\u00eddia Rodr\u00edguez<\/p>\n\n\n\n<p><strong>Cap d&#8217;Estudis:<\/strong> Daniel Tom\u00e0s<\/p>\n\n\n\n<p><strong>Representants de Mestres:<\/strong> Eva Valls, Ivet Dom\u00ednguez, Mireia Puig, Toni Ruiz, Laura Lorenzo i Angelica Garz\u00e1s<\/p>\n\n\n\n<p><strong>Representants de Pares i Mares:<\/strong> Elena D\u00e0vila, Patricia Paz, Marc Jorques, Jonathan Cristobal i Carla Guzm\u00e1n<\/p>\n\n\n\n<p><strong>Representant AFA:<\/strong> Ingrid Fern\u00e1ndez<\/p>\n\n\n\n<p><strong>Representant PAS:<\/strong> Dolors Medina<\/p>\n\n\n\n<p><strong>Representant PAE:<\/strong> Carme Bernaus<\/p>\n\n\n\n<p><strong>Representant Ajuntament:<\/strong> Rebeca Mendiola<\/p>\n<\/div><\/div>\n\n\n\n<div class=\"wp-block-getwid-tabs__nav-link\"><span class=\"wp-block-getwid-tabs__title-wrapper\"><a href=\"#\"><span class=\"wp-block-getwid-tabs__title\">Acords presos<\/span><\/a><\/span><\/div><div class=\"wp-block-getwid-tabs__tab-content-wrapper\"><div class=\"wp-block-getwid-tabs__tab-content\">\n<p>A continuaci\u00f3 podeu consultar la informaci\u00f3 i els acords dels passats Consells Escolars:<\/p>\n\n\n\n<p><a href=\"https:\/\/agora.xtec.cat\/escolamartamata\/wp-content\/uploads\/usu1957\/2026\/02\/CONSELL-ESCOLAR-0302.jpg\">Consell Escolar 3 de febrer<\/a><\/p>\n\n\n\n<p><a href=\"https:\/\/agora.xtec.cat\/escolamartamata\/wp-content\/uploads\/usu1957\/2025\/12\/CONSELL-ESCOLAR-212.jpg\">Consell Escolar 2 de desembre de 2025<\/a><\/p>\n\n\n\n<p><a href=\"https:\/\/agora.xtec.cat\/escolamartamata\/wp-content\/uploads\/usu1957\/2025\/10\/7-10-Consell-Escolar-2.png\">Consell Escolar 7 d&#8217;octubre de 2025<\/a><\/p>\n\n\n\n<p><a href=\"https:\/\/agora.xtec.cat\/escolamartamata\/wp-content\/uploads\/usu1957\/2025\/09\/0309_Consell-Escolar-3.jpg\" data-type=\"link\" data-id=\"https:\/\/agora.xtec.cat\/escolamartamata\/wp-content\/uploads\/usu1957\/2025\/09\/0309_Consell-Escolar-3.jpg\">Consell Escolar 3 de setembre de 2025<\/a><\/p>\n\n\n\n<p><a href=\"https:\/\/agora.xtec.cat\/escolamartamata\/wp-content\/uploads\/usu1957\/2025\/06\/1606_Consell-Escolar.jpg\" target=\"_blank\" rel=\"noreferrer noopener\">Consell Escolar 16 de juny de 2025<\/a><\/p>\n\n\n\n<p><a href=\"https:\/\/agora.xtec.cat\/escolamartamata\/wp-content\/uploads\/usu1957\/2025\/06\/2503_Consell-Escolar.jpg\" target=\"_blank\" rel=\"noreferrer noopener\">Consell Escolar 25 de mar\u00e7 de 2025<\/a><\/p>\n\n\n\n<p><a href=\"https:\/\/agora.xtec.cat\/escolamartamata\/wp-content\/uploads\/usu1957\/2025\/02\/1510_Consell-Escolar-1.jpg\" target=\"_blank\" rel=\"noreferrer noopener\">Consell Escolar 28 de gener de 2025<\/a><\/p>\n\n\n\n<p><a href=\"https:\/\/agora.xtec.cat\/escolamartamata\/wp-content\/uploads\/usu1957\/2024\/11\/1510_Consell-Escolar.jpg\" target=\"_blank\" rel=\"noreferrer noopener\">Consell Escolar 15 d&#8217;octubre de 2024<\/a><\/p>\n\n\n\n<p><a href=\"https:\/\/agora.xtec.cat\/escolamartamata\/wp-content\/uploads\/usu1957\/2024\/09\/0309_Consell-Escolar-1.jpg\">Consell Escolar 3 de setembre de 2024<\/a><\/p>\n\n\n\n<p><a href=\"https:\/\/agora.xtec.cat\/escolamartamata\/wp-content\/uploads\/usu1957\/2024\/03\/CONSELL-ESCOLAR-1903.jpg\" target=\"_blank\" rel=\"noreferrer noopener\">Consell Escolar 19 de mar\u00e7 de 2024<\/a><\/p>\n\n\n\n<p><a href=\"https:\/\/agora.xtec.cat\/escolamartamata\/wp-content\/uploads\/usu1957\/2023\/10\/CONSELL-ESCOLAR-050923.jpg\" target=\"_blank\" rel=\"noreferrer noopener\">Consell Escolar 5 de setembre de 2023<\/a><\/p>\n\n\n\n<p><a href=\"https:\/\/agora.xtec.cat\/escolamartamata\/wp-content\/uploads\/usu1957\/2023\/06\/CONSELL-ESCOLAR.jpg\" target=\"_blank\" rel=\"noreferrer noopener\">Consell Escolar 27 de juny de 2023<\/a><\/p>\n\n\n\n<p><a href=\"https:\/\/agora.xtec.cat\/escolamartamata\/wp-content\/uploads\/usu1957\/2023\/01\/CONSELL-ESCOLAR-3011.png\" target=\"_blank\" rel=\"noreferrer noopener\">Consell Escolar 30 de novembre de 2022<\/a><\/p>\n\n\n\n<p><a href=\"https:\/\/agora.xtec.cat\/escolamartamata\/wp-content\/uploads\/usu1957\/2022\/07\/CONSELL-ESCOLAR-0507.jpg\">Consell Escolar 5 de juliol de 2022<\/a><\/p>\n\n\n\n<p><a href=\"https:\/\/agora.xtec.cat\/escolamartamata\/wp-content\/uploads\/usu1957\/2022\/04\/23_marc_ConsellEscolar.jpg\" target=\"_blank\" rel=\"noreferrer noopener\">Consell Escolar 23 de mar\u00e7 de 2022<\/a><\/p>\n\n\n\n<p><a href=\"https:\/\/agora.xtec.cat\/escolamartamata\/wp-content\/uploads\/usu1957\/2022\/04\/9_febrer_ConsellEscolar.jpg\" target=\"_blank\" rel=\"noreferrer noopener\">Consell Escolar 9 de Febrer de 2022<\/a><\/p>\n<\/div><\/div>\n<\/div>\n","protected":false},"excerpt":{"rendered":"<ul class=\"wp-block-getwid-tabs__nav-links\"><\/ul>\n<p><a href=\"#\">Informaci\u00f3 General<\/a><br \/>\n<a href=\"https:\/\/agora.xtec.cat\/escolamartamata\/wp-content\/uploads\/usu1957\/2023\/10\/Consell-escolar-1_page-0001-scaled.jpg\"><\/a><\/p>\n<p><a href=\"#\">Components<\/a><br \/>\nEls components del CONSELL ESCOLAR d&#8217;aquest curs s\u00f3n:<\/p>\n<p>Presidenta: Marta Trullols<\/p>\n<p>Secret\u00e0ria: L\u00eddia Rodr\u00edguez<\/p>\n<p>Cap d&#8217;Estudis: Daniel Tom\u00e0s<\/p>\n<p>Representants de Mestres: Eva Valls, Ivet Dom\u00ednguez, Mireia Puig, Toni Ruiz, Laura Lorenzo i Angelica Garz\u00e1s<\/p>\n<p>Representants de Pares i Mares: Elena D\u00e0vila, Patricia Paz, Marc Jorques,&hellip;  <a href=\"https:\/\/agora.xtec.cat\/escolamartamata\/consell-escolar\/\" title=\"Read El Consell Escolar\">Llegeix m\u00e9s\u00bb<\/a><\/p>\n","protected":false},"author":1,"featured_media":0,"parent":0,"menu_order":1,"comment_status":"closed","ping_status":"closed","template":"","meta":{"_bbp_topic_count":0,"_bbp_reply_count":0,"_bbp_total_topic_count":0,"_bbp_total_reply_count":0,"_bbp_voice_count":0,"_bbp_anonymous_reply_count":0,"_bbp_topic_count_hidden":0,"_bbp_reply_count_hidden":0,"_bbp_forum_subforum_count":0,"footnotes":""},"class_list":["post-503","page","type-page","status-publish","hentry"],"post_mailing_queue_ids":[],"_links":{"self":[{"href":"https:\/\/agora.xtec.cat\/escolamartamata\/wp-json\/wp\/v2\/pages\/503","targetHints":{"allow":["GET"]}}],"collection":[{"href":"https:\/\/agora.xtec.cat\/escolamartamata\/wp-json\/wp\/v2\/pages"}],"about":[{"href":"https:\/\/agora.xtec.cat\/escolamartamata\/wp-json\/wp\/v2\/types\/page"}],"author":[{"embeddable":true,"href":"https:\/\/agora.xtec.cat\/escolamartamata\/wp-json\/wp\/v2\/users\/1"}],"replies":[{"embeddable":true,"href":"https:\/\/agora.xtec.cat\/escolamartamata\/wp-json\/wp\/v2\/comments?post=503"}],"version-history":[{"count":6,"href":"https:\/\/agora.xtec.cat\/escolamartamata\/wp-json\/wp\/v2\/pages\/503\/revisions"}],"predecessor-version":[{"id":37095,"href":"https:\/\/agora.xtec.cat\/escolamartamata\/wp-json\/wp\/v2\/pages\/503\/revisions\/37095"}],"wp:attachment":[{"href":"https:\/\/agora.xtec.cat\/escolamartamata\/wp-json\/wp\/v2\/media?parent=503"}],"curies":[{"name":"wp","href":"https:\/\/api.w.org\/{rel}","templated":true}]}}