{"id":501,"date":"2019-05-08T15:34:13","date_gmt":"2019-05-08T13:34:13","guid":{"rendered":"https:\/\/agora.xtec.cat\/escolamartamata\/?page_id=501"},"modified":"2024-09-23T08:59:55","modified_gmt":"2024-09-23T06:59:55","slug":"serveis-educatius","status":"publish","type":"page","link":"https:\/\/agora.xtec.cat\/escolamartamata\/serveis-educatius\/","title":{"rendered":"Altre Personal del Centre"},"content":{"rendered":"<p><strong>Conserge:<\/strong> Toni Tostado<\/p>\n<p><strong>Administrativa:<\/strong> Dolors Medina<\/p>\n<p><strong>Referent EAP:<\/strong> Marta Garriga<\/p>\n<p><strong>Menjador (Cuina):<\/strong> S\u00edlvia Gonz\u00e1lez, Merc\u00e8 Morat\u00f3 i Mar\u00eda Ba\u00f1os<\/p>\n<p><strong>Menjador (monitores)<\/strong>: Anna Llid\u00f3, Duna Barrera i L\u00eddia Parre\u00f1o<\/p>\n<p style=\"text-align: left;\">\n","protected":false},"excerpt":{"rendered":"<p>Conserge: Toni Tostado<br \/>\nAdministrativa: Dolors Medina<br \/>\nReferent EAP: Marta Garriga<br \/>\nMenjador (Cuina): S\u00edlvia Gonz\u00e1lez, Merc\u00e8 Morat\u00f3 i Mar\u00eda Ba\u00f1os<br \/>\nMenjador (monitores): Anna Llid\u00f3, Duna Barrera i L\u00eddia Parre\u00f1o<\/p>\n","protected":false},"author":1,"featured_media":0,"parent":0,"menu_order":6,"comment_status":"closed","ping_status":"closed","template":"","meta":{"_bbp_topic_count":0,"_bbp_reply_count":0,"_bbp_total_topic_count":0,"_bbp_total_reply_count":0,"_bbp_voice_count":0,"_bbp_anonymous_reply_count":0,"_bbp_topic_count_hidden":0,"_bbp_reply_count_hidden":0,"_bbp_forum_subforum_count":0,"footnotes":""},"class_list":["post-501","page","type-page","status-publish","hentry"],"post_mailing_queue_ids":[],"_links":{"self":[{"href":"https:\/\/agora.xtec.cat\/escolamartamata\/wp-json\/wp\/v2\/pages\/501","targetHints":{"allow":["GET"]}}],"collection":[{"href":"https:\/\/agora.xtec.cat\/escolamartamata\/wp-json\/wp\/v2\/pages"}],"about":[{"href":"https:\/\/agora.xtec.cat\/escolamartamata\/wp-json\/wp\/v2\/types\/page"}],"author":[{"embeddable":true,"href":"https:\/\/agora.xtec.cat\/escolamartamata\/wp-json\/wp\/v2\/users\/1"}],"replies":[{"embeddable":true,"href":"https:\/\/agora.xtec.cat\/escolamartamata\/wp-json\/wp\/v2\/comments?post=501"}],"version-history":[{"count":5,"href":"https:\/\/agora.xtec.cat\/escolamartamata\/wp-json\/wp\/v2\/pages\/501\/revisions"}],"predecessor-version":[{"id":30745,"href":"https:\/\/agora.xtec.cat\/escolamartamata\/wp-json\/wp\/v2\/pages\/501\/revisions\/30745"}],"wp:attachment":[{"href":"https:\/\/agora.xtec.cat\/escolamartamata\/wp-json\/wp\/v2\/media?parent=501"}],"curies":[{"name":"wp","href":"https:\/\/api.w.org\/{rel}","templated":true}]}}