{"id":498,"date":"2019-05-08T15:32:49","date_gmt":"2019-05-08T13:32:49","guid":{"rendered":"https:\/\/agora.xtec.cat\/escolamartamata\/?page_id=498"},"modified":"2019-08-05T18:31:35","modified_gmt":"2019-08-05T16:31:35","slug":"la-nostra-escola","status":"publish","type":"page","link":"https:\/\/agora.xtec.cat\/escolamartamata\/la-nostra-escola\/","title":{"rendered":"La nostra escola"},"content":{"rendered":"<p>&#8220;Ens agrada crear situacions d\u2019aula que generin processos d\u2019<strong>aprenentatge<\/strong> partint principalment de les an\u00e8cdotes del dia a dia&#8221;<\/p>\n<p>&#8220;Volem que la <strong>vida<\/strong> entri a l\u2019aula ja que aprenem sempre, en m\u00faltiples contextos, perqu\u00e8 \u00e9s necessitat i condici\u00f3 de ser humans&#8221;<\/p>\n<p>&#8220;Treballem per <strong>projectes<\/strong> i programem projectant il\u00b7lusions d\u2019infants i de mestres&#8221;<\/p>\n<p>&#8220;Les nostres aules s\u00f3n com una mena de laboratoris o cuines d\u2019experi\u00e8ncies, de neguits, de dubtes, d\u2019hip\u00f2tesis, de moltes <strong>preguntes<\/strong> i algunes <strong>respostes<\/strong>&#8230;&#8221;<\/p>\n<p>&#8220;Apostem per fomentar la <strong>creativitat personal<\/strong>, ments actives i diverses a la recerca de l\u2019autoconeixement i d\u2019all\u00f2 que ens fa ser \u00fanics i singulars com a individus. Un vot de respecte per les <strong>intel\u00b7lig\u00e8ncies m\u00faltiples<\/strong> i tota la confian\u00e7a perqu\u00e8 cadasc\u00fa aporti <strong>el millor<\/strong> d\u2019ell mateix a la comunitat, a l\u2019escola, i m\u00e9s endavant a la societat&#8221;<\/p>\n<p>&#8220;\u00c9s bo cuidar el <strong>temps<\/strong> i els <strong>espais<\/strong> per sentir, compartir, reflexionar, parlar&#8230; \u00c9s aix\u00ed com pensem que es generen els petits i els grans canvis&#8221;<\/p>\n<p><a href=\"https:\/\/agora.xtec.cat\/escolamartamata\/wp-content\/uploads\/usu1957\/2019\/05\/NelkenLineArticle.jpeg\"><img loading=\"lazy\" decoding=\"async\" class=\"aligncenter wp-image-499 size-full\" src=\"https:\/\/agora.xtec.cat\/escolamartamata\/wp-content\/uploads\/usu1957\/2019\/05\/NelkenLineArticle.jpeg\" alt=\"Nelken Line\" width=\"602\" height=\"400\" srcset=\"https:\/\/agora.xtec.cat\/escolamartamata\/wp-content\/uploads\/usu1957\/2019\/05\/NelkenLineArticle.jpeg 602w, https:\/\/agora.xtec.cat\/escolamartamata\/wp-content\/uploads\/usu1957\/2019\/05\/NelkenLineArticle-300x199.jpeg 300w\" sizes=\"auto, (max-width: 602px) 100vw, 602px\" \/><\/a><\/p>\n","protected":false},"excerpt":{"rendered":"<p>&#8220;Ens agrada crear situacions d\u2019aula que generin processos d\u2019aprenentatge partint principalment de les an\u00e8cdotes del dia a dia&#8221;<br \/>\n&#8220;Volem que la vida entri a l\u2019aula ja que aprenem sempre, en m\u00faltiples contextos, perqu\u00e8 \u00e9s necessitat i condici\u00f3 de ser humans&#8221;<br \/>\n&#8220;Treballem per projectes i programem projectant il\u00b7lusions&hellip;  <a href=\"https:\/\/agora.xtec.cat\/escolamartamata\/la-nostra-escola\/\" title=\"Read La nostra escola\">Llegeix m\u00e9s\u00bb<\/a><\/p>\n","protected":false},"author":1,"featured_media":0,"parent":0,"menu_order":1,"comment_status":"closed","ping_status":"closed","template":"","meta":{"_bbp_topic_count":0,"_bbp_reply_count":0,"_bbp_total_topic_count":0,"_bbp_total_reply_count":0,"_bbp_voice_count":0,"_bbp_anonymous_reply_count":0,"_bbp_topic_count_hidden":0,"_bbp_reply_count_hidden":0,"_bbp_forum_subforum_count":0,"footnotes":""},"class_list":["post-498","page","type-page","status-publish","hentry"],"post_mailing_queue_ids":[],"_links":{"self":[{"href":"https:\/\/agora.xtec.cat\/escolamartamata\/wp-json\/wp\/v2\/pages\/498","targetHints":{"allow":["GET"]}}],"collection":[{"href":"https:\/\/agora.xtec.cat\/escolamartamata\/wp-json\/wp\/v2\/pages"}],"about":[{"href":"https:\/\/agora.xtec.cat\/escolamartamata\/wp-json\/wp\/v2\/types\/page"}],"author":[{"embeddable":true,"href":"https:\/\/agora.xtec.cat\/escolamartamata\/wp-json\/wp\/v2\/users\/1"}],"replies":[{"embeddable":true,"href":"https:\/\/agora.xtec.cat\/escolamartamata\/wp-json\/wp\/v2\/comments?post=498"}],"version-history":[{"count":3,"href":"https:\/\/agora.xtec.cat\/escolamartamata\/wp-json\/wp\/v2\/pages\/498\/revisions"}],"predecessor-version":[{"id":655,"href":"https:\/\/agora.xtec.cat\/escolamartamata\/wp-json\/wp\/v2\/pages\/498\/revisions\/655"}],"wp:attachment":[{"href":"https:\/\/agora.xtec.cat\/escolamartamata\/wp-json\/wp\/v2\/media?parent=498"}],"curies":[{"name":"wp","href":"https:\/\/api.w.org\/{rel}","templated":true}]}}