{"id":35225,"date":"2025-10-08T18:44:03","date_gmt":"2025-10-08T16:44:03","guid":{"rendered":"https:\/\/agora.xtec.cat\/escolamartamata\/?page_id=35225"},"modified":"2025-10-08T18:44:03","modified_gmt":"2025-10-08T16:44:03","slug":"menys-pantalles-mes-vida","status":"publish","type":"page","link":"https:\/\/agora.xtec.cat\/escolamartamata\/menys-pantalles-mes-vida\/","title":{"rendered":"Menys pantalles, m\u00e9s vida!"},"content":{"rendered":"\n<p>A continuaci\u00f3 podreu accedir a una guia elaborada per la Generalitat de Catalunya per acompanyar les fam\u00edlies en la gesti\u00f3 dels dispositius digitals a casa. <\/p>\n\n\n\n<div data-wp-interactive=\"core\/file\" class=\"wp-block-file\"><object data-wp-bind--hidden=\"!state.hasPdfPreview\" hidden class=\"wp-block-file__embed\" data=\"https:\/\/agora.xtec.cat\/escolamartamata\/wp-content\/uploads\/usu1957\/2025\/10\/Menys-pantalla-mes-vida.pdf\" type=\"application\/pdf\" style=\"width:100%;height:600px\" aria-label=\"Incrustaci\u00f3 del fitxer Menys pantalla, m\u00e9s vida!.\"><\/object><a id=\"wp-block-file--media-c73ae62c-8cea-41c5-81e5-951092aa3b06\" href=\"https:\/\/agora.xtec.cat\/escolamartamata\/wp-content\/uploads\/usu1957\/2025\/10\/Menys-pantalla-mes-vida.pdf\">Menys pantalla, m\u00e9s vida!<\/a><a href=\"https:\/\/agora.xtec.cat\/escolamartamata\/wp-content\/uploads\/usu1957\/2025\/10\/Menys-pantalla-mes-vida.pdf\" class=\"wp-block-file__button wp-element-button\" download aria-describedby=\"wp-block-file--media-c73ae62c-8cea-41c5-81e5-951092aa3b06\">Baixa<\/a><\/div>\n","protected":false},"excerpt":{"rendered":"<p>A continuaci\u00f3 podreu accedir a una guia elaborada per la Generalitat de Catalunya per acompanyar les fam\u00edlies en la gesti\u00f3 dels dispositius digitals a casa. <\/p>\n<p><a id=\"wp-block-file--media-c73ae62c-8cea-41c5-81e5-951092aa3b06\" href=\"https:\/\/agora.xtec.cat\/escolamartamata\/wp-content\/uploads\/usu1957\/2025\/10\/Menys-pantalla-mes-vida.pdf\">Menys pantalla, m\u00e9s vida!<\/a><a href=\"https:\/\/agora.xtec.cat\/escolamartamata\/wp-content\/uploads\/usu1957\/2025\/10\/Menys-pantalla-mes-vida.pdf\" class=\"wp-block-file__button wp-element-button\" download aria-describedby=\"wp-block-file--media-c73ae62c-8cea-41c5-81e5-951092aa3b06\">Baixa<\/a><\/p>\n","protected":false},"author":104,"featured_media":0,"parent":0,"menu_order":0,"comment_status":"closed","ping_status":"close","template":"","meta":{"_bbp_topic_count":0,"_bbp_reply_count":0,"_bbp_total_topic_count":0,"_bbp_total_reply_count":0,"_bbp_voice_count":0,"_bbp_anonymous_reply_count":0,"_bbp_topic_count_hidden":0,"_bbp_reply_count_hidden":0,"_bbp_forum_subforum_count":0,"footnotes":""},"class_list":["post-35225","page","type-page","status-publish","hentry"],"post_mailing_queue_ids":[],"_links":{"self":[{"href":"https:\/\/agora.xtec.cat\/escolamartamata\/wp-json\/wp\/v2\/pages\/35225","targetHints":{"allow":["GET"]}}],"collection":[{"href":"https:\/\/agora.xtec.cat\/escolamartamata\/wp-json\/wp\/v2\/pages"}],"about":[{"href":"https:\/\/agora.xtec.cat\/escolamartamata\/wp-json\/wp\/v2\/types\/page"}],"author":[{"embeddable":true,"href":"https:\/\/agora.xtec.cat\/escolamartamata\/wp-json\/wp\/v2\/users\/104"}],"replies":[{"embeddable":true,"href":"https:\/\/agora.xtec.cat\/escolamartamata\/wp-json\/wp\/v2\/comments?post=35225"}],"version-history":[{"count":1,"href":"https:\/\/agora.xtec.cat\/escolamartamata\/wp-json\/wp\/v2\/pages\/35225\/revisions"}],"predecessor-version":[{"id":35231,"href":"https:\/\/agora.xtec.cat\/escolamartamata\/wp-json\/wp\/v2\/pages\/35225\/revisions\/35231"}],"wp:attachment":[{"href":"https:\/\/agora.xtec.cat\/escolamartamata\/wp-json\/wp\/v2\/media?parent=35225"}],"curies":[{"name":"wp","href":"https:\/\/api.w.org\/{rel}","templated":true}]}}