{"id":3266,"date":"2019-10-29T11:34:49","date_gmt":"2019-10-29T10:34:49","guid":{"rendered":"https:\/\/agora.xtec.cat\/escolamartamata\/?page_id=3266"},"modified":"2026-01-20T16:36:04","modified_gmt":"2026-01-20T15:36:04","slug":"pati-educatiu","status":"publish","type":"page","link":"https:\/\/agora.xtec.cat\/escolamartamata\/pati-educatiu\/","title":{"rendered":"El Pati Educatiu"},"content":{"rendered":"\n<div class=\"wp-block-getwid-tabs\" data-active-tab=\"0\"><ul class=\"wp-block-getwid-tabs__nav-links\"><\/ul>\n<div class=\"wp-block-getwid-tabs__nav-link\"><span class=\"wp-block-getwid-tabs__title-wrapper\"><a href=\"#\"><span class=\"wp-block-getwid-tabs__title\">Qu\u00e8 \u00e9s?<\/span><\/a><\/span><\/div><div class=\"wp-block-getwid-tabs__tab-content-wrapper\"><div class=\"wp-block-getwid-tabs__tab-content\">\n<p><strong>D\u2019ON SORGEIX LA PROPOSTA DEL PATI EDUCATIU?<\/strong><\/p>\n\n\n\n<ul class=\"wp-block-list\">\n<li>De fa molts anys, de la constataci\u00f3 que a l\u2019hora del pati sovint, si els infants nom\u00e9s tenien pilotes per jugar lliurement, apareixien m\u00e9s conflictes, i que a vegades els infants tenien poca varietat i riquesa d\u2019activitats i jocs (no sabien a qu\u00e8 jugar o apareixen jocs violents sense control).<\/li>\n\n\n\n<li>De la recerca de solucions per evitar\/disminuir aquestes situacions conflictives i de la necessitat d\u2019oferir activitats alternatives per l\u2019hora del pati.<\/li>\n<\/ul>\n\n\n\n<p><strong>LA IDEA DEL NOSTRE PATI EDUCATIU<\/strong><\/p>\n\n\n\n<ul class=\"wp-block-list\">\n<li>Establir l\u2019hora d\u2019esbarjo com un espai i temps educatiu m\u00e9s dins l\u2019escola.&nbsp;<\/li>\n\n\n\n<li>Ubicar i organitzar diferents activitats en l\u2019espai del pati a l\u2019hora d\u2019esbarjo.&nbsp;<\/li>\n\n\n\n<li>Co-responsabilitzar als alumnes del seu funcionament (Dinamitzadors de Matildes (6\u00e8).<\/li>\n\n\n\n<li>Implicar els mestres com a part activa del bon funcionament del pati educatiu (\u00e9s hora lectiva en la qual seguim realitzant les nostres funcions).&nbsp;<\/li>\n<\/ul>\n\n\n\n<p><strong>INICI PATI EDUCATIU CURS 25\/26: DILLUNS 13 D\u2019OCTUBRE<\/strong><\/p>\n\n\n\n<ul class=\"wp-block-list\">\n<li><\/li>\n<\/ul>\n\n\n\n<ul class=\"wp-block-list\">\n<li>Pr\u00e8viament s\u2019ha passat un Formulari a la Comunitat de Grans per tal que puguin aportar idees i suggeriments per al funcionament del Pati Educatiu.<\/li>\n\n\n\n<li>Es realitzar\u00e0 un treball espec\u00edfic des de l\u2019educaci\u00f3 f\u00edsica per tal de treballar les normes del roc\u00f2drom, del tennis taula, del sorral, la cuineta, el teatr\u00ed, els tornejos\u2026<\/li>\n\n\n\n<li>A Educaci\u00f3 F\u00edsica es treballaran les normes dels Tornejos quan vagin realitzant-se al llarg del curs.<\/li>\n<\/ul>\n\n\n\n<p><strong>ELS DINAMITZADORS DE PATI (ELS DEL PITRALL TARONJA!)<\/strong><\/p>\n\n\n\n<ul class=\"wp-block-list\">\n<li>S\u00f3n alumnes Matildes que han mostrat voluntat per ser-ho. Com que la gran majoria volen ser-ho, se\u2019n seleccionaran uns quants i aniran canviant-se al llarg del curs.&nbsp;<\/li>\n\n\n\n<li>Ells s\u00f3n els encarregats de passar per les aules a EXPLICAR les propostes de les activitats, fer INSCRIPCIONS dels Tornejos i Concursos, INDICAR algun canvi que es produeixi, fer d\u2019\u00c0RBITRES&#8230;&nbsp;<\/li>\n<\/ul>\n\n\n\n<p class=\"has-text-align-center\"><strong>DINAMITZADORS CURS 25\/26<\/strong><\/p>\n\n\n\n<figure class=\"wp-block-table\"><table class=\"has-fixed-layout\"><thead><tr><th class=\"has-text-align-center\" data-align=\"center\">Primer trimestre<\/th><th class=\"has-text-align-center\" data-align=\"center\">Segon trimestre<\/th><\/tr><tr><th class=\"has-text-align-center\" data-align=\"center\"><strong>Ian<\/strong><\/th><th class=\"has-text-align-center\" data-align=\"center\">Miguel<\/th><\/tr><tr><th class=\"has-text-align-center\" data-align=\"center\">Aleix<\/th><th class=\"has-text-align-center\" data-align=\"center\">Jan<\/th><\/tr><tr><th class=\"has-text-align-center\" data-align=\"center\">Manuel<\/th><th class=\"has-text-align-center\" data-align=\"center\">Hassan<\/th><\/tr><tr><th class=\"has-text-align-center\" data-align=\"center\">Curial<\/th><th class=\"has-text-align-center\" data-align=\"center\">Hafid<\/th><\/tr><tr><th class=\"has-text-align-center\" data-align=\"center\">David<\/th><th class=\"has-text-align-center\" data-align=\"center\">Joel<\/th><\/tr><tr><th class=\"has-text-align-center\" data-align=\"center\">Adam<\/th><th class=\"has-text-align-center\" data-align=\"center\">Julen<\/th><\/tr><\/thead><tbody><tr><td class=\"has-text-align-center\" data-align=\"center\">Leire<\/td><td class=\"has-text-align-center\" data-align=\"center\">Wiam<\/td><\/tr><tr><td class=\"has-text-align-center\" data-align=\"center\">Thais<\/td><td class=\"has-text-align-center\" data-align=\"center\">Leyre<\/td><\/tr><tr><td class=\"has-text-align-center\" data-align=\"center\">Paula<\/td><td class=\"has-text-align-center\" data-align=\"center\">Luc\u00eda<\/td><\/tr><tr><td class=\"has-text-align-center\" data-align=\"center\">Emma<\/td><td class=\"has-text-align-center\" data-align=\"center\">Iris<\/td><\/tr><tr><td class=\"has-text-align-center\" data-align=\"center\">Noa<\/td><td class=\"has-text-align-center\" data-align=\"center\">Mariam<\/td><\/tr><\/tbody><\/table><\/figure>\n<\/div><\/div>\n\n\n\n<div class=\"wp-block-getwid-tabs__nav-link\"><span class=\"wp-block-getwid-tabs__title-wrapper\"><a href=\"#\"><span class=\"wp-block-getwid-tabs__title\">L&#8217;esmorzar<\/span><\/a><\/span><\/div><div class=\"wp-block-getwid-tabs__tab-content-wrapper\"><div class=\"wp-block-getwid-tabs__tab-content\">\n<ul class=\"wp-block-list\">\n<li>Recordeu que <strong>l\u2019esmorzar principal cal realitzar-lo a casa<\/strong>, i a l\u2019escola <strong>tots<\/strong> han de portar alguna cosa per\u00f2 ha de ser lleugera (fruita, alguna galeta, etc\u2026).<\/li>\n<\/ul>\n\n\n\n<ul class=\"wp-block-list\">\n<li>La Comunitat de Mitjans esmorzen a l\u2019aula i baixen al pati a les 11:00h.<\/li>\n<\/ul>\n\n\n\n<ul class=\"wp-block-list\">\n<li>La Comunitat de Grans baixaran a les 10:55h i esmorzaran a la pista .&nbsp;&nbsp;<\/li>\n<\/ul>\n\n\n\n<ul class=\"wp-block-list\">\n<li><strong>Els Dimecres cal portar SEMPRE fruita<\/strong>! (carmanyoles amb el nom marcat, evitant els grans entrepans\u2026 Recordeu que no es pot portar paper d\u2019alumini, ni sucs, ni \u201cboller\u00eda\u201d industrial&#8230;&nbsp;<\/li>\n<\/ul>\n\n\n\n<ul class=\"wp-block-list\">\n<li>Com ja es feia en cursos anteriors, <strong>les pilotes, els materials i tornejos comen\u00e7aran a les 11:05h,<\/strong> fomentant que els alumnes esmorzin sempre abans de jugar.&nbsp;<\/li>\n<\/ul>\n\n\n\n<ul class=\"wp-block-list\">\n<li>Establim que <strong>a les 11:10h com a molt tard tots els alumnes de Grans retornin la carmanyola al cubell de la seva aula<\/strong> i aix\u00ed poder poder jugar al pati.&nbsp;<\/li>\n<\/ul>\n<\/div><\/div>\n\n\n\n<div class=\"wp-block-getwid-tabs__nav-link\"><span class=\"wp-block-getwid-tabs__title-wrapper\"><a href=\"#\"><span class=\"wp-block-getwid-tabs__title\">Proposta 25\/26<\/span><\/a><\/span><\/div><div class=\"wp-block-getwid-tabs__tab-content-wrapper\"><div class=\"wp-block-getwid-tabs__tab-content\">\n<p>Aquesta \u00e9s la Proposta General del Pati Educatiu per aquest curs 25\/26. <\/p>\n\n\n\n<p>A sota podreu trobar l&#8217;explicaci\u00f3 de cada dia.<\/p>\n\n\n\n<figure class=\"wp-block-image size-large\"><a href=\"https:\/\/agora.xtec.cat\/escolamartamata\/wp-content\/uploads\/usu1957\/2025\/10\/Pati-Educatiu-2526-1_page-0001-1.jpg\"><img loading=\"lazy\" decoding=\"async\" width=\"724\" height=\"1024\" src=\"https:\/\/agora.xtec.cat\/escolamartamata\/wp-content\/uploads\/usu1957\/2025\/10\/Pati-Educatiu-2526-1_page-0001-1-724x1024.jpg\" alt=\"\" class=\"wp-image-35181\" srcset=\"https:\/\/agora.xtec.cat\/escolamartamata\/wp-content\/uploads\/usu1957\/2025\/10\/Pati-Educatiu-2526-1_page-0001-1-724x1024.jpg 724w, https:\/\/agora.xtec.cat\/escolamartamata\/wp-content\/uploads\/usu1957\/2025\/10\/Pati-Educatiu-2526-1_page-0001-1-212x300.jpg 212w, https:\/\/agora.xtec.cat\/escolamartamata\/wp-content\/uploads\/usu1957\/2025\/10\/Pati-Educatiu-2526-1_page-0001-1-768x1086.jpg 768w, https:\/\/agora.xtec.cat\/escolamartamata\/wp-content\/uploads\/usu1957\/2025\/10\/Pati-Educatiu-2526-1_page-0001-1-1086x1536.jpg 1086w, https:\/\/agora.xtec.cat\/escolamartamata\/wp-content\/uploads\/usu1957\/2025\/10\/Pati-Educatiu-2526-1_page-0001-1.jpg 1241w\" sizes=\"auto, (max-width: 724px) 100vw, 724px\" \/><\/a><\/figure>\n\n\n\n<p><strong>EXPLICACI\u00d3 DE LES PROPOSTES PRINCIPALS DI\u00c0RIES<\/strong><\/p>\n\n\n\n<ul class=\"wp-block-list\">\n<li><strong>DILLUNS: \u201cMITJANS, A LA PISTA!\u201d<\/strong>. La pista ser\u00e0 EXCLUSIVAMENT per als Mitjans (tots els Mitjans han de ser a la pista!). Hi haur\u00e0 PILOTES. Els Grans estaran a les zones exteriors (porxada, zona vermella i zona blava).&nbsp;<\/li>\n<\/ul>\n\n\n\n<ul class=\"wp-block-list\">\n<li><strong>DIMARTS I DIJOUS: TORNEJOS I CONCURSOS<\/strong>, diferenciats per a Mitjans i per a Grans. S\u00f3n propostes en les quals el resultat no \u00e9s important per\u00f2 que poden tenir forma competitiva. Exemples com tornejos de \u201cMy God!\u201d, de tennis taula, de futbol sala, de b\u00e0squet, de punteria a la porteria, etc&#8230;&nbsp; Quan no hi hagi tornejos els alumnes podran jugar amb les PILOTES o tamb\u00e9 algun dia SENSE MATERIAL.&nbsp; Els Encarregats de gestionar els tornejos i els Concursos seran els Dinamitzadors de Matildes. Es procurar\u00e0 que convisquin els Tornejos de Grans i Mitjans a la vegada.&nbsp;<\/li>\n<\/ul>\n\n\n\n<ul class=\"wp-block-list\">\n<li><strong>DIMECRES: \u201cGRANS, A LA PISTA!\u201d<\/strong>. La pista ser\u00e0 EXCLUSIVAMENT per als Grans (tots els Grans han de ser a la pista!). Hi haur\u00e0 PILOTES. Els Mitjans estaran a les zones exteriors (porxada, zona vermella i zona blava).<\/li>\n<\/ul>\n\n\n\n<ul class=\"wp-block-list\">\n<li><strong>DIVENDRES: PATIS BOJOS!<\/strong> S\u00f3n propostes no competitives, sense materials o amb materials que els propis alumnes poden portar de casa o que l\u2019escola posa a la seva disposici\u00f3. Activitats una mica \u201cdiferents\u201d.&nbsp;Els Patis Bojos es compartiran amb la Comunitat de Petits. Hi ha un quadre trimestral de programaci\u00f3 dels Patis Bojos que s&#8217;anir\u00e0 actualitzant.<\/li>\n<\/ul>\n<\/div><\/div>\n\n\n\n<div class=\"wp-block-getwid-tabs__nav-link\"><span class=\"wp-block-getwid-tabs__title-wrapper\"><a href=\"#\"><span class=\"wp-block-getwid-tabs__title\">Els Patis Bojos<\/span><\/a><\/span><\/div><div class=\"wp-block-getwid-tabs__tab-content-wrapper\"><div class=\"wp-block-getwid-tabs__tab-content\">\n<p>Aquest curs els Patis Bojos seran els <strong>Divendres<\/strong>. Anoteu-vos els dies que podeu portar materials de casa!<\/p>\n\n\n\n<p class=\"has-vivid-red-color has-text-color has-link-color wp-elements-e57c0970e57c2a7c795e4123541e8a80\"><strong>Us recordem que no s\u2019acceptaran materials a consergeria a partir de les 09:00h.&nbsp;<br><\/strong><\/p>\n\n\n\n<figure class=\"wp-block-image size-large\"><a href=\"https:\/\/agora.xtec.cat\/escolamartamata\/wp-content\/uploads\/usu1957\/2026\/01\/Patis-bojos-2nT-2526.jpg\"><img loading=\"lazy\" decoding=\"async\" width=\"724\" height=\"1024\" src=\"https:\/\/agora.xtec.cat\/escolamartamata\/wp-content\/uploads\/usu1957\/2026\/01\/Patis-bojos-2nT-2526-724x1024.jpg\" alt=\"\" class=\"wp-image-36604\" srcset=\"https:\/\/agora.xtec.cat\/escolamartamata\/wp-content\/uploads\/usu1957\/2026\/01\/Patis-bojos-2nT-2526-724x1024.jpg 724w, https:\/\/agora.xtec.cat\/escolamartamata\/wp-content\/uploads\/usu1957\/2026\/01\/Patis-bojos-2nT-2526-212x300.jpg 212w, https:\/\/agora.xtec.cat\/escolamartamata\/wp-content\/uploads\/usu1957\/2026\/01\/Patis-bojos-2nT-2526-768x1086.jpg 768w, https:\/\/agora.xtec.cat\/escolamartamata\/wp-content\/uploads\/usu1957\/2026\/01\/Patis-bojos-2nT-2526-1086x1536.jpg 1086w, https:\/\/agora.xtec.cat\/escolamartamata\/wp-content\/uploads\/usu1957\/2026\/01\/Patis-bojos-2nT-2526.jpg 1414w\" sizes=\"auto, (max-width: 724px) 100vw, 724px\" \/><\/a><\/figure>\n<\/div><\/div>\n<\/div>\n","protected":false},"excerpt":{"rendered":"<ul class=\"wp-block-getwid-tabs__nav-links\"><\/ul>\n<p><a href=\"#\">Qu\u00e8 \u00e9s?<\/a><br \/>\nD\u2019ON SORGEIX LA PROPOSTA DEL PATI EDUCATIU?<\/p>\n<ul class=\"wp-block-list\">\n<li>De fa molts anys, de la constataci\u00f3 que a l\u2019hora del pati sovint, si els infants nom\u00e9s tenien pilotes per jugar lliurement, apareixien m\u00e9s conflictes, i que a vegades els infants tenien poca varietat i&hellip;  <a href=\"https:\/\/agora.xtec.cat\/escolamartamata\/pati-educatiu\/\" title=\"Read El Pati Educatiu\">Llegeix m\u00e9s\u00bb<\/a><br \/>\n","protected":false},"author":1,"featured_media":0,"parent":0,"menu_order":1,"comment_status":"closed","ping_status":"closed","template":"page-templates\/side-menu.php","meta":{"_bbp_topic_count":0,"_bbp_reply_count":0,"_bbp_total_topic_count":0,"_bbp_total_reply_count":0,"_bbp_voice_count":0,"_bbp_anonymous_reply_count":0,"_bbp_topic_count_hidden":0,"_bbp_reply_count_hidden":0,"_bbp_forum_subforum_count":0,"footnotes":""},"class_list":["post-3266","page","type-page","status-publish","hentry"],"post_mailing_queue_ids":[],"_links":{"self":[{"href":"https:\/\/agora.xtec.cat\/escolamartamata\/wp-json\/wp\/v2\/pages\/3266","targetHints":{"allow":["GET"]}}],"collection":[{"href":"https:\/\/agora.xtec.cat\/escolamartamata\/wp-json\/wp\/v2\/pages"}],"about":[{"href":"https:\/\/agora.xtec.cat\/escolamartamata\/wp-json\/wp\/v2\/types\/page"}],"author":[{"embeddable":true,"href":"https:\/\/agora.xtec.cat\/escolamartamata\/wp-json\/wp\/v2\/users\/1"}],"replies":[{"embeddable":true,"href":"https:\/\/agora.xtec.cat\/escolamartamata\/wp-json\/wp\/v2\/comments?post=3266"}],"version-history":[{"count":5,"href":"https:\/\/agora.xtec.cat\/escolamartamata\/wp-json\/wp\/v2\/pages\/3266\/revisions"}],"predecessor-version":[{"id":36605,"href":"https:\/\/agora.xtec.cat\/escolamartamata\/wp-json\/wp\/v2\/pages\/3266\/revisions\/36605"}],"wp:attachment":[{"href":"https:\/\/agora.xtec.cat\/escolamartamata\/wp-json\/wp\/v2\/media?parent=3266"}],"curies":[{"name":"wp","href":"https:\/\/api.w.org\/{rel}","templated":true}]}}