{"id":26,"date":"2014-09-18T12:24:32","date_gmt":"2014-09-18T11:24:32","guid":{"rendered":"http:\/\/agora.xtec.cat\/escolamartamata\/?page_id=26"},"modified":"2019-08-05T18:28:40","modified_gmt":"2019-08-05T16:28:40","slug":"historia","status":"publish","type":"page","link":"https:\/\/agora.xtec.cat\/escolamartamata\/historia\/","title":{"rendered":"Hist\u00f2ria del centre"},"content":{"rendered":"<p>L\u2019Escola Marta Mata va comen\u00e7ar el seu primer curs escolar el curs 2005\/06 amb les aules de la <strong>Comunitat dels Petits<\/strong>: Patufets (I3), Pinotxos (I4) i Tabalugues (I5). El curs 2006\/07 vam comen\u00e7ar l\u2019etapa de Prim\u00e0ria amb la\u00a0<strong>Comunitat del Mitjans<\/strong>: Rovellons (1r), Al\u00edcia al Pa\u00eds de les meravelles (2n) i Tanits (3r). El tercer any de vida encet\u00e0vem la\u00a0<strong>Comunitat del Grans <\/strong>amb els Tintins (4t). Aquesta Comunitat dels Grans va anar creixent amb Petits Pr\u00ednceps (5\u00e8) i\u00a0 Massagrans (6\u00e8) en els dos cursos successius. Per tant som una escola d\u2019una l\u00ednia amb la capacitat de 225 alumnes.<\/p>\n<p>Han estat molts els infants, les fam\u00edlies, els mestres, els practicants, els monitors i d\u2019altres persones que s\u2019han implicat en el projecte i la manera de fer de l\u2019escola Marta Mata de Vilanova del Cam\u00ed.<\/p>\n<p>Des del curs 2011-12 treballem b\u00e0sicament mitjan\u00e7ant projectes.<\/p>\n<p>&nbsp;<\/p>\n","protected":false},"excerpt":{"rendered":"<p>L\u2019Escola Marta Mata va comen\u00e7ar el seu primer curs escolar el curs 2005\/06 amb les aules de la Comunitat dels Petits: Patufets (I3), Pinotxos (I4) i Tabalugues (I5). El curs 2006\/07 vam comen\u00e7ar l\u2019etapa de Prim\u00e0ria amb la\u00a0Comunitat del Mitjans: Rovellons (1r), Al\u00edcia al Pa\u00eds&hellip;  <a href=\"https:\/\/agora.xtec.cat\/escolamartamata\/historia\/\" title=\"Read Hist\u00f2ria del centre\">Llegeix m\u00e9s\u00bb<\/a><\/p>\n","protected":false},"author":1,"featured_media":0,"parent":0,"menu_order":20,"comment_status":"closed","ping_status":"closed","template":"","meta":{"_bbp_topic_count":0,"_bbp_reply_count":0,"_bbp_total_topic_count":0,"_bbp_total_reply_count":0,"_bbp_voice_count":0,"_bbp_anonymous_reply_count":0,"_bbp_topic_count_hidden":0,"_bbp_reply_count_hidden":0,"_bbp_forum_subforum_count":0,"footnotes":""},"class_list":["post-26","page","type-page","status-publish","hentry"],"post_mailing_queue_ids":[],"_links":{"self":[{"href":"https:\/\/agora.xtec.cat\/escolamartamata\/wp-json\/wp\/v2\/pages\/26","targetHints":{"allow":["GET"]}}],"collection":[{"href":"https:\/\/agora.xtec.cat\/escolamartamata\/wp-json\/wp\/v2\/pages"}],"about":[{"href":"https:\/\/agora.xtec.cat\/escolamartamata\/wp-json\/wp\/v2\/types\/page"}],"author":[{"embeddable":true,"href":"https:\/\/agora.xtec.cat\/escolamartamata\/wp-json\/wp\/v2\/users\/1"}],"replies":[{"embeddable":true,"href":"https:\/\/agora.xtec.cat\/escolamartamata\/wp-json\/wp\/v2\/comments?post=26"}],"version-history":[{"count":3,"href":"https:\/\/agora.xtec.cat\/escolamartamata\/wp-json\/wp\/v2\/pages\/26\/revisions"}],"predecessor-version":[{"id":856,"href":"https:\/\/agora.xtec.cat\/escolamartamata\/wp-json\/wp\/v2\/pages\/26\/revisions\/856"}],"wp:attachment":[{"href":"https:\/\/agora.xtec.cat\/escolamartamata\/wp-json\/wp\/v2\/media?parent=26"}],"curies":[{"name":"wp","href":"https:\/\/api.w.org\/{rel}","templated":true}]}}