{"id":25259,"date":"2023-03-08T10:58:23","date_gmt":"2023-03-08T09:58:23","guid":{"rendered":"https:\/\/agora.xtec.cat\/escolamartamata\/?page_id=25259"},"modified":"2023-06-12T11:47:53","modified_gmt":"2023-06-12T09:47:53","slug":"preinscripcio-i-matricula-curs-2023-2024","status":"publish","type":"page","link":"https:\/\/agora.xtec.cat\/escolamartamata\/preinscripcio-i-matricula-curs-2023-2024\/","title":{"rendered":"PREINSCRIPCI\u00d3 I MATR\u00cdCULA CURS 2023-2024"},"content":{"rendered":"<p>En aquesta p\u00e0gina trobareu tota la informaci\u00f3 relacionada amb la preinscripci\u00f3 i la matr\u00edcula de cara al curs 2023-2024.<\/p>\n<p><a href=\"https:\/\/agora.xtec.cat\/escolamartamata\/wp-content\/uploads\/usu1957\/2023\/03\/INFORME_OFERTA_OME_INFORME_OFERTA.pdf\" target=\"_blank\" rel=\"noopener\">OFERTA INICIAL DE PLACES<\/a><\/p>\n<p><a href=\"https:\/\/agora.xtec.cat\/escolamartamata\/wp-content\/uploads\/usu1957\/2023\/05\/INFORME_BAREM_RESOLTES_BAREM.pdf\" target=\"_blank\" rel=\"noopener\">LLISTA SOL\u00b7LICITUDS DE PRIMERA PETICI\u00d3 AMB RECLAMACIONS RESOLTES<\/a><\/p>\n<p><a href=\"https:\/\/agora.xtec.cat\/escolamartamata\/wp-content\/uploads\/usu1957\/2023\/06\/INFORME_OFERTA_DEFINITIVA.pdf\" target=\"_blank\" rel=\"noopener\">OFERTA DEFINITIVA PLACES<\/a><\/p>\n<p><a href=\"https:\/\/agora.xtec.cat\/escolamartamata\/wp-content\/uploads\/usu1957\/2023\/06\/INFORME_ASSIGNADES_INFORME_ASSIGNADES.pdf\" target=\"_blank\" rel=\"noopener\">ALUMNES ASSIGNATS AMB INDICACI\u00d3 DE LA PRIMERA PETICI\u00d3 A 12\/06\/23<\/a><\/p>\n<p><a href=\"https:\/\/agora.xtec.cat\/escolamartamata\/wp-content\/uploads\/usu1957\/2023\/06\/INFORME_LLISTA_ESPERA_OME_LLISTA_ESPERA.pdf\" target=\"_blank\" rel=\"noopener\">LLISTA ESPERA A 12\/06\/23<\/a><\/p>\n<p>&nbsp;<\/p>\n<p>&nbsp;<\/p>\n","protected":false},"excerpt":{"rendered":"<p>En aquesta p\u00e0gina trobareu tota la informaci\u00f3 relacionada amb la preinscripci\u00f3 i la matr\u00edcula de cara al curs 2023-2024.<br \/>\n<a href=\"https:\/\/agora.xtec.cat\/escolamartamata\/wp-content\/uploads\/usu1957\/2023\/03\/INFORME_OFERTA_OME_INFORME_OFERTA.pdf\" target=\"_blank\" rel=\"noopener\">OFERTA INICIAL DE PLACES<\/a><br \/>\n<a href=\"https:\/\/agora.xtec.cat\/escolamartamata\/wp-content\/uploads\/usu1957\/2023\/05\/INFORME_BAREM_RESOLTES_BAREM.pdf\" target=\"_blank\" rel=\"noopener\">LLISTA SOL\u00b7LICITUDS DE PRIMERA PETICI\u00d3 AMB RECLAMACIONS RESOLTES<\/a><br \/>\n<a href=\"https:\/\/agora.xtec.cat\/escolamartamata\/wp-content\/uploads\/usu1957\/2023\/06\/INFORME_OFERTA_DEFINITIVA.pdf\" target=\"_blank\" rel=\"noopener\">OFERTA DEFINITIVA PLACES<\/a><br \/>\n<a href=\"https:\/\/agora.xtec.cat\/escolamartamata\/wp-content\/uploads\/usu1957\/2023\/06\/INFORME_ASSIGNADES_INFORME_ASSIGNADES.pdf\" target=\"_blank\" rel=\"noopener\">ALUMNES ASSIGNATS AMB&hellip;  <a href=\"https:\/\/agora.xtec.cat\/escolamartamata\/preinscripcio-i-matricula-curs-2023-2024\/\" title=\"Read PREINSCRIPCI\u00d3 I MATR\u00cdCULA CURS 2023-2024\">Llegeix m\u00e9s\u00bb<\/a><\/p>\n","protected":false},"author":1,"featured_media":0,"parent":0,"menu_order":0,"comment_status":"closed","ping_status":"closed","template":"page-templates\/side-menu.php","meta":{"_bbp_topic_count":0,"_bbp_reply_count":0,"_bbp_total_topic_count":0,"_bbp_total_reply_count":0,"_bbp_voice_count":0,"_bbp_anonymous_reply_count":0,"_bbp_topic_count_hidden":0,"_bbp_reply_count_hidden":0,"_bbp_forum_subforum_count":0,"footnotes":""},"class_list":["post-25259","page","type-page","status-publish","hentry"],"post_mailing_queue_ids":[],"_links":{"self":[{"href":"https:\/\/agora.xtec.cat\/escolamartamata\/wp-json\/wp\/v2\/pages\/25259","targetHints":{"allow":["GET"]}}],"collection":[{"href":"https:\/\/agora.xtec.cat\/escolamartamata\/wp-json\/wp\/v2\/pages"}],"about":[{"href":"https:\/\/agora.xtec.cat\/escolamartamata\/wp-json\/wp\/v2\/types\/page"}],"author":[{"embeddable":true,"href":"https:\/\/agora.xtec.cat\/escolamartamata\/wp-json\/wp\/v2\/users\/1"}],"replies":[{"embeddable":true,"href":"https:\/\/agora.xtec.cat\/escolamartamata\/wp-json\/wp\/v2\/comments?post=25259"}],"version-history":[{"count":3,"href":"https:\/\/agora.xtec.cat\/escolamartamata\/wp-json\/wp\/v2\/pages\/25259\/revisions"}],"predecessor-version":[{"id":26461,"href":"https:\/\/agora.xtec.cat\/escolamartamata\/wp-json\/wp\/v2\/pages\/25259\/revisions\/26461"}],"wp:attachment":[{"href":"https:\/\/agora.xtec.cat\/escolamartamata\/wp-json\/wp\/v2\/media?parent=25259"}],"curies":[{"name":"wp","href":"https:\/\/api.w.org\/{rel}","templated":true}]}}