{"id":10109,"date":"2020-05-29T09:04:16","date_gmt":"2020-05-29T07:04:16","guid":{"rendered":"https:\/\/agora.xtec.cat\/escolamartamata\/?page_id=10109"},"modified":"2023-03-08T11:57:23","modified_gmt":"2023-03-08T10:57:23","slug":"preinscripcio-i-matricula","status":"publish","type":"page","link":"https:\/\/agora.xtec.cat\/escolamartamata\/preinscripcio-i-matricula\/","title":{"rendered":"PREINSCRIPCI\u00d3 I MATR\u00cdCULA"},"content":{"rendered":"<p>Aqu\u00ed trobareu tota la informaci\u00f3 relacionada amb la preinscripci\u00f3 i la matr\u00edcula:<\/p>\n<p><a href=\"https:\/\/agora.xtec.cat\/escolamartamata\/wp-content\/uploads\/usu1957\/2020\/07\/INFORME_ASSIGNADES_INFORME_ASSIGNADES.pdf\" target=\"_blank\" rel=\"noopener noreferrer\"><strong>ALUMNES ASSIGNATS AL CENTRE A 07\/07\/2020<\/strong><\/a><\/p>\n<p><strong><a href=\"https:\/\/agora.xtec.cat\/escolamartamata\/wp-content\/uploads\/usu1957\/2020\/07\/INFORME_LLISTA_ESPERA_OME_LLISTA_ESPERA.pdf\" target=\"_blank\" rel=\"noopener noreferrer\">LLISTA D&#8217;ESPERA A CENTRE A 07\/07\/2020<\/a><\/strong><\/p>\n<p><strong><a href=\"https:\/\/agora.xtec.cat\/escolamartamata\/wp-content\/uploads\/usu1957\/2020\/07\/INFORME_PREINSCRITES_OME_INFORME_PREINSCRITES_OME.pdf\" target=\"_blank\" rel=\"noopener noreferrer\">ALUMNES PREINSCRITS AL CENTRE A 07\/07\/2020<\/a><\/strong><\/p>\n<p><strong><a href=\"https:\/\/agora.xtec.cat\/escolamartamata\/wp-content\/uploads\/usu1957\/2020\/07\/INFORME_OFERTA_OME_INFORME_OFERTA.pdf\" target=\"_blank\" rel=\"noopener noreferrer\">OFERTA DEFINITIVA DE PLACES A 05\/07\/2020<\/a><\/strong><\/p>\n<p>&nbsp;<\/p>\n<p>Altres enlla\u00e7os d&#8217;inter\u00e8s:<\/p>\n<p style=\"text-align: left;\"><strong><a href=\"https:\/\/agora.xtec.cat\/escolamartamata\/wp-content\/uploads\/usu1957\/2020\/06\/INFORME_BAREM_DEFINITIU_BAREM.pdf\" target=\"_blank\" rel=\"noopener noreferrer\">Llista de Sol\u00b7licituds amb Barem definitiu a 11\/06\/2020<\/a> (<\/strong><strong>N\u00famero de desempat: 33386)<\/strong><\/p>\n<p><a href=\"https:\/\/agora.xtec.cat\/escolamartamata\/voleu-coneixer-la-nostra-escola\/\">Voleu Con\u00e8ixer la nostra Escola?<\/a><\/p>\n<p><a href=\"https:\/\/agora.xtec.cat\/escolamartamata\/oferta-de-places-escola-marta-mata\/\">Oferta de Places Marta Mata<\/a><\/p>\n<p><a href=\"https:\/\/agora.xtec.cat\/escolamartamata\/documentacio-i-criteris\/\">Criteris de Prioritat<\/a><\/p>\n<p><a href=\"http:\/\/queestudiar.gencat.cat\/ca\/preinscripcio\/estudis\/obligatoris\/calendari\/\">Calendari Previst<\/a><\/p>\n","protected":false},"excerpt":{"rendered":"<p>Aqu\u00ed trobareu tota la informaci\u00f3 relacionada amb la preinscripci\u00f3 i la matr\u00edcula:<br \/>\n<a href=\"https:\/\/agora.xtec.cat\/escolamartamata\/wp-content\/uploads\/usu1957\/2020\/07\/INFORME_ASSIGNADES_INFORME_ASSIGNADES.pdf\" target=\"_blank\" rel=\"noopener noreferrer\">ALUMNES ASSIGNATS AL CENTRE A 07\/07\/2020<\/a><br \/>\n<a href=\"https:\/\/agora.xtec.cat\/escolamartamata\/wp-content\/uploads\/usu1957\/2020\/07\/INFORME_LLISTA_ESPERA_OME_LLISTA_ESPERA.pdf\" target=\"_blank\" rel=\"noopener noreferrer\">LLISTA D&#8217;ESPERA A CENTRE A 07\/07\/2020<\/a><br \/>\n<a href=\"https:\/\/agora.xtec.cat\/escolamartamata\/wp-content\/uploads\/usu1957\/2020\/07\/INFORME_PREINSCRITES_OME_INFORME_PREINSCRITES_OME.pdf\" target=\"_blank\" rel=\"noopener noreferrer\">ALUMNES PREINSCRITS AL CENTRE A 07\/07\/2020<\/a><br \/>\n<a href=\"https:\/\/agora.xtec.cat\/escolamartamata\/wp-content\/uploads\/usu1957\/2020\/07\/INFORME_OFERTA_OME_INFORME_OFERTA.pdf\" target=\"_blank\" rel=\"noopener noreferrer\">OFERTA DEFINITIVA DE&hellip;  <a href=\"https:\/\/agora.xtec.cat\/escolamartamata\/preinscripcio-i-matricula\/\" title=\"Read PREINSCRIPCI\u00d3 I MATR\u00cdCULA\">Llegeix m\u00e9s\u00bb<\/a><\/p>\n","protected":false},"author":1,"featured_media":0,"parent":0,"menu_order":0,"comment_status":"closed","ping_status":"closed","template":"","meta":{"_bbp_topic_count":0,"_bbp_reply_count":0,"_bbp_total_topic_count":0,"_bbp_total_reply_count":0,"_bbp_voice_count":0,"_bbp_anonymous_reply_count":0,"_bbp_topic_count_hidden":0,"_bbp_reply_count_hidden":0,"_bbp_forum_subforum_count":0,"footnotes":""},"class_list":["post-10109","page","type-page","status-publish","hentry"],"post_mailing_queue_ids":[],"_links":{"self":[{"href":"https:\/\/agora.xtec.cat\/escolamartamata\/wp-json\/wp\/v2\/pages\/10109","targetHints":{"allow":["GET"]}}],"collection":[{"href":"https:\/\/agora.xtec.cat\/escolamartamata\/wp-json\/wp\/v2\/pages"}],"about":[{"href":"https:\/\/agora.xtec.cat\/escolamartamata\/wp-json\/wp\/v2\/types\/page"}],"author":[{"embeddable":true,"href":"https:\/\/agora.xtec.cat\/escolamartamata\/wp-json\/wp\/v2\/users\/1"}],"replies":[{"embeddable":true,"href":"https:\/\/agora.xtec.cat\/escolamartamata\/wp-json\/wp\/v2\/comments?post=10109"}],"version-history":[{"count":4,"href":"https:\/\/agora.xtec.cat\/escolamartamata\/wp-json\/wp\/v2\/pages\/10109\/revisions"}],"predecessor-version":[{"id":25274,"href":"https:\/\/agora.xtec.cat\/escolamartamata\/wp-json\/wp\/v2\/pages\/10109\/revisions\/25274"}],"wp:attachment":[{"href":"https:\/\/agora.xtec.cat\/escolamartamata\/wp-json\/wp\/v2\/media?parent=10109"}],"curies":[{"name":"wp","href":"https:\/\/api.w.org\/{rel}","templated":true}]}}