{"id":9532,"date":"2023-12-13T15:17:00","date_gmt":"2023-12-13T14:17:00","guid":{"rendered":"https:\/\/agora.xtec.cat\/escolamartamata-viladecans\/?page_id=9532"},"modified":"2024-01-19T09:30:08","modified_gmt":"2024-01-19T08:30:08","slug":"families-delegades","status":"publish","type":"page","link":"https:\/\/agora.xtec.cat\/escolamartamata-viladecans\/lescola\/families-delegades\/","title":{"rendered":"Fam\u00edlies delegades"},"content":{"rendered":"<p style=\"text-align: justify;\"><a href=\"https:\/\/sites.google.com\/xtec.cat\/mmfamiliesdelegades\/inici\" target=\"_blank\" rel=\"noopener\"><img loading=\"lazy\" decoding=\"async\" class=\"alignnone size-large wp-image-9544\" src=\"https:\/\/agora.xtec.cat\/escolamartamata-viladecans\/wp-content\/uploads\/usu1599\/2023\/12\/foto-delegades-1024x249.png\" alt=\"\" width=\"1024\" height=\"249\" srcset=\"https:\/\/agora.xtec.cat\/escolamartamata-viladecans\/wp-content\/uploads\/usu1599\/2023\/12\/foto-delegades-1024x249.png 1024w, https:\/\/agora.xtec.cat\/escolamartamata-viladecans\/wp-content\/uploads\/usu1599\/2023\/12\/foto-delegades-300x73.png 300w, https:\/\/agora.xtec.cat\/escolamartamata-viladecans\/wp-content\/uploads\/usu1599\/2023\/12\/foto-delegades-768x187.png 768w, https:\/\/agora.xtec.cat\/escolamartamata-viladecans\/wp-content\/uploads\/usu1599\/2023\/12\/foto-delegades-1536x374.png 1536w, https:\/\/agora.xtec.cat\/escolamartamata-viladecans\/wp-content\/uploads\/usu1599\/2023\/12\/foto-delegades.png 1743w\" sizes=\"auto, (max-width: 1024px) 100vw, 1024px\" \/><\/a>Us donem l<span style=\"font-family: inherit; font-size: 1em;\">a b<\/span><span style=\"font-family: inherit; font-size: 1em;\">envinguda a totes les fam\u00edlies delegades d&#8217;aquest curs <\/span>acad\u00e8mic<span style=\"font-family: inherit; font-size: 1em;\"> 2023-2024. <\/span><span style=\"font-family: inherit; font-size: 1em;\">Clica a la foto, aquest espai ser\u00e0 el que utilitzem per penjar les actes de tots aquells temes que parlem a les diferents reunions que farem durant aquest curs.<\/span><\/p>\n","protected":false},"excerpt":{"rendered":"<p><a href=\"https:\/\/sites.google.com\/xtec.cat\/mmfamiliesdelegades\/inici\" target=\"_blank\" rel=\"noopener\"><\/a>Us donem la benvinguda a totes les fam\u00edlies delegades d&#8217;aquest curs acad\u00e8mic 2023-2024. Clica a la foto, aquest espai ser\u00e0 el que utilitzem per penjar les actes de tots aquells temes que parlem a les diferents reunions que farem durant aquest curs.<\/p>\n","protected":false},"author":9,"featured_media":0,"parent":22,"menu_order":4,"comment_status":"closed","ping_status":"closed","template":"page-templates\/side-menu.php","meta":{"_bbp_topic_count":0,"_bbp_reply_count":0,"_bbp_total_topic_count":0,"_bbp_total_reply_count":0,"_bbp_voice_count":0,"_bbp_anonymous_reply_count":0,"_bbp_topic_count_hidden":0,"_bbp_reply_count_hidden":0,"_bbp_forum_subforum_count":0,"footnotes":""},"class_list":["post-9532","page","type-page","status-publish","hentry"],"post_mailing_queue_ids":[],"_links":{"self":[{"href":"https:\/\/agora.xtec.cat\/escolamartamata-viladecans\/wp-json\/wp\/v2\/pages\/9532","targetHints":{"allow":["GET"]}}],"collection":[{"href":"https:\/\/agora.xtec.cat\/escolamartamata-viladecans\/wp-json\/wp\/v2\/pages"}],"about":[{"href":"https:\/\/agora.xtec.cat\/escolamartamata-viladecans\/wp-json\/wp\/v2\/types\/page"}],"author":[{"embeddable":true,"href":"https:\/\/agora.xtec.cat\/escolamartamata-viladecans\/wp-json\/wp\/v2\/users\/9"}],"replies":[{"embeddable":true,"href":"https:\/\/agora.xtec.cat\/escolamartamata-viladecans\/wp-json\/wp\/v2\/comments?post=9532"}],"version-history":[{"count":6,"href":"https:\/\/agora.xtec.cat\/escolamartamata-viladecans\/wp-json\/wp\/v2\/pages\/9532\/revisions"}],"predecessor-version":[{"id":9548,"href":"https:\/\/agora.xtec.cat\/escolamartamata-viladecans\/wp-json\/wp\/v2\/pages\/9532\/revisions\/9548"}],"up":[{"embeddable":true,"href":"https:\/\/agora.xtec.cat\/escolamartamata-viladecans\/wp-json\/wp\/v2\/pages\/22"}],"wp:attachment":[{"href":"https:\/\/agora.xtec.cat\/escolamartamata-viladecans\/wp-json\/wp\/v2\/media?parent=9532"}],"curies":[{"name":"wp","href":"https:\/\/api.w.org\/{rel}","templated":true}]}}