{"id":875,"date":"2017-04-05T13:25:29","date_gmt":"2017-04-05T11:25:29","guid":{"rendered":"http:\/\/agora.xtec.cat\/escolamartamata-viladecans\/?page_id=875"},"modified":"2021-01-28T21:04:00","modified_gmt":"2021-01-28T20:04:00","slug":"biblioteca","status":"publish","type":"page","link":"https:\/\/agora.xtec.cat\/escolamartamata-viladecans\/projecte-educatiu\/biblioteca\/","title":{"rendered":"Biblioteca"},"content":{"rendered":"<p><a href=\"http:\/\/agora.xtec.cat\/escolamartamata-viladecans\/wp-content\/uploads\/usu1599\/2017\/04\/Llibres-nous-C.M.-004.jpg\"><img loading=\"lazy\" decoding=\"async\" class=\"wp-image-878 alignright\" src=\"http:\/\/agora.xtec.cat\/escolamartamata-viladecans\/wp-content\/uploads\/usu1599\/2017\/04\/Llibres-nous-C.M.-004-1024x768.jpg\" alt=\"Llibres nous C.M. 004\" width=\"310\" height=\"233\" srcset=\"https:\/\/agora.xtec.cat\/escolamartamata-viladecans\/wp-content\/uploads\/usu1599\/2017\/04\/Llibres-nous-C.M.-004-1024x768.jpg 1024w, https:\/\/agora.xtec.cat\/escolamartamata-viladecans\/wp-content\/uploads\/usu1599\/2017\/04\/Llibres-nous-C.M.-004-300x225.jpg 300w, https:\/\/agora.xtec.cat\/escolamartamata-viladecans\/wp-content\/uploads\/usu1599\/2017\/04\/Llibres-nous-C.M.-004-768x576.jpg 768w, https:\/\/agora.xtec.cat\/escolamartamata-viladecans\/wp-content\/uploads\/usu1599\/2017\/04\/Llibres-nous-C.M.-004-200x150.jpg 200w\" sizes=\"auto, (max-width: 310px) 100vw, 310px\" \/><\/a> La biblioteca escolar \u00e9s un espai educatiu i din\u00e0mic; un centre de recursos que cont\u00e9 documents en tot tipus de suport per a l\u2019aprenentatge i per a la recerca. \u00c9s un servei per al desenvolupament del curr\u00edculum i del projecte educatiu de l\u2019escola adre\u00e7at al professorat, a l\u2019alumnat i a tota la comunitat educativa.<\/p>\n<p><a href=\"http:\/\/agora.xtec.cat\/escolamartamata-viladecans\/wp-content\/uploads\/usu1599\/2017\/05\/DILI_cas_2017.jpg\"><img loading=\"lazy\" decoding=\"async\" class=\"alignleft wp-image-1013\" src=\"http:\/\/agora.xtec.cat\/escolamartamata-viladecans\/wp-content\/uploads\/usu1599\/2017\/05\/DILI_cas_2017-214x300.jpg\" alt=\"Diainternacionaldelllibre\" width=\"157\" height=\"220\" srcset=\"https:\/\/agora.xtec.cat\/escolamartamata-viladecans\/wp-content\/uploads\/usu1599\/2017\/05\/DILI_cas_2017-214x300.jpg 214w, https:\/\/agora.xtec.cat\/escolamartamata-viladecans\/wp-content\/uploads\/usu1599\/2017\/05\/DILI_cas_2017.jpg 228w\" sizes=\"auto, (max-width: 157px) 100vw, 157px\" \/><\/a><br \/>\n<a href=\"http:\/\/agora.xtec.cat\/escolamartamata-viladecans\/wp-content\/uploads\/usu1599\/2017\/04\/Llibres-nous-C.S.-005.jpg\"><img loading=\"lazy\" decoding=\"async\" class=\"aligncenter wp-image-879\" src=\"http:\/\/agora.xtec.cat\/escolamartamata-viladecans\/wp-content\/uploads\/usu1599\/2017\/04\/Llibres-nous-C.S.-005-1024x768.jpg\" alt=\"Llibres nous C.S. 005\" width=\"255\" height=\"191\" srcset=\"https:\/\/agora.xtec.cat\/escolamartamata-viladecans\/wp-content\/uploads\/usu1599\/2017\/04\/Llibres-nous-C.S.-005-1024x768.jpg 1024w, https:\/\/agora.xtec.cat\/escolamartamata-viladecans\/wp-content\/uploads\/usu1599\/2017\/04\/Llibres-nous-C.S.-005-300x225.jpg 300w, https:\/\/agora.xtec.cat\/escolamartamata-viladecans\/wp-content\/uploads\/usu1599\/2017\/04\/Llibres-nous-C.S.-005-768x576.jpg 768w, https:\/\/agora.xtec.cat\/escolamartamata-viladecans\/wp-content\/uploads\/usu1599\/2017\/04\/Llibres-nous-C.S.-005-200x150.jpg 200w\" sizes=\"auto, (max-width: 255px) 100vw, 255px\" \/><\/a><br \/>\nPER A UN BON FUNCIONAMENT\u2026<a href=\"http:\/\/agora.xtec.cat\/escolamartamata-viladecans\/wp-content\/uploads\/usu1599\/2017\/05\/Dsc_9953-e1495274173873.jpg\"><img loading=\"lazy\" decoding=\"async\" class=\"alignright size-large wp-image-995\" src=\"http:\/\/agora.xtec.cat\/escolamartamata-viladecans\/wp-content\/uploads\/usu1599\/2017\/05\/Dsc_9953-576x1024.jpg\" alt=\"Biblioteca02\" width=\"576\" height=\"1024\" \/><\/a><br \/>\n\u2013 Cal parlar amb veu baixa i no fer sorolls que pugui molestar a la resta d\u2019usuaris<br \/>\n\u2013 Hem de respectar el silenci i l\u2019ambient tranquil de la biblioteca<br \/>\n\u2013 Cal portar les mans ben netes<br \/>\n\u2013 No es pot menjar ni beure dins la biblioteca<br \/>\n\u2013 Si la biblioteca est\u00e0 plena, espereu que surti algun company\/a<br \/>\n\u2013 Cal tenir cura dels llibres; no els dobleguis, ni els ratllis, tampoc els guixis ni els subratllis<br \/>\n\u2013 Hem de deixar l\u2019espai net i ordenat<\/p>\n","protected":false},"excerpt":{"rendered":"<p><a href=\"http:\/\/agora.xtec.cat\/escolamartamata-viladecans\/wp-content\/uploads\/usu1599\/2017\/04\/Llibres-nous-C.M.-004.jpg\"><\/a> La biblioteca escolar \u00e9s un espai educatiu i din\u00e0mic; un centre de recursos que cont\u00e9 documents en tot tipus de suport per a l\u2019aprenentatge i per a la recerca. \u00c9s un servei per al desenvolupament del curr\u00edculum i del projecte educatiu de l\u2019escola&hellip;  <a href=\"https:\/\/agora.xtec.cat\/escolamartamata-viladecans\/projecte-educatiu\/biblioteca\/\" title=\"Read Biblioteca\">Llegeix m\u00e9s\u00bb<\/a><\/p>\n","protected":false},"author":1,"featured_media":0,"parent":64,"menu_order":40,"comment_status":"closed","ping_status":"closed","template":"page-templates\/side-menu.php","meta":{"_bbp_topic_count":0,"_bbp_reply_count":0,"_bbp_total_topic_count":0,"_bbp_total_reply_count":0,"_bbp_voice_count":0,"_bbp_anonymous_reply_count":0,"_bbp_topic_count_hidden":0,"_bbp_reply_count_hidden":0,"_bbp_forum_subforum_count":0,"footnotes":""},"class_list":["post-875","page","type-page","status-publish","hentry"],"post_mailing_queue_ids":[],"_links":{"self":[{"href":"https:\/\/agora.xtec.cat\/escolamartamata-viladecans\/wp-json\/wp\/v2\/pages\/875","targetHints":{"allow":["GET"]}}],"collection":[{"href":"https:\/\/agora.xtec.cat\/escolamartamata-viladecans\/wp-json\/wp\/v2\/pages"}],"about":[{"href":"https:\/\/agora.xtec.cat\/escolamartamata-viladecans\/wp-json\/wp\/v2\/types\/page"}],"author":[{"embeddable":true,"href":"https:\/\/agora.xtec.cat\/escolamartamata-viladecans\/wp-json\/wp\/v2\/users\/1"}],"replies":[{"embeddable":true,"href":"https:\/\/agora.xtec.cat\/escolamartamata-viladecans\/wp-json\/wp\/v2\/comments?post=875"}],"version-history":[{"count":3,"href":"https:\/\/agora.xtec.cat\/escolamartamata-viladecans\/wp-json\/wp\/v2\/pages\/875\/revisions"}],"predecessor-version":[{"id":1015,"href":"https:\/\/agora.xtec.cat\/escolamartamata-viladecans\/wp-json\/wp\/v2\/pages\/875\/revisions\/1015"}],"up":[{"embeddable":true,"href":"https:\/\/agora.xtec.cat\/escolamartamata-viladecans\/wp-json\/wp\/v2\/pages\/64"}],"wp:attachment":[{"href":"https:\/\/agora.xtec.cat\/escolamartamata-viladecans\/wp-json\/wp\/v2\/media?parent=875"}],"curies":[{"name":"wp","href":"https:\/\/api.w.org\/{rel}","templated":true}]}}