{"id":7043,"date":"2022-03-08T16:15:22","date_gmt":"2022-03-08T15:15:22","guid":{"rendered":"https:\/\/agora.xtec.cat\/escolamartamata-viladecans\/?page_id=7043"},"modified":"2023-12-13T22:06:51","modified_gmt":"2023-12-13T21:06:51","slug":"estrategia-digital-de-centre","status":"publish","type":"page","link":"https:\/\/agora.xtec.cat\/escolamartamata-viladecans\/estrategia-digital-de-centre\/","title":{"rendered":"Presentaci\u00f3 de l\u2019EDC"},"content":{"rendered":"<h1 class=\"CDt4Ke zfr3Q\" dir=\"ltr\" style=\"text-align: center;\"><a href=\"https:\/\/sites.google.com\/escolamartamataviladecans.cat\/edcmartamata\/edc\" target=\"_blank\" rel=\"noopener\">SITE ESTRAT\u00c8GIA DIGITAL DE CENTRE<\/a><\/h1>\n<p><a href=\"https:\/\/sites.google.com\/escolamartamataviladecans.cat\/edcmartamata\/edc\" target=\"_blank\" rel=\"noopener\"><img loading=\"lazy\" decoding=\"async\" class=\"alignnone size-large wp-image-9549\" src=\"https:\/\/agora.xtec.cat\/escolamartamata-viladecans\/wp-content\/uploads\/usu1599\/2023\/12\/foto-cole-1024x417.png\" alt=\"\" width=\"1024\" height=\"417\" srcset=\"https:\/\/agora.xtec.cat\/escolamartamata-viladecans\/wp-content\/uploads\/usu1599\/2023\/12\/foto-cole-1024x417.png 1024w, https:\/\/agora.xtec.cat\/escolamartamata-viladecans\/wp-content\/uploads\/usu1599\/2023\/12\/foto-cole-300x122.png 300w, https:\/\/agora.xtec.cat\/escolamartamata-viladecans\/wp-content\/uploads\/usu1599\/2023\/12\/foto-cole-768x312.png 768w, https:\/\/agora.xtec.cat\/escolamartamata-viladecans\/wp-content\/uploads\/usu1599\/2023\/12\/foto-cole.png 1519w\" sizes=\"auto, (max-width: 1024px) 100vw, 1024px\" \/><\/a><\/p>\n<div class=\"entry-content\">\n<div class=\"CjVfdc\">\n<p>L\u2019Estrat\u00e8gia Digital de Centre (<strong>EDC<\/strong>) \u00e9s un document que recull totes les accions que es realitzen en un centre, i les que es realitzaran a mitj\u00e0 termini, per aconseguir la m\u00e0xima compet\u00e8ncia digital de l\u2019alumnat, del professorat i del centre educatiu. Ha de tenir com a referent el Pla d\u2019educaci\u00f3 digital de Catalunya (PEDC), on s\u2019indica la necessitat d\u2019assolir la fita d\u2019una societat digitalment competent, fent \u00e8mfasi en l\u2019equitat i tenint en compte l\u2019evoluci\u00f3 del context social i tecnol\u00f2gic.<\/p>\n<\/div>\n<p class=\"CDt4Ke zfr3Q\" dir=\"ltr\">El Pla d\u2019Educaci\u00f3 Digital de Catalunya indica la necessitat de tenir una societat digitalment competent tenint en compte l\u2019equitat i l\u2019evoluci\u00f3 del context social i tecnol\u00f2gic. \u00c9s per aix\u00f2 que prioritzem l\u2019\u00fas de les TIC i els recursos digitals per afavorir la connexi\u00f3 transversal entre el que s\u2019apr\u00e8n a l\u2019escola i l\u2019entorn real.<\/p>\n<p dir=\"ltr\"><strong>Comissi\u00f3 Digital de Centre<\/strong><\/p>\n<p class=\"CDt4Ke zfr3Q\" dir=\"ltr\">La comissi\u00f3 d\u2019estrat\u00e8gia digital t\u00e9 com a objectiu principal coordinar i dinamitzar les actuacions que facin refer\u00e8ncia a la cultura digital del centre amb l\u2019ajuda de la resta del Claustre.<\/p>\n<p class=\"CDt4Ke zfr3Q\" dir=\"ltr\">Est\u00e0 formada per un equip impulsor que treballa per desenvolupar l\u2019EDC i est\u00e0 integrat per un representant de cada cicle amb la representaci\u00f3 de membres de l\u2019Equip directiu.<\/p>\n<\/div>\n","protected":false},"excerpt":{"rendered":"<p><a href=\"https:\/\/sites.google.com\/escolamartamataviladecans.cat\/edcmartamata\/edc\" target=\"_blank\" rel=\"noopener\">SITE ESTRAT\u00c8GIA DIGITAL DE CENTRE<\/a><br \/>\n<a href=\"https:\/\/sites.google.com\/escolamartamataviladecans.cat\/edcmartamata\/edc\" target=\"_blank\" rel=\"noopener\"><\/a><\/p>\n<p>L\u2019Estrat\u00e8gia Digital de Centre (EDC) \u00e9s un document que recull totes les accions que es realitzen en un centre, i les que es realitzaran a mitj\u00e0 termini, per aconseguir la m\u00e0xima compet\u00e8ncia digital de l\u2019alumnat,&hellip;  <a href=\"https:\/\/agora.xtec.cat\/escolamartamata-viladecans\/estrategia-digital-de-centre\/\" title=\"Read Presentaci\u00f3 de l\u2019EDC\">Llegeix m\u00e9s\u00bb<\/a><\/p>\n","protected":false},"author":9,"featured_media":0,"parent":0,"menu_order":0,"comment_status":"closed","ping_status":"closed","template":"page-templates\/side-menu.php","meta":{"_bbp_topic_count":0,"_bbp_reply_count":0,"_bbp_total_topic_count":0,"_bbp_total_reply_count":0,"_bbp_voice_count":0,"_bbp_anonymous_reply_count":0,"_bbp_topic_count_hidden":0,"_bbp_reply_count_hidden":0,"_bbp_forum_subforum_count":0,"footnotes":""},"class_list":["post-7043","page","type-page","status-publish","hentry"],"post_mailing_queue_ids":[],"_links":{"self":[{"href":"https:\/\/agora.xtec.cat\/escolamartamata-viladecans\/wp-json\/wp\/v2\/pages\/7043","targetHints":{"allow":["GET"]}}],"collection":[{"href":"https:\/\/agora.xtec.cat\/escolamartamata-viladecans\/wp-json\/wp\/v2\/pages"}],"about":[{"href":"https:\/\/agora.xtec.cat\/escolamartamata-viladecans\/wp-json\/wp\/v2\/types\/page"}],"author":[{"embeddable":true,"href":"https:\/\/agora.xtec.cat\/escolamartamata-viladecans\/wp-json\/wp\/v2\/users\/9"}],"replies":[{"embeddable":true,"href":"https:\/\/agora.xtec.cat\/escolamartamata-viladecans\/wp-json\/wp\/v2\/comments?post=7043"}],"version-history":[{"count":4,"href":"https:\/\/agora.xtec.cat\/escolamartamata-viladecans\/wp-json\/wp\/v2\/pages\/7043\/revisions"}],"predecessor-version":[{"id":9550,"href":"https:\/\/agora.xtec.cat\/escolamartamata-viladecans\/wp-json\/wp\/v2\/pages\/7043\/revisions\/9550"}],"wp:attachment":[{"href":"https:\/\/agora.xtec.cat\/escolamartamata-viladecans\/wp-json\/wp\/v2\/media?parent=7043"}],"curies":[{"name":"wp","href":"https:\/\/api.w.org\/{rel}","templated":true}]}}