{"id":5889,"date":"2021-02-05T08:56:44","date_gmt":"2021-02-05T07:56:44","guid":{"rendered":"http:\/\/agora.xtec.cat\/escolamartamata-viladecans\/?page_id=5889"},"modified":"2021-02-08T10:44:59","modified_gmt":"2021-02-08T09:44:59","slug":"projecte-sial","status":"publish","type":"page","link":"https:\/\/agora.xtec.cat\/escolamartamata-viladecans\/projecte-educatiu\/projecte-sial\/","title":{"rendered":"Projecte SIAL"},"content":{"rendered":"<h4>Projecte espec\u00edfic de suport a l\u2019audici\u00f3 i el llenguatge<\/h4>\n<p>L\u2019Escola Marta Mata\u00a0\u00e9s un dels centres amb projecte espec\u00edfic de suport a l\u2019audici\u00f3 i el llenguatge\u00a0 i compta amb una mestra especialista de suport intensiu a l\u2019audici\u00f3 i el llenguatge (SIAL). Aquests centres es caracteritzen per escolaritzar de forma preferent, alumnes amb discapacitat auditiva de la zona, que necessiten un suport i una atenci\u00f3 especialitzada.<\/p>\n<p>Aquest projecte es va iniciar el curs 2013-2014 i el seu objectiu \u00e9s la plena inclusi\u00f3 de tot l\u2019alumnat en el centre, facilitant la seva participaci\u00f3 i el seu l\u2019acc\u00e9s a la informaci\u00f3 oral, per a l\u2019assoliment de les compet\u00e8ncies b\u00e0siques.<\/p>\n<p>La mestra de SIAL col\u00b7labora\u00a0 amb l\u2019equip de mestres en la planificaci\u00f3\u00a0 d\u2019estrat\u00e8gies metodol\u00f2giques a l\u2019aula i de tota la vida escolar. Aix\u00ed mateix, tenint en compte les diverses situacions educatives,segons les necessitats de cada alumne\/a, ofereix atenci\u00f3 directa en diferents modalitats (dins del grup, en grup redu\u00eft i\/o en individual).<\/p>\n<p>La mestra de SIAL, juntament amb el CREDA i l\u2019EAP, col\u00b7laboren amb l\u2019equip de mestres en la planificaci\u00f3 de l\u2019atenci\u00f3 educativa personalitzada als alumnes amb p\u00e8rdua auditiva. Per aix\u00f2, es poden\u00a0 incorporar diferents mesures: estrat\u00e8gies comunicatives i metodol\u00f2giques, intensificaci\u00f3 de l\u2019acci\u00f3 tutorial,\u00a0 facilitaci\u00f3 de l\u2019acc\u00e9s a la informaci\u00f3 i la participaci\u00f3, anticipaci\u00f3\/explicitaci\u00f3 de continguts i activitats (projectes, sortides, etc.).<\/p>\n<p><strong>Adreces d\u2019inter\u00e8s:<\/strong><\/p>\n<ul>\n<li><a href=\"https:\/\/serveiseducatius.xtec.cat\/creda-baixllobregat\/\" target=\"_blank\" rel=\"noopener noreferrer\">Serveis educatius. CREDA Baix Llobregat<\/a><\/li>\n<li><a href=\"http:\/\/ensenyament.gencat.cat\/web\/.content\/home\/departament\/publicacions\/colleccions\/guia-families\/sordesa\/guia_famil_fills_sordceguesa.pdf\" target=\"_blank\" rel=\"noopener noreferrer\">Guia per a fam\u00edlies d\u2019infants amb sordesa o sordceguesa<\/a><\/li>\n<li><a href=\"http:\/\/xtec.gencat.cat\/ca\/curriculum\/diversitat-i-inclusio\/atencio-educativa-als-alumnes\/nese\/nese-derivades-de-discapacitat-auditiva\/\" target=\"_blank\" rel=\"noopener noreferrer\">Departament d\u2019Educaci\u00f3. NESE derivades de discapacitat auditiva.<\/a><u> <\/u><\/li>\n<\/ul>\n","protected":false},"excerpt":{"rendered":"<p>Projecte espec\u00edfic de suport a l\u2019audici\u00f3 i el llenguatge<br \/>\nL\u2019Escola Marta Mata\u00a0\u00e9s un dels centres amb projecte espec\u00edfic de suport a l\u2019audici\u00f3 i el llenguatge\u00a0 i compta amb una mestra especialista de suport intensiu a l\u2019audici\u00f3 i el llenguatge (SIAL). Aquests centres es caracteritzen per escolaritzar&hellip;  <a href=\"https:\/\/agora.xtec.cat\/escolamartamata-viladecans\/projecte-educatiu\/projecte-sial\/\" title=\"Read Projecte SIAL\">Llegeix m\u00e9s\u00bb<\/a><\/p>\n","protected":false},"author":56,"featured_media":0,"parent":64,"menu_order":70,"comment_status":"closed","ping_status":"closed","template":"page-templates\/side-menu.php","meta":{"_bbp_topic_count":0,"_bbp_reply_count":0,"_bbp_total_topic_count":0,"_bbp_total_reply_count":0,"_bbp_voice_count":0,"_bbp_anonymous_reply_count":0,"_bbp_topic_count_hidden":0,"_bbp_reply_count_hidden":0,"_bbp_forum_subforum_count":0,"footnotes":""},"class_list":["post-5889","page","type-page","status-publish","hentry"],"post_mailing_queue_ids":[],"_links":{"self":[{"href":"https:\/\/agora.xtec.cat\/escolamartamata-viladecans\/wp-json\/wp\/v2\/pages\/5889","targetHints":{"allow":["GET"]}}],"collection":[{"href":"https:\/\/agora.xtec.cat\/escolamartamata-viladecans\/wp-json\/wp\/v2\/pages"}],"about":[{"href":"https:\/\/agora.xtec.cat\/escolamartamata-viladecans\/wp-json\/wp\/v2\/types\/page"}],"author":[{"embeddable":true,"href":"https:\/\/agora.xtec.cat\/escolamartamata-viladecans\/wp-json\/wp\/v2\/users\/56"}],"replies":[{"embeddable":true,"href":"https:\/\/agora.xtec.cat\/escolamartamata-viladecans\/wp-json\/wp\/v2\/comments?post=5889"}],"version-history":[{"count":4,"href":"https:\/\/agora.xtec.cat\/escolamartamata-viladecans\/wp-json\/wp\/v2\/pages\/5889\/revisions"}],"predecessor-version":[{"id":5940,"href":"https:\/\/agora.xtec.cat\/escolamartamata-viladecans\/wp-json\/wp\/v2\/pages\/5889\/revisions\/5940"}],"up":[{"embeddable":true,"href":"https:\/\/agora.xtec.cat\/escolamartamata-viladecans\/wp-json\/wp\/v2\/pages\/64"}],"wp:attachment":[{"href":"https:\/\/agora.xtec.cat\/escolamartamata-viladecans\/wp-json\/wp\/v2\/media?parent=5889"}],"curies":[{"name":"wp","href":"https:\/\/api.w.org\/{rel}","templated":true}]}}