{"id":5786,"date":"2021-01-28T21:00:46","date_gmt":"2021-01-28T20:00:46","guid":{"rendered":"http:\/\/agora.xtec.cat\/escolamartamata-viladecans\/?page_id=5786"},"modified":"2021-03-22T11:18:41","modified_gmt":"2021-03-22T10:18:41","slug":"matematiques-actives","status":"publish","type":"page","link":"https:\/\/agora.xtec.cat\/escolamartamata-viladecans\/projecte-educatiu\/matematiques-actives\/","title":{"rendered":"Matem\u00e0tiques actives"},"content":{"rendered":"<h3><a href=\"https:\/\/agora.xtec.cat\/escolamartamata-viladecans\/wp-content\/uploads\/usu1599\/2021\/03\/11-2.png\"><img loading=\"lazy\" decoding=\"async\" class=\"wp-image-6041 alignleft\" src=\"https:\/\/agora.xtec.cat\/escolamartamata-viladecans\/wp-content\/uploads\/usu1599\/2021\/03\/11-2.png\" alt=\"\" width=\"786\" height=\"163\" srcset=\"https:\/\/agora.xtec.cat\/escolamartamata-viladecans\/wp-content\/uploads\/usu1599\/2021\/03\/11-2.png 448w, https:\/\/agora.xtec.cat\/escolamartamata-viladecans\/wp-content\/uploads\/usu1599\/2021\/03\/11-2-300x62.png 300w\" sizes=\"auto, (max-width: 786px) 100vw, 786px\" \/><\/a><\/h3>\n<p>&nbsp;<\/p>\n<p>&nbsp;<\/p>\n<p>&nbsp;<\/p>\n<p>&nbsp;<\/p>\n<p>&nbsp;<\/p>\n<p>El curs 19-20 l\u2019escola va iniciar un projecte d\u2019ensenyament de les matem\u00e0tiques anomenat <strong>Innovamat<\/strong>.<\/p>\n<p>&nbsp;<\/p>\n<h3><iframe loading=\"lazy\" src=\"\/\/www.youtube.com\/embed\/pERXXiZjS14\" width=\"360\" height=\"202\"><\/iframe><\/h3>\n<p>Aquest m\u00e8tode pedag\u00f2gic ha estat elaborat per un nombr\u00f3s grup d\u2019experts en diferents disciplines com la matem\u00e0tica, la pedagogia, l\u2019enginyeria i el disseny: Cec\u00edlia Calvo, David Barba, Laura Morera, Marc Guinjoan i Abraham de la Fuente.<\/p>\n<p><a href=\"https:\/\/agora.xtec.cat\/escolamartamata-viladecans\/wp-content\/uploads\/usu1599\/2021\/03\/22.png\"><img loading=\"lazy\" decoding=\"async\" class=\"wp-image-6042 alignleft\" src=\"https:\/\/agora.xtec.cat\/escolamartamata-viladecans\/wp-content\/uploads\/usu1599\/2021\/03\/22.png\" alt=\"\" width=\"190\" height=\"193\" srcset=\"https:\/\/agora.xtec.cat\/escolamartamata-viladecans\/wp-content\/uploads\/usu1599\/2021\/03\/22.png 494w, https:\/\/agora.xtec.cat\/escolamartamata-viladecans\/wp-content\/uploads\/usu1599\/2021\/03\/22-294x300.png 294w\" sizes=\"auto, (max-width: 190px) 100vw, 190px\" \/><\/a><\/p>\n<p>&nbsp;<\/p>\n<p>Innovamat parteix de materials manipulatius i ofereix a l\u2019alumnat la possibilitat d\u2019anar construint del seu propi coneixement, a partir de reptes matem\u00e0tics rics i variats. Els materials posen l\u2019alumne en el centre del seu propi proc\u00e9s d\u2019ensenyament-aprenentatge i permet desenvolupar l\u2019autonomia i el pensament cr\u00edtic: un proc\u00e9s emocional i emocionant pensat per a comprometre l\u2019infant a trav\u00e9s d\u2019est\u00edmuls positius.<\/p>\n<p>El contingut educatiu s\u2019organitza en tres grans blocs on es treballen\u00a0diferents conceptes matem\u00e0tics i dimensions emprant metodologies pedag\u00f2giques diverses.<\/p>\n<p>Amb les <strong>\u201caventures i els reptes matem\u00e0tics\u201d,<\/strong> els conceptes ( blocs de relacions i canvi, espai i forma, mesura i estad\u00edstica i atzar, sense perdre de vista numeraci\u00f3 i c\u00e0lcul) \u00a0es presenten en forma de reptes guiats i contextualitzats dins d\u2019hist\u00f2ries de fantasia. Cada curs escolar, l\u2019alumnat \u00e9s protagonista de dues hist\u00f2ries diferents plenes de reptes, presentades amb v\u00eddeos d\u2019una s\u00e8rie d\u2019animaci\u00f3. Es presenta un problema per sessi\u00f3 i, amb l\u2019ajuda d\u2019activitats introduct\u00f2ries guiades pel mestre\/a, es treballa amb profunditat la seva resoluci\u00f3.<\/p>\n<p>A trav\u00e9s del <strong>Laboratori de nombres<\/strong> <strong>es treballa b\u00e0sicament la numeraci\u00f3 i el c\u00e0lcul,<\/strong> el bloc amb m\u00e9s pes durant l\u2019etapa d\u2019educaci\u00f3 prim\u00e0ria, especialment a cicle inicial, i que estableix els fonaments de l\u2019aprenentatge matem\u00e0tic.<\/p>\n<p>&nbsp;<\/p>\n<p><a href=\"https:\/\/agora.xtec.cat\/escolamartamata-viladecans\/wp-content\/uploads\/usu1599\/2021\/03\/333.jpg\"><img loading=\"lazy\" decoding=\"async\" class=\"wp-image-6043 alignright\" src=\"https:\/\/agora.xtec.cat\/escolamartamata-viladecans\/wp-content\/uploads\/usu1599\/2021\/03\/333.jpg\" alt=\"\" width=\"278\" height=\"156\" srcset=\"https:\/\/agora.xtec.cat\/escolamartamata-viladecans\/wp-content\/uploads\/usu1599\/2021\/03\/333.jpg 614w, https:\/\/agora.xtec.cat\/escolamartamata-viladecans\/wp-content\/uploads\/usu1599\/2021\/03\/333-300x169.jpg 300w\" sizes=\"auto, (max-width: 278px) 100vw, 278px\" \/><\/a>Els conceptes es presenten de manera c\u00edclica, tant al llarg de tot el curs com dins de cada trimestre, amb un increment progressiu de la dificultat.L\u2019aula canvia radicalment de forma: el\/la mestre\/a passa a ser un\/a guia de l\u2019aprenentatge en lloc<span style=\"font-family: inherit; font-size: 1em;\">\u00a0de transmetre tots els coneixements.<\/span><\/p>\n<p>\u00c9s l\u2019alumnat qui, mitjan\u00e7ant les activitats de conversa matem\u00e0tica i l\u2019\u00fas de materials manipulatius o miniaplicacions digitals, apr\u00e8n els conceptes per ell\/a mateix\/a.<\/p>\n<p><a href=\"https:\/\/agora.xtec.cat\/escolamartamata-viladecans\/wp-content\/uploads\/usu1599\/2021\/03\/44444.jpg\"><img loading=\"lazy\" decoding=\"async\" class=\"wp-image-6044 alignleft\" src=\"https:\/\/agora.xtec.cat\/escolamartamata-viladecans\/wp-content\/uploads\/usu1599\/2021\/03\/44444.jpg\" alt=\"\" width=\"249\" height=\"187\" srcset=\"https:\/\/agora.xtec.cat\/escolamartamata-viladecans\/wp-content\/uploads\/usu1599\/2021\/03\/44444.jpg 462w, https:\/\/agora.xtec.cat\/escolamartamata-viladecans\/wp-content\/uploads\/usu1599\/2021\/03\/44444-300x225.jpg 300w, https:\/\/agora.xtec.cat\/escolamartamata-viladecans\/wp-content\/uploads\/usu1599\/2021\/03\/44444-200x150.jpg 200w\" sizes=\"auto, (max-width: 249px) 100vw, 249px\" \/><\/a><\/p>\n<p>&nbsp;<\/p>\n<p>Per fer-ho l\u2019alumnat comptar\u00e0 amb una <strong>plataforma digital<\/strong> que permet la pr\u00e0ctica individual a l\u2019aula d\u2019activitats de tots els blocs de continguts. La seva aparici\u00f3 es regula en funci\u00f3 de les necessitats individuals. Les activitats ofereixen ajudes i explicacions adaptades al nivell de cada infant.<\/p>\n<h3><\/h3>\n<p><strong>Per ajudar les nostres fam\u00edlies a entendre i familiaritzar-se amb aquesta metodologia, us deixem un enlla\u00e7 a diferents videotutorials:<\/strong><\/p>\n<h3 style=\"text-align: center;\"><a href=\"https:\/\/innovamat.us19.list-manage.com\/track\/click?u=b432f99915785a0ada7b08a22&amp;id=b70f8f057b&amp;e=3a7fbbd277\" target=\"_blank\" rel=\"noopener noreferrer\">VIDEOTUTORIALS<\/a><\/h3>\n<p><a href=\"https:\/\/innovamat.us19.list-manage.com\/track\/click?u=b432f99915785a0ada7b08a22&amp;id=b70f8f057b&amp;e=3a7fbbd277\" target=\"_blank\" rel=\"noopener noreferrer\"><img loading=\"lazy\" decoding=\"async\" class=\"wp-image-6047 aligncenter\" src=\"https:\/\/agora.xtec.cat\/escolamartamata-viladecans\/wp-content\/uploads\/usu1599\/2021\/03\/66.png\" alt=\"\" width=\"369\" height=\"184\" srcset=\"https:\/\/agora.xtec.cat\/escolamartamata-viladecans\/wp-content\/uploads\/usu1599\/2021\/03\/66.png 448w, https:\/\/agora.xtec.cat\/escolamartamata-viladecans\/wp-content\/uploads\/usu1599\/2021\/03\/66-300x149.png 300w\" sizes=\"auto, (max-width: 369px) 100vw, 369px\" \/><\/a><\/p>\n<p><a href=\"https:\/\/agora.xtec.cat\/escolamartamata-viladecans\/wp-content\/uploads\/usu1599\/2021\/03\/55.png\"><img loading=\"lazy\" decoding=\"async\" class=\"wp-image-6045 alignright\" src=\"https:\/\/agora.xtec.cat\/escolamartamata-viladecans\/wp-content\/uploads\/usu1599\/2021\/03\/55.png\" alt=\"\" width=\"208\" height=\"220\" srcset=\"https:\/\/agora.xtec.cat\/escolamartamata-viladecans\/wp-content\/uploads\/usu1599\/2021\/03\/55.png 425w, https:\/\/agora.xtec.cat\/escolamartamata-viladecans\/wp-content\/uploads\/usu1599\/2021\/03\/55-283x300.png 283w\" sizes=\"auto, (max-width: 208px) 100vw, 208px\" \/><\/a><\/p>\n<p>&nbsp;<\/p>\n<p>Esperem que tots aquests recursos ajudin a generar moments en qu\u00e8 infants i fam\u00edlies puguin compartir estones de\u00a0conversa matem\u00e0tica rica i que serveixin per ajudar les fam\u00edlies a entendre com fem matem\u00e0tiques a l\u2019escola.<\/p>\n<h3><\/h3>\n<h3><\/h3>\n<h3><\/h3>\n<p>&nbsp;<\/p>\n<pre>_________________________________________________________________________________________<\/pre>\n<h3>Apostem per un aprenentatge competencial i amb sentit did\u00e0ctic dels conceptes matem\u00e0tics.<\/h3>\n<h3>Per Innovamat, fer matem\u00e0tiques \u00e9s\u2026<\/h3>\n<h6 class=\"green \"><img loading=\"lazy\" decoding=\"async\" class=\"alignleft\" src=\"https:\/\/innovamat.com\/wp-content\/uploads\/2020\/03\/Resoldre_Problemes_min.png\" width=\"242\" height=\"252\" \/><\/h6>\n<h6 class=\"green \">Resoldre<\/h6>\n<p>Ser capa\u00e7 d\u2019enfrontar-se a situacions desconegudes, de dissenyar estrat\u00e8gies per resoldre-les, d\u2019analitzar les seves possibles solucions i de plantejar-se noves preguntes.<\/p>\n<h6><\/h6>\n<p>&nbsp;<\/p>\n<p>&nbsp;<\/p>\n<h6><\/h6>\n<p>&nbsp;<\/p>\n<p>&nbsp;<\/p>\n<p>&nbsp;<\/p>\n<h6 class=\"blue \">Raonar i provar\u00a0 <img loading=\"lazy\" decoding=\"async\" class=\"alignleft\" src=\"https:\/\/innovamat.com\/wp-content\/uploads\/2020\/03\/Raonament_proba_min.png\" width=\"242\" height=\"241\" \/><\/h6>\n<p>Ser capa\u00e7 d\u2019analitzar les situacions, fer conjectures i comprovar-les, deduir i argumentar les afirmacions que realitzem.<\/p>\n<h6><\/h6>\n<p>&nbsp;<\/p>\n<h6><\/h6>\n<p>&nbsp;<\/p>\n<h6><\/h6>\n<p>&nbsp;<\/p>\n<p>&nbsp;<\/p>\n<p>&nbsp;<\/p>\n<h6 class=\"yellow \"><img loading=\"lazy\" decoding=\"async\" class=\"alignleft\" src=\"https:\/\/innovamat.com\/wp-content\/uploads\/2020\/03\/Conectar_min.png\" width=\"248\" height=\"216\" \/><\/h6>\n<p>&nbsp;<\/p>\n<h6><\/h6>\n<h6 class=\"yellow \">Connectar<\/h6>\n<p>Ser capa\u00e7 de descobrir les relacions existents entre les diferents idees i conceptes del m\u00f3n matem\u00e0tic o d\u2019aquests amb el m\u00f3n que ens envolta.<\/p>\n<p>&nbsp;<\/p>\n<p>&nbsp;<\/p>\n<p>&nbsp;<\/p>\n<p>&nbsp;<\/p>\n<p>&nbsp;<\/p>\n<h6 class=\"purple \"><img loading=\"lazy\" decoding=\"async\" class=\"alignleft\" src=\"https:\/\/innovamat.com\/wp-content\/uploads\/2020\/03\/Comunicar_Representar_min.png\" width=\"253\" height=\"254\" \/><\/h6>\n<h6><\/h6>\n<h6 class=\"purple \">Comunicar i representar<\/h6>\n<p>Ser capa\u00e7 de transmetre i interpretar la informaci\u00f3 matem\u00e0tica a trav\u00e9s de qualsevol canal: de manera gr\u00e0fica o escrita, oral, amb l\u2019ajuda de material o mitjan\u00e7ant la tecnologia existent.<\/p>\n","protected":false},"excerpt":{"rendered":"<p><a href=\"https:\/\/agora.xtec.cat\/escolamartamata-viladecans\/wp-content\/uploads\/usu1599\/2021\/03\/11-2.png\"><\/a><br \/>\n&nbsp;<br \/>\n&nbsp;<br \/>\n&nbsp;<br \/>\n&nbsp;<br \/>\n&nbsp;<br \/>\nEl curs 19-20 l\u2019escola va iniciar un projecte d\u2019ensenyament de les matem\u00e0tiques anomenat Innovamat.<br \/>\n&nbsp;<\/p>\n<p>Aquest m\u00e8tode pedag\u00f2gic ha estat elaborat per un nombr\u00f3s grup d\u2019experts en diferents disciplines com la matem\u00e0tica, la pedagogia, l\u2019enginyeria i el disseny: Cec\u00edlia Calvo, David Barba, Laura Morera, Marc Guinjoan&hellip;  <a href=\"https:\/\/agora.xtec.cat\/escolamartamata-viladecans\/projecte-educatiu\/matematiques-actives\/\" title=\"Read Matem\u00e0tiques actives\">Llegeix m\u00e9s\u00bb<\/a><\/p>\n","protected":false},"author":56,"featured_media":0,"parent":64,"menu_order":30,"comment_status":"closed","ping_status":"closed","template":"page-templates\/side-menu.php","meta":{"_bbp_topic_count":0,"_bbp_reply_count":0,"_bbp_total_topic_count":0,"_bbp_total_reply_count":0,"_bbp_voice_count":0,"_bbp_anonymous_reply_count":0,"_bbp_topic_count_hidden":0,"_bbp_reply_count_hidden":0,"_bbp_forum_subforum_count":0,"footnotes":""},"class_list":["post-5786","page","type-page","status-publish","hentry"],"post_mailing_queue_ids":[],"_links":{"self":[{"href":"https:\/\/agora.xtec.cat\/escolamartamata-viladecans\/wp-json\/wp\/v2\/pages\/5786","targetHints":{"allow":["GET"]}}],"collection":[{"href":"https:\/\/agora.xtec.cat\/escolamartamata-viladecans\/wp-json\/wp\/v2\/pages"}],"about":[{"href":"https:\/\/agora.xtec.cat\/escolamartamata-viladecans\/wp-json\/wp\/v2\/types\/page"}],"author":[{"embeddable":true,"href":"https:\/\/agora.xtec.cat\/escolamartamata-viladecans\/wp-json\/wp\/v2\/users\/56"}],"replies":[{"embeddable":true,"href":"https:\/\/agora.xtec.cat\/escolamartamata-viladecans\/wp-json\/wp\/v2\/comments?post=5786"}],"version-history":[{"count":4,"href":"https:\/\/agora.xtec.cat\/escolamartamata-viladecans\/wp-json\/wp\/v2\/pages\/5786\/revisions"}],"predecessor-version":[{"id":6053,"href":"https:\/\/agora.xtec.cat\/escolamartamata-viladecans\/wp-json\/wp\/v2\/pages\/5786\/revisions\/6053"}],"up":[{"embeddable":true,"href":"https:\/\/agora.xtec.cat\/escolamartamata-viladecans\/wp-json\/wp\/v2\/pages\/64"}],"wp:attachment":[{"href":"https:\/\/agora.xtec.cat\/escolamartamata-viladecans\/wp-json\/wp\/v2\/media?parent=5786"}],"curies":[{"name":"wp","href":"https:\/\/api.w.org\/{rel}","templated":true}]}}