{"id":5783,"date":"2021-01-28T20:58:48","date_gmt":"2021-01-28T19:58:48","guid":{"rendered":"http:\/\/agora.xtec.cat\/escolamartamata-viladecans\/?page_id=5783"},"modified":"2021-01-31T16:28:45","modified_gmt":"2021-01-31T15:28:45","slug":"racons","status":"publish","type":"page","link":"https:\/\/agora.xtec.cat\/escolamartamata-viladecans\/projecte-educatiu\/racons\/","title":{"rendered":"Treball per Racons"},"content":{"rendered":"<p>Enguany l\u2019escola inicia el treball per racons a l&#8217;\u00e0mbit de llengua catalana. El comencem a cinqu\u00e8 i a primer i s\u2019anir\u00e0 estenent durant els seg\u00fcents anys a la resta de cursos de l\u2019escola.<\/p>\n<p>Els racons permeten que l\u2019\u00e0rea sigui m\u00e9s engrescadora, alhora que ens permeten una millor atenci\u00f3 a la diversitat i un treball m\u00e9s competencial.<\/p>\n<p>L&#8217;organitzaci\u00f3 \u00e9s fa en grups redu\u00efts, els nens i nenes aprenen a treballar en equip, a col\u00b7laborar i a compartir coneixements. Els racons tamb\u00e9 potencien la seva\u00a0iniciativa\u00a0i el sentit de la\u00a0responsabilitat.<\/p>\n<p>L\u2019inici ha estat molt satisfactori tant per docents com per l\u2019alumnat.<\/p>\n<p><img loading=\"lazy\" decoding=\"async\" class=\"\" src=\"https:\/\/lh3.googleusercontent.com\/pw\/ACtC-3dhlbMwEjBR-BRjP6An4yhbmQu-asdh0-LyBp7qO_xh4CqzMV1mQzPPjGfJny_tIlAnm7GgRy9Y5RWTwh3GSOhOwSJ830A8QV8IRlWCMaTeYdIqAnOZM7D6Ugw-asI9RazOvGQNh6FBUKWoDd9MnPpm=w1067-h600-no?authuser=3\" width=\"688\" height=\"387\" \/><\/p>\n<p><img loading=\"lazy\" decoding=\"async\" class=\"\" src=\"https:\/\/lh3.googleusercontent.com\/pw\/ACtC-3cfwvCVnJG5jivIKeyVS3tF7PDUKfJ7PNMua1-tbTSnGyEioerbsa8w0se1pafMQm3oWAq9zl6_SmPg42RZQQ04YWct7BnxHKxBmLblFnOyt89ZaU1ZXfc-8O3SCc_gj0q7tvQKlgxzBHV6xYoI9s2u=w800-h600-no?authuser=3\" width=\"693\" height=\"520\" \/><\/p>\n<p><img loading=\"lazy\" decoding=\"async\" class=\"\" src=\"https:\/\/lh3.googleusercontent.com\/pw\/ACtC-3dGI4_RBiE_2ZKzuVqUZ2vAJ0-bbo4xQDgUMhFdvAUCfES3SuWpIAtuQjhnFHsr6P_auGcBcrzwHPqhFp8spc5xPTypWUqlJDk2V793m6r1lsD6NKrtqUfMOqx4hNZakPtO_jmzTymHh74LNgxxXES_=w800-h600-no?authuser=3\" width=\"691\" height=\"518\" \/><\/p>\n","protected":false},"excerpt":{"rendered":"<p>Enguany l\u2019escola inicia el treball per racons a l&#8217;\u00e0mbit de llengua catalana. El comencem a cinqu\u00e8 i a primer i s\u2019anir\u00e0 estenent durant els seg\u00fcents anys a la resta de cursos de l\u2019escola.<br \/>\nEls racons permeten que l\u2019\u00e0rea sigui m\u00e9s engrescadora, alhora que ens permeten una&hellip;  <a href=\"https:\/\/agora.xtec.cat\/escolamartamata-viladecans\/projecte-educatiu\/racons\/\" title=\"Read Treball per Racons\">Llegeix m\u00e9s\u00bb<\/a><\/p>\n","protected":false},"author":56,"featured_media":0,"parent":64,"menu_order":20,"comment_status":"closed","ping_status":"closed","template":"page-templates\/side-menu.php","meta":{"_bbp_topic_count":0,"_bbp_reply_count":0,"_bbp_total_topic_count":0,"_bbp_total_reply_count":0,"_bbp_voice_count":0,"_bbp_anonymous_reply_count":0,"_bbp_topic_count_hidden":0,"_bbp_reply_count_hidden":0,"_bbp_forum_subforum_count":0,"footnotes":""},"class_list":["post-5783","page","type-page","status-publish","hentry"],"post_mailing_queue_ids":[],"_links":{"self":[{"href":"https:\/\/agora.xtec.cat\/escolamartamata-viladecans\/wp-json\/wp\/v2\/pages\/5783","targetHints":{"allow":["GET"]}}],"collection":[{"href":"https:\/\/agora.xtec.cat\/escolamartamata-viladecans\/wp-json\/wp\/v2\/pages"}],"about":[{"href":"https:\/\/agora.xtec.cat\/escolamartamata-viladecans\/wp-json\/wp\/v2\/types\/page"}],"author":[{"embeddable":true,"href":"https:\/\/agora.xtec.cat\/escolamartamata-viladecans\/wp-json\/wp\/v2\/users\/56"}],"replies":[{"embeddable":true,"href":"https:\/\/agora.xtec.cat\/escolamartamata-viladecans\/wp-json\/wp\/v2\/comments?post=5783"}],"version-history":[{"count":4,"href":"https:\/\/agora.xtec.cat\/escolamartamata-viladecans\/wp-json\/wp\/v2\/pages\/5783\/revisions"}],"predecessor-version":[{"id":5807,"href":"https:\/\/agora.xtec.cat\/escolamartamata-viladecans\/wp-json\/wp\/v2\/pages\/5783\/revisions\/5807"}],"up":[{"embeddable":true,"href":"https:\/\/agora.xtec.cat\/escolamartamata-viladecans\/wp-json\/wp\/v2\/pages\/64"}],"wp:attachment":[{"href":"https:\/\/agora.xtec.cat\/escolamartamata-viladecans\/wp-json\/wp\/v2\/media?parent=5783"}],"curies":[{"name":"wp","href":"https:\/\/api.w.org\/{rel}","templated":true}]}}