{"id":5700,"date":"2021-01-27T12:13:20","date_gmt":"2021-01-27T11:13:20","guid":{"rendered":"http:\/\/agora.xtec.cat\/escolamartamata-viladecans\/?page_id=5700"},"modified":"2023-05-08T21:43:09","modified_gmt":"2023-05-08T19:43:09","slug":"documentacio-del-centre-2","status":"publish","type":"page","link":"https:\/\/agora.xtec.cat\/escolamartamata-viladecans\/projecte-educatiu\/documentacio-del-centre-2\/","title":{"rendered":"Documentaci\u00f3 del centre"},"content":{"rendered":"<p>En aquest apartat trobareu la informaci\u00f3 de la documentaci\u00f3 del centre.<\/p>\n<ul>\n<li>Pla d&#8217;organitzaci\u00f3 del centre 22-23.<\/li>\n<li><a href=\"https:\/\/drive.google.com\/file\/d\/0B6J9im9h4btlaXdEbEFZM3FWajBERlpoX0pudUVfSzlfUDhJ\/view\" target=\"_blank\" rel=\"noopener noreferrer\">Projecte educatiu de centre.\u00a0<\/a><\/li>\n<li><a href=\"https:\/\/drive.google.com\/file\/d\/1eHjL0ATE4xwN4lJm-1jpRkHxZPFSBlq6\/view?usp=sharing\" target=\"_blank\" rel=\"noopener\">Programaci\u00f3 general anual de centre 22-23.<\/a><\/li>\n<li><a href=\"https:\/\/drive.google.com\/file\/d\/1vjN0eBrFJhYVoQtU8APdE69lk_mkT9s5\/view?usp=sharing\" target=\"_blank\" rel=\"noopener\">Projecte ling\u00fc\u00edstic de centre<\/a>.<\/li>\n<li><a href=\"https:\/\/drive.google.com\/file\/d\/19TAACwhtd25JWcXRUSKPqY3noXs2kE6D\/view?usp=sharing\" target=\"_blank\" rel=\"noopener\">Carta de comprom\u00eds.<\/a><\/li>\n<li><a href=\"https:\/\/drive.google.com\/file\/d\/1Fp2ezMDXBJW8CqzLrUQjNzPM5JZ75ZSY\/view?usp=sharing\" target=\"_blank\" rel=\"noopener\">Normes d\u2019Organitzaci\u00f3 i Funcionament del Centre.<\/a><\/li>\n<li><a href=\"https:\/\/drive.google.com\/file\/d\/1HRyHa3xXXgfCaPRUCydwooabNMEMGmtI\/view?usp=sharing\">Pla de funcionament del menjador escolar.<\/a><\/li>\n<li><a href=\"https:\/\/drive.google.com\/file\/d\/1pDFElCQad0OAkIrcZIVBz0BWNrkprvV3\/view?usp=sharing\" target=\"_blank\" rel=\"noopener\">Projecte de Conviv\u00e8ncia<\/a><\/li>\n<\/ul>\n","protected":false},"excerpt":{"rendered":"<p>En aquest apartat trobareu la informaci\u00f3 de la documentaci\u00f3 del centre.<\/p>\n<ul>\n<li>Pla d&#8217;organitzaci\u00f3 del centre 22-23.<\/li>\n<li><a href=\"https:\/\/drive.google.com\/file\/d\/0B6J9im9h4btlaXdEbEFZM3FWajBERlpoX0pudUVfSzlfUDhJ\/view\" target=\"_blank\" rel=\"noopener noreferrer\">Projecte educatiu de centre.\u00a0<\/a><\/li>\n<li><a href=\"https:\/\/drive.google.com\/file\/d\/1eHjL0ATE4xwN4lJm-1jpRkHxZPFSBlq6\/view?usp=sharing\" target=\"_blank\" rel=\"noopener\">Programaci\u00f3 general anual de centre 22-23.<\/a><\/li>\n<li><a href=\"https:\/\/drive.google.com\/file\/d\/1vjN0eBrFJhYVoQtU8APdE69lk_mkT9s5\/view?usp=sharing\" target=\"_blank\" rel=\"noopener\">Projecte ling\u00fc\u00edstic de centre<\/a>.<\/li>\n<li><a href=\"https:\/\/drive.google.com\/file\/d\/19TAACwhtd25JWcXRUSKPqY3noXs2kE6D\/view?usp=sharing\" target=\"_blank\" rel=\"noopener\">Carta de comprom\u00eds.<\/a><\/li>\n<li><a href=\"https:\/\/drive.google.com\/file\/d\/1Fp2ezMDXBJW8CqzLrUQjNzPM5JZ75ZSY\/view?usp=sharing\" target=\"_blank\" rel=\"noopener\">Normes d\u2019Organitzaci\u00f3&hellip;  <a href=\"https:\/\/agora.xtec.cat\/escolamartamata-viladecans\/projecte-educatiu\/documentacio-del-centre-2\/\" title=\"Read Documentaci\u00f3 del centre\">Llegeix m\u00e9s\u00bb<\/a><br \/>\n","protected":false},"author":56,"featured_media":0,"parent":64,"menu_order":10,"comment_status":"closed","ping_status":"closed","template":"page-templates\/side-menu.php","meta":{"_bbp_topic_count":0,"_bbp_reply_count":0,"_bbp_total_topic_count":0,"_bbp_total_reply_count":0,"_bbp_voice_count":0,"_bbp_anonymous_reply_count":0,"_bbp_topic_count_hidden":0,"_bbp_reply_count_hidden":0,"_bbp_forum_subforum_count":0,"footnotes":""},"class_list":["post-5700","page","type-page","status-publish","hentry"],"post_mailing_queue_ids":[],"_links":{"self":[{"href":"https:\/\/agora.xtec.cat\/escolamartamata-viladecans\/wp-json\/wp\/v2\/pages\/5700","targetHints":{"allow":["GET"]}}],"collection":[{"href":"https:\/\/agora.xtec.cat\/escolamartamata-viladecans\/wp-json\/wp\/v2\/pages"}],"about":[{"href":"https:\/\/agora.xtec.cat\/escolamartamata-viladecans\/wp-json\/wp\/v2\/types\/page"}],"author":[{"embeddable":true,"href":"https:\/\/agora.xtec.cat\/escolamartamata-viladecans\/wp-json\/wp\/v2\/users\/56"}],"replies":[{"embeddable":true,"href":"https:\/\/agora.xtec.cat\/escolamartamata-viladecans\/wp-json\/wp\/v2\/comments?post=5700"}],"version-history":[{"count":5,"href":"https:\/\/agora.xtec.cat\/escolamartamata-viladecans\/wp-json\/wp\/v2\/pages\/5700\/revisions"}],"predecessor-version":[{"id":8824,"href":"https:\/\/agora.xtec.cat\/escolamartamata-viladecans\/wp-json\/wp\/v2\/pages\/5700\/revisions\/8824"}],"up":[{"embeddable":true,"href":"https:\/\/agora.xtec.cat\/escolamartamata-viladecans\/wp-json\/wp\/v2\/pages\/64"}],"wp:attachment":[{"href":"https:\/\/agora.xtec.cat\/escolamartamata-viladecans\/wp-json\/wp\/v2\/media?parent=5700"}],"curies":[{"name":"wp","href":"https:\/\/api.w.org\/{rel}","templated":true}]}}