{"id":504,"date":"2016-12-17T07:47:04","date_gmt":"2016-12-17T06:47:04","guid":{"rendered":"http:\/\/agora.xtec.cat\/escolamartamata-viladecans\/?page_id=504"},"modified":"2021-02-07T17:18:25","modified_gmt":"2021-02-07T16:18:25","slug":"ambits","status":"publish","type":"page","link":"https:\/\/agora.xtec.cat\/escolamartamata-viladecans\/ambits\/","title":{"rendered":"\u00c0mbits"},"content":{"rendered":"<p>De P3 a 6\u00e8 cada nivell t\u00e9 una p\u00e0gina pr\u00f2pia, que es creen mitjan\u00e7ant les categories.<\/p>\n<p>Les categories es defineixen des del men\u00fa de les entrades del blog. Paral\u00b7lelament als nivells tamb\u00e9 es poden definir m\u00e9s categories.<\/p>\n<p>Ja estan definides les categories: Educaci\u00f3 infantil, P3, P4, P5, Educaci\u00f3 prim\u00e0ria, 1r curs, 2n curs, 3r curs, 4t curs, 5\u00e8 curs, 6\u00e8 curs.<\/p>\n<ul>\n<li id=\"nav-menu-item-4559\" class=\"sub-menu-item  menu-item-odd menu-item-depth-1 menu-item menu-item-type-taxonomy menu-item-object-category\"><a class=\"menu-link sub-menu-link\" href=\"https:\/\/agora.xtec.cat\/escolamartamata-viladecans\/categoria\/educacio-especial\/\">Educaci\u00f3 Especial<\/a><\/li>\n<li id=\"nav-menu-item-1172\" class=\"sub-menu-item  menu-item-odd menu-item-depth-1 menu-item menu-item-type-taxonomy menu-item-object-category\"><a class=\"menu-link sub-menu-link\" href=\"https:\/\/agora.xtec.cat\/escolamartamata-viladecans\/categoria\/english\/\">English<\/a><\/li>\n<li id=\"nav-menu-item-4326\" class=\"sub-menu-item  menu-item-odd menu-item-depth-1 menu-item menu-item-type-taxonomy menu-item-object-category\"><a class=\"menu-link sub-menu-link\" href=\"https:\/\/agora.xtec.cat\/escolamartamata-viladecans\/categoria\/francais\/\">Fran\u00e7ais<\/a><\/li>\n<li id=\"nav-menu-item-520\" class=\"sub-menu-item  menu-item-odd menu-item-depth-1 menu-item menu-item-type-taxonomy menu-item-object-category\"><a class=\"menu-link sub-menu-link\" href=\"https:\/\/agora.xtec.cat\/escolamartamata-viladecans\/categoria\/pe\/\">Physical Education \u2013 Educaci\u00f3 F\u00edsica<\/a><\/li>\n<li id=\"nav-menu-item-3093\" class=\"sub-menu-item  menu-item-odd menu-item-depth-1 menu-item menu-item-type-taxonomy menu-item-object-post_tag\"><a class=\"menu-link sub-menu-link\" href=\"https:\/\/agora.xtec.cat\/escolamartamata-viladecans\/tag\/musica\/\">M\u00fasica<\/a><\/li>\n<\/ul>\n","protected":false},"excerpt":{"rendered":"<p>De P3 a 6\u00e8 cada nivell t\u00e9 una p\u00e0gina pr\u00f2pia, que es creen mitjan\u00e7ant les categories.<br \/>\nLes categories es defineixen des del men\u00fa de les entrades del blog. Paral\u00b7lelament als nivells tamb\u00e9 es poden definir m\u00e9s categories.<br \/>\nJa estan definides les categories: Educaci\u00f3 infantil, P3, P4, P5,&hellip;  <a href=\"https:\/\/agora.xtec.cat\/escolamartamata-viladecans\/ambits\/\" title=\"Read \u00c0mbits\">Llegeix m\u00e9s\u00bb<\/a><\/p>\n","protected":false},"author":1,"featured_media":0,"parent":0,"menu_order":0,"comment_status":"closed","ping_status":"closed","template":"page-templates\/side-menu.php","meta":{"_bbp_topic_count":0,"_bbp_reply_count":0,"_bbp_total_topic_count":0,"_bbp_total_reply_count":0,"_bbp_voice_count":0,"_bbp_anonymous_reply_count":0,"_bbp_topic_count_hidden":0,"_bbp_reply_count_hidden":0,"_bbp_forum_subforum_count":0,"footnotes":""},"class_list":["post-504","page","type-page","status-publish","hentry"],"post_mailing_queue_ids":[],"_links":{"self":[{"href":"https:\/\/agora.xtec.cat\/escolamartamata-viladecans\/wp-json\/wp\/v2\/pages\/504","targetHints":{"allow":["GET"]}}],"collection":[{"href":"https:\/\/agora.xtec.cat\/escolamartamata-viladecans\/wp-json\/wp\/v2\/pages"}],"about":[{"href":"https:\/\/agora.xtec.cat\/escolamartamata-viladecans\/wp-json\/wp\/v2\/types\/page"}],"author":[{"embeddable":true,"href":"https:\/\/agora.xtec.cat\/escolamartamata-viladecans\/wp-json\/wp\/v2\/users\/1"}],"replies":[{"embeddable":true,"href":"https:\/\/agora.xtec.cat\/escolamartamata-viladecans\/wp-json\/wp\/v2\/comments?post=504"}],"version-history":[{"count":2,"href":"https:\/\/agora.xtec.cat\/escolamartamata-viladecans\/wp-json\/wp\/v2\/pages\/504\/revisions"}],"predecessor-version":[{"id":5913,"href":"https:\/\/agora.xtec.cat\/escolamartamata-viladecans\/wp-json\/wp\/v2\/pages\/504\/revisions\/5913"}],"wp:attachment":[{"href":"https:\/\/agora.xtec.cat\/escolamartamata-viladecans\/wp-json\/wp\/v2\/media?parent=504"}],"curies":[{"name":"wp","href":"https:\/\/api.w.org\/{rel}","templated":true}]}}