{"id":28,"date":"2014-09-18T12:29:35","date_gmt":"2014-09-18T11:29:35","guid":{"rendered":"http:\/\/agora.xtec.cat\/escolamartamata-viladecans\/?page_id=28"},"modified":"2024-01-11T13:28:54","modified_gmt":"2024-01-11T12:28:54","slug":"consell-escolar","status":"publish","type":"page","link":"https:\/\/agora.xtec.cat\/escolamartamata-viladecans\/lescola\/consell-escolar\/","title":{"rendered":"Consell escolar"},"content":{"rendered":"<p style=\"text-align: center;\"><b><u>FUNCIONS DEL CONSELL ESCOLAR DELS CENTRES P\u00daBLICS<\/u><\/b><\/p>\n<ul>\n<li>Participar en l&#8217;aprovaci\u00f3 del projecte educatiu i les seves modificacions. El consell escolar ha de ser consultat pel director de manera preceptiva per valorar la proposta del projecte educatiu i manifestar el seu suport amb una majoria de les tres cinquenes parts dels membres.<\/li>\n<li>Participar en l&#8217;aprovaci\u00f3 de la programaci\u00f3 general anual, de les normes de funcionament i de la gesti\u00f3 econ\u00f2mica del centre. El consell escolar ha de ser consultat de manera preceptiva per valorar cada una de les propostes i manifestar el seu suport per majoria simple dels membres.<\/li>\n<li>Avaluar l&#8217;aplicaci\u00f3 del projecte educatiu i de les seves modificacions aix\u00ed com de la resta de documents de gesti\u00f3 del centre.<\/li>\n<li>Aprovar les propostes d&#8217;acords de corresponsabilitat, convenis i altres acords de col\u00b7laboraci\u00f3 del centre amb entitats i institucions.<\/li>\n<li>Intervenir en el procediment d&#8217;admissi\u00f3 d&#8217;alumnes.<\/li>\n<li>Participar en el procediment de selecci\u00f3 i en la proposta de cessament del director o directora.<\/li>\n<li>Intervenir en la resoluci\u00f3 dels conflictes i, si escau, revisar les sancions als alumnes.<\/li>\n<li>Aprovar les directrius per a la programaci\u00f3 d&#8217;activitats escolars complement\u00e0ries i d&#8217;activitats extraescolars, i avaluar-ne el desenvolupament.<\/li>\n<li>Participar en les an\u00e0lisis i les avaluacions del funcionament general del centre i con\u00e8ixer l&#8217;evoluci\u00f3 del rendiment escolar.<\/li>\n<li>Aprovar els criteris de col\u00b7laboraci\u00f3 amb altres centres i amb l&#8217;entorn.<\/li>\n<li>Qualsevol altre que li sigui atribu\u00efda per les normes legals o reglament\u00e0ries.<\/li>\n<\/ul>\n<p>&nbsp;<\/p>\n<table class=\" aligncenter\" style=\"height: 594px;\" width=\"598\">\n<tbody>\n<tr style=\"height: 31px;\">\n<td style=\"width: 252px; height: 31px;\"><strong>\u00a0 \u00a0 \u00a0 \u00a0 \u00a0 \u00a0REPRESENTANTS<\/strong><\/td>\n<td style=\"width: 338px; height: 31px;\"><strong>\u00a0 \u00a0 \u00a0 \u00a0 \u00a0 \u00a0 \u00a0 \u00a0 \u00a0 \u00a0 NOMS<\/strong><\/td>\n<\/tr>\n<tr style=\"height: 31px;\">\n<td style=\"width: 252px; height: 31px;\"><strong>Presidenta<\/strong><\/td>\n<td style=\"width: 338px; height: 31px;\">Ana Isabel Lobato P\u00e9rez<\/td>\n<\/tr>\n<tr style=\"height: 31px;\">\n<td style=\"width: 252px; height: 31px;\"><strong>Cap d&#8217;estudis<\/strong><\/td>\n<td style=\"width: 338px; height: 31px;\">Elena Fern\u00e1ndez Murillo<\/td>\n<\/tr>\n<tr style=\"height: 31px;\">\n<td style=\"width: 252px; height: 31px;\"><strong>Secret\u00e0ria<\/strong><\/td>\n<td style=\"width: 338px; height: 31px;\">S\u00edlvia Torrent Pedrosa<\/td>\n<\/tr>\n<tr style=\"height: 31px;\">\n<td style=\"width: 252px; height: 31px;\"><strong>AMPA<\/strong><\/td>\n<td style=\"width: 338px; height: 31px;\">M\u00aa Rosa Mu\u00f1oz Barra<\/td>\n<\/tr>\n<tr style=\"height: 31px;\">\n<td style=\"width: 252px; height: 31px;\"><strong>Pares<\/strong><\/td>\n<td style=\"width: 338px; height: 31px;\">Mireia Torres Castillo<\/td>\n<\/tr>\n<tr style=\"height: 31px;\">\n<td style=\"width: 252px; height: 31px;\"><strong>Pares<\/strong><\/td>\n<td style=\"width: 338px; height: 31px;\">Francisco Mart\u00ednez L\u00f3pez<\/td>\n<\/tr>\n<tr style=\"height: 31px;\">\n<td style=\"width: 252px; height: 31px;\"><strong>Pares<\/strong><\/td>\n<td style=\"width: 338px; height: 31px;\">Maria Azcona Vicente<\/td>\n<\/tr>\n<tr style=\"height: 31px;\">\n<td style=\"width: 252px; height: 31px;\"><strong style=\"background-color: #f9f9f9;\">Pares<\/strong><\/td>\n<td style=\"width: 338px; height: 31px;\">Paula Maria Garrote Manso<\/td>\n<\/tr>\n<tr style=\"height: 31px;\">\n<td style=\"width: 252px; height: 31px;\"><strong>Pares<\/strong><\/td>\n<td style=\"width: 338px; height: 31px;\">Emilio Jos\u00e9 Coco Prieto<\/td>\n<\/tr>\n<tr style=\"height: 31px;\">\n<td style=\"width: 252px; height: 31px;\"><strong>Mestres<\/strong><\/td>\n<td style=\"width: 338px; height: 31px;\">Ana Maria Pat\u00f3n Casas<\/td>\n<\/tr>\n<tr style=\"height: 31px;\">\n<td style=\"width: 252px; height: 31px;\"><strong>Mestres<\/strong><\/td>\n<td style=\"width: 338px; height: 31px;\">Sergio Alonso Ram\u00edrez<\/td>\n<\/tr>\n<tr style=\"height: 31px;\">\n<td style=\"width: 252px; height: 31px;\"><strong>Mestres<\/strong><\/td>\n<td style=\"width: 338px; height: 31px;\">Raquel S\u00e1nchez Miguel<\/td>\n<\/tr>\n<tr style=\"height: 31px;\">\n<td style=\"width: 252px; height: 31px;\"><strong>Mestres<\/strong><\/td>\n<td style=\"width: 338px; height: 31px;\">Maria Jurado Vergara<\/td>\n<\/tr>\n<tr style=\"height: 31px;\">\n<td style=\"width: 252px; height: 31px;\"><strong>Mestres<\/strong><\/td>\n<td style=\"width: 338px; height: 31px;\">Soledad Carmona Garcia<\/td>\n<\/tr>\n<tr style=\"height: 31px;\">\n<td style=\"width: 252px; height: 31px;\"><strong>Mestres<\/strong><\/td>\n<td style=\"width: 338px; height: 31px;\">Mireia Alegre Mart\u00edn<\/td>\n<\/tr>\n<tr style=\"height: 31px;\">\n<td style=\"width: 252px; height: 31px;\"><strong>PAS<\/strong><\/td>\n<td style=\"width: 338px; height: 31px;\">Pedro S\u00e1nchez Mu\u00f1oz<\/td>\n<\/tr>\n<tr style=\"height: 22px;\">\n<td style=\"width: 252px; height: 22px;\"><strong>Ajuntament<\/strong><\/td>\n<td style=\"width: 338px; height: 22px;\">Elena Pellicer P\u00e9rez<\/td>\n<\/tr>\n<\/tbody>\n<\/table>\n<p>&nbsp;<\/p>\n","protected":false},"excerpt":{"rendered":"<p>FUNCIONS DEL CONSELL ESCOLAR DELS CENTRES P\u00daBLICS<\/p>\n<ul>\n<li>Participar en l&#8217;aprovaci\u00f3 del projecte educatiu i les seves modificacions. El consell escolar ha de ser consultat pel director de manera preceptiva per valorar la proposta del projecte educatiu i manifestar el seu suport amb una majoria de les&hellip;  <a href=\"https:\/\/agora.xtec.cat\/escolamartamata-viladecans\/lescola\/consell-escolar\/\" title=\"Read Consell escolar\">Llegeix m\u00e9s\u00bb<\/a><br \/>\n","protected":false},"author":1,"featured_media":0,"parent":22,"menu_order":40,"comment_status":"closed","ping_status":"closed","template":"page-templates\/side-menu.php","meta":{"_bbp_topic_count":0,"_bbp_reply_count":0,"_bbp_total_topic_count":0,"_bbp_total_reply_count":0,"_bbp_voice_count":0,"_bbp_anonymous_reply_count":0,"_bbp_topic_count_hidden":0,"_bbp_reply_count_hidden":0,"_bbp_forum_subforum_count":0,"footnotes":""},"class_list":["post-28","page","type-page","status-publish","hentry"],"post_mailing_queue_ids":[],"_links":{"self":[{"href":"https:\/\/agora.xtec.cat\/escolamartamata-viladecans\/wp-json\/wp\/v2\/pages\/28","targetHints":{"allow":["GET"]}}],"collection":[{"href":"https:\/\/agora.xtec.cat\/escolamartamata-viladecans\/wp-json\/wp\/v2\/pages"}],"about":[{"href":"https:\/\/agora.xtec.cat\/escolamartamata-viladecans\/wp-json\/wp\/v2\/types\/page"}],"author":[{"embeddable":true,"href":"https:\/\/agora.xtec.cat\/escolamartamata-viladecans\/wp-json\/wp\/v2\/users\/1"}],"replies":[{"embeddable":true,"href":"https:\/\/agora.xtec.cat\/escolamartamata-viladecans\/wp-json\/wp\/v2\/comments?post=28"}],"version-history":[{"count":8,"href":"https:\/\/agora.xtec.cat\/escolamartamata-viladecans\/wp-json\/wp\/v2\/pages\/28\/revisions"}],"predecessor-version":[{"id":9621,"href":"https:\/\/agora.xtec.cat\/escolamartamata-viladecans\/wp-json\/wp\/v2\/pages\/28\/revisions\/9621"}],"up":[{"embeddable":true,"href":"https:\/\/agora.xtec.cat\/escolamartamata-viladecans\/wp-json\/wp\/v2\/pages\/22"}],"wp:attachment":[{"href":"https:\/\/agora.xtec.cat\/escolamartamata-viladecans\/wp-json\/wp\/v2\/media?parent=28"}],"curies":[{"name":"wp","href":"https:\/\/api.w.org\/{rel}","templated":true}]}}