{"id":26,"date":"2014-09-18T12:24:32","date_gmt":"2014-09-18T11:24:32","guid":{"rendered":"http:\/\/agora.xtec.cat\/escolamartamata-viladecans\/?page_id=26"},"modified":"2021-02-07T16:31:48","modified_gmt":"2021-02-07T15:31:48","slug":"historia","status":"publish","type":"page","link":"https:\/\/agora.xtec.cat\/escolamartamata-viladecans\/lescola\/historia\/","title":{"rendered":"Hist\u00f2ria"},"content":{"rendered":"<p><span style=\"font-weight: 400;\">L\u2019escola Marta Mata es va inaugurar l\u2019any 2003 com a resultat de l\u2019increment de la natalitat del barri de Can Guardiola. En un inici es va ubicar en m\u00f2duls prefabricats i el 19 de setembre de 2005 es van iniciar les obres de construcci\u00f3 de l\u2019edifici. Finalment, el 12 de febrer de \u00a02007 \u00a0es va estrenar l\u2019escola nova.<\/span><\/p>\n<p><span style=\"font-weight: 400;\"><a href=\"https:\/\/agora.xtec.cat\/escolamartamata-viladecans\/wp-content\/uploads\/usu1599\/2021\/01\/foto-hist\u00f2ria-escola.jpg\"><img loading=\"lazy\" decoding=\"async\" class=\"size-full wp-image-5692 aligncenter\" src=\"https:\/\/agora.xtec.cat\/escolamartamata-viladecans\/wp-content\/uploads\/usu1599\/2021\/01\/foto-hist\u00f2ria-escola.jpg\" alt=\"\" width=\"276\" height=\"183\" \/><\/a><\/span><\/p>\n<p><span style=\"font-weight: 400;\">Al curs 2012\/2013 el centre va esdevenir Agrupament de sords, atenent a alumnat amb discapacitat auditiva de la zona de Viladecans, Gav\u00e0, Begues i Sant Climent. Des d\u2019aquell moment l\u2019escola va anar creixent com a centre de tres l\u00ednies fins el curs 2014-2015, quan un descens de la natalitat, va provocar \u00a0el tancament progressiu d\u2019una de les l\u00ednies. Actualment, la nostra escola funciona com a centre de dues l\u00ednies a Educaci\u00f3 Infantil i de tres des de 4t de Prim\u00e0ria fins a 6\u00e8.<\/span><\/p>\n<p><span style=\"font-weight: 400;\">El centre ocupa l\u2019extensi\u00f3 d\u2019una illa de cases entre els carrers Can Tries, Can Guardiola i Av. Can Palmer i es distribueix en dues plantes. A la inferior es troben, entre altres depend\u00e8ncies, les aules d\u2019educaci\u00f3 infantil i cicle inicial, aix\u00ed com la seu de l\u2019AMPA. A la part superior de l\u2019edifici s\u2019ubiquen les de cicle mitj\u00e0 i superior.<\/span><\/p>\n<p><b>\u00a0\u00a0\u00a0\u00a0\u00a0\u00a0\u00a0\u00a0\u00a0\u00a0\u00a0\u00a0\u00a0\u00a0\u00a0\u00a0\u00a0\u00a0\u00a0\u00a0\u00a0\u00a0\u00a0\u00a0\u00a0\u00a0\u00a0\u00a0\u00a0\u00a0\u00a0\u00a0\u00a0\u00a0\u00a0\u00a0\u00a0\u00a0\u00a0\u00a0\u00a0\u00a0\u00a0\u00a0\u00a0\u00a0\u00a0\u00a0\u00a0\u00a0\u00a0\u00a0\u00a0\u00a0\u00a0\u00a0\u00a0\u00a0\u00a0\u00a0\u00a0\u00a0\u00a0\u00a0\u00a0\u00a0\u00a0\u00a0\u00a0\u00a0\u00a0\u00a0\u00a0\u00a0\u00a0\u00a0\u00a0\u00a0\u00a0\u00a0\u00a0\u00a0\u00a0\u00a0\u00a0\u00a0\u00a0\u00a0\u00a0\u00a0\u00a0\u00a0\u00a0\u00a0\u00a0\u00a0\u00a0\u00a0\u00a0\u00a0\u00a0\u00a0&#8220;Abans de decidir com vols ser<\/b><b> \u00a0mira&#8217;t al mirall i apr\u00e8n com ets&#8221;<\/b><\/p>\n<h2 style=\"text-align: center;\"><strong>La vig\u00e8ncia de la pedagoga Marta Mata<\/strong><\/h2>\n<p><iframe loading=\"lazy\" src=\"https:\/\/drive.google.com\/file\/d\/1-96CV0cohnQe6UadT0NXBb_rZPPw3XmF\/preview\" width=\"640\" height=\"480\"><\/iframe><\/p>\n<h2 style=\"text-align: center;\"><\/h2>\n<p>Unes mestres de l&#8217;escola van assistir a una <strong>exposici\u00f3 sobre la vida d&#8217;aquesta gran pedagoga que d\u00f3na nom al nostre centre<\/strong>.<\/p>\n<p>Si vols m\u00e9s informaci\u00f3 clica l&#8217;enlla\u00e7 <a href=\"http:\/\/viladecans.cat\/ca\/la-vigencia-de-la-pedagoga-marta-mata\" target=\"_blank\" rel=\"noopener noreferrer\">Marta Mata<\/a>.<\/p>\n","protected":false},"excerpt":{"rendered":"<p>L\u2019escola Marta Mata es va inaugurar l\u2019any 2003 com a resultat de l\u2019increment de la natalitat del barri de Can Guardiola. En un inici es va ubicar en m\u00f2duls prefabricats i el 19 de setembre de 2005 es van iniciar les obres de construcci\u00f3 de&hellip;  <a href=\"https:\/\/agora.xtec.cat\/escolamartamata-viladecans\/lescola\/historia\/\" title=\"Read Hist\u00f2ria\">Llegeix m\u00e9s\u00bb<\/a><\/p>\n","protected":false},"author":1,"featured_media":0,"parent":22,"menu_order":20,"comment_status":"closed","ping_status":"closed","template":"page-templates\/side-menu.php","meta":{"_bbp_topic_count":0,"_bbp_reply_count":0,"_bbp_total_topic_count":0,"_bbp_total_reply_count":0,"_bbp_voice_count":0,"_bbp_anonymous_reply_count":0,"_bbp_topic_count_hidden":0,"_bbp_reply_count_hidden":0,"_bbp_forum_subforum_count":0,"footnotes":""},"class_list":["post-26","page","type-page","status-publish","hentry"],"post_mailing_queue_ids":[],"_links":{"self":[{"href":"https:\/\/agora.xtec.cat\/escolamartamata-viladecans\/wp-json\/wp\/v2\/pages\/26","targetHints":{"allow":["GET"]}}],"collection":[{"href":"https:\/\/agora.xtec.cat\/escolamartamata-viladecans\/wp-json\/wp\/v2\/pages"}],"about":[{"href":"https:\/\/agora.xtec.cat\/escolamartamata-viladecans\/wp-json\/wp\/v2\/types\/page"}],"author":[{"embeddable":true,"href":"https:\/\/agora.xtec.cat\/escolamartamata-viladecans\/wp-json\/wp\/v2\/users\/1"}],"replies":[{"embeddable":true,"href":"https:\/\/agora.xtec.cat\/escolamartamata-viladecans\/wp-json\/wp\/v2\/comments?post=26"}],"version-history":[{"count":4,"href":"https:\/\/agora.xtec.cat\/escolamartamata-viladecans\/wp-json\/wp\/v2\/pages\/26\/revisions"}],"predecessor-version":[{"id":5899,"href":"https:\/\/agora.xtec.cat\/escolamartamata-viladecans\/wp-json\/wp\/v2\/pages\/26\/revisions\/5899"}],"up":[{"embeddable":true,"href":"https:\/\/agora.xtec.cat\/escolamartamata-viladecans\/wp-json\/wp\/v2\/pages\/22"}],"wp:attachment":[{"href":"https:\/\/agora.xtec.cat\/escolamartamata-viladecans\/wp-json\/wp\/v2\/media?parent=26"}],"curies":[{"name":"wp","href":"https:\/\/api.w.org\/{rel}","templated":true}]}}