{"id":656,"date":"2018-01-19T13:19:35","date_gmt":"2018-01-19T12:19:35","guid":{"rendered":"http:\/\/agora.xtec.cat\/escolamarina\/?page_id=656"},"modified":"2024-02-01T13:21:39","modified_gmt":"2024-02-01T12:21:39","slug":"nou-enfocament-metodologic-a-petits","status":"publish","type":"page","link":"https:\/\/agora.xtec.cat\/escolamarina\/projecte-educatiu\/nou-enfocament-metodologic-a-petits\/","title":{"rendered":"Enfocament metodol\u00f2gic a la comunitat de petits"},"content":{"rendered":"<p><strong><u>ENFOCAMENT METODOL\u00d2GIC A LA COMUNITAT DE PETITS<\/u><\/strong><\/p>\n<p>L\u2019equip de mestres de l\u2019escola estem en continu proc\u00e9s d\u2019aprenentatge. Constantment ens reunim per reflexionar sobre com aprenen els nens i de les nenes i sobre la nostra pr\u00e0ctica de treball com a docents.<\/p>\n<p>En aquest m\u00f3n en constant canvi i tenint present com s\u00f3n els infants del segle XXI, l\u2019equip de la Comunitat de Petits va iniciar el canvi el curs 2016\/17 a I-3. S\u2019ha anat implementant i des del 2019 s\u2019aplica a tota la comunitat.<\/p>\n<p>OBJECTIU: Crear un entorn d\u2019aprenentatge constructiu amb una metodologia de treball activa i respectuosa amb els ritmes d&#8217;aprenentatge i els processos dels infants.<\/p>\n<p>Ens estructurem b\u00e0sicament en 2 temps:<\/p>\n<p><u>Temps d\u2019activitat aut\u00f2noma<\/u>.<\/p>\n<ul>\n<li>Protagonista del seu aprenentatge<\/li>\n<li>Juga, manipula i experimenta.<\/li>\n<li>Un entorn ric, motivador i relaxat amb diverses propostes.<\/li>\n<li>En els ambients d\u2019aprenentatge i les multipropostes<\/li>\n<\/ul>\n<p><u>Temps de grup sencer<\/u><\/p>\n<ul>\n<li>La rotllana: moments d\u2019acollida (bon dia, relaxaci\u00f3, conversa (compartir experi\u00e8ncies, treball de les emocions), el conte&#8230;<\/li>\n<li>Presentaci\u00f3 atractiva del nou material, proposta did\u00e0ctica, projectes, conte\u2026<\/li>\n<li>Psicomotricitat, angl\u00e8s, m\u00fasica&#8230;<\/li>\n<\/ul>\n<p>Tamb\u00e9 hi ha moments de treball paral\u00b7lel i treball en petit grup, sobretot en moments d\u2019aprenentatge lectoescriptor i matem\u00e0tic.<\/p>\n<p>Aquest enfocament tamb\u00e9 es caracteritza per:<\/p>\n<ul>\n<li>L\u2019Infant \u00e9s el protagonista del seu aprenentatge. El\/la mestre\/a guia, observa, acompanya, provoca, formula preguntes&#8230; i pensa, organitza, estructura, prepara i crea la programaci\u00f3, les activitats, els espais i els materials.<\/li>\n<li>La import\u00e0ncia dels espais, la cura dels materials i de la presentaci\u00f3. \u00c9s important crear un ambient que predisposi a treballar, que desperti les ganes d\u2019experimentar, manipular&#8230; i que a l\u2019hora fomenti un treball en ambient de calma, d\u2019harmonia, que propici\u00ef l\u2019aprenentatge.<\/li>\n<\/ul>\n<p>Els mobles i els materials estan buscats per fomentar tot aix\u00f2. A m\u00e9s, mirem que<\/p>\n<ul>\n<li>Que tot estigui al seu abast (foment autonomia)<\/li>\n<li>Prestatges no sobresaturats de materials i jocs (foment de l\u2019ordre i evitar sobre-excitar)<\/li>\n<li>Que els materials i jocs siguin est\u00e8ticament atractius (foment del treball, motivaci\u00f3)<\/li>\n<li>Que a l\u2019aula es respiri un ambient de calma (foment del benestar)<\/li>\n<\/ul>\n<p>Tot el que hem explicat fomenta que l\u2019infant es mogui lliurement per l\u2019aula, actuant.<\/p>\n<ul>\n<li>Autoregulaci\u00f3 de l\u2019infant \/ Esfor\u00e7.<\/li>\n<\/ul>\n<p>L\u2019autoregulaci\u00f3 \u00e9s una\u00a0<strong>habilitat clau per al desenvolupament de qualsevol persona i, a la vegada, tot un repte per a un infant. Ha d\u2019aprendre a controlar emocions i comportaments en relaci\u00f3 a situacions concretes, desenvolupant la capacitat d\u2019estar atent a la mestra o al altres companys\/es, escoltant qu\u00e8 li ve de gust fer, gestionant l\u2019espera tant a la rotllana com quan un espai o material est\u00e0 ocupat, gestionant la frustraci\u00f3 quan un repte no surt, etc. <\/strong><\/p>\n<p><strong>Fomentar la cultura de l\u2019esfor\u00e7<\/strong>. L\u2019esfor\u00e7 \u00e9s el que ens permet estirar al m\u00e0xim el potencial hum\u00e0 que tots portem a dins. En aquest proc\u00e9s d&#8217;aprenentatge, els docents hem de dotar d&#8217;autonomia el\/la nen\/a i deixar que assumeixi responsabilitats al seu ritme, que s\u2019enfronti a les dificultats del dia a dia amb naturalitat, propiciant l\u2019afany de superaci\u00f3, amb motivaci\u00f3. Si no hi ha motivaci\u00f3 \u00e9s molt dif\u00edcil que hi hagi un esfor\u00e7 veritable. Si jo no veig sentit al que estic fent, no m&#8217;hi esfor\u00e7ar\u00e9.<\/p>\n<p><strong>\u00a0<\/strong><\/p>\n<p><strong>Tots aquests aprenentatges s\u2019aniran perfeccionant a l\u2019etapa d\u2019educaci\u00f3 prim\u00e0ria.<\/strong><\/p>\n<p>&nbsp;<\/p>\n\r\n\t<div class=\"slideshow_container slideshow_container_style-light\" style=\"height: 300px; \" data-slideshow-id=\"734\" data-style-name=\"style-light\" data-style-version=\"2.3.1\" >\r\n\r\n\t\t\t\t\t<div class=\"slideshow_loading_icon\"><\/div>\r\n\t\t\r\n\t\t<div class=\"slideshow_content\" style=\"display: none;\">\r\n\r\n\t\t\t<div class=\"slideshow_view\">\r\n\t\t\t\t<div class=\"slideshow_slide slideshow_slide_image\">\r\n\t\t\t\t\t\t\t\t\t\t\t<img src=\"https:\/\/agora.xtec.cat\/escolamarina\/wp-content\/uploads\/usu1775\/2018\/01\/2018-01-18-PHOTO-00000072.jpg\" alt=\"Nova distribuci\u00f3 de l&#039;aula\" width=\"1600\" height=\"900\" \/>\r\n\t\t\t\t\t\t\t\t\t\t<div class=\"slideshow_description_box slideshow_transparent\">\r\n\t\t\t\t\t\t<div class=\"slideshow_title\">Nova distribuci\u00f3 de l&#039;aula<\/div>\t\t\t\t\t\t\t\t\t\t\t<\/div>\r\n\t\t\t\t<\/div>\r\n\r\n\t\t\t\t\t\t<div style=\"clear: both;\"><\/div><\/div><div class=\"slideshow_view\">\r\n\t\t\t\t<div class=\"slideshow_slide slideshow_slide_image\">\r\n\t\t\t\t\t\t\t\t\t\t\t<img src=\"https:\/\/agora.xtec.cat\/escolamarina\/wp-content\/uploads\/usu1775\/2018\/01\/2018-01-18-PHOTO-00000078-copia.jpg\" alt=\"Diferents propostes d&#039;aprenentatge\" width=\"1600\" height=\"900\" \/>\r\n\t\t\t\t\t\t\t\t\t\t<div class=\"slideshow_description_box slideshow_transparent\">\r\n\t\t\t\t\t\t<div class=\"slideshow_title\">Diferents propostes d&#039;aprenentatge<\/div>\t\t\t\t\t\t<div class=\"slideshow_description\">Diferents propostes d&#039;aprenentatge<\/div>\t\t\t\t\t<\/div>\r\n\t\t\t\t<\/div>\r\n\r\n\t\t\t\t\t\t<div style=\"clear: both;\"><\/div><\/div><div class=\"slideshow_view\">\r\n\t\t\t\t<div class=\"slideshow_slide slideshow_slide_image\">\r\n\t\t\t\t\t\t\t\t\t\t\t<img src=\"https:\/\/agora.xtec.cat\/escolamarina\/wp-content\/uploads\/usu1775\/2018\/01\/2018-01-18-PHOTO-00000077-copia.jpg\" alt=\"2018-01-18-PHOTO-00000077 - copia\" width=\"1600\" height=\"900\" \/>\r\n\t\t\t\t\t\t\t\t\t\t<div class=\"slideshow_description_box slideshow_transparent\">\r\n\t\t\t\t\t\t\t\t\t\t\t\t\t\t\t\t\t<\/div>\r\n\t\t\t\t<\/div>\r\n\r\n\t\t\t\t\t\t<div style=\"clear: both;\"><\/div><\/div><div class=\"slideshow_view\">\r\n\t\t\t\t<div class=\"slideshow_slide slideshow_slide_image\">\r\n\t\t\t\t\t\t\t\t\t\t\t<img src=\"https:\/\/agora.xtec.cat\/escolamarina\/wp-content\/uploads\/usu1775\/2018\/01\/2018-01-18-PHOTO-00000076-copia.jpg\" alt=\"2018-01-18-PHOTO-00000076 - copia\" width=\"1600\" height=\"900\" \/>\r\n\t\t\t\t\t\t\t\t\t\t<div class=\"slideshow_description_box slideshow_transparent\">\r\n\t\t\t\t\t\t\t\t\t\t\t\t\t\t\t\t\t<\/div>\r\n\t\t\t\t<\/div>\r\n\r\n\t\t\t\t\t\t<div style=\"clear: both;\"><\/div><\/div><div class=\"slideshow_view\">\r\n\t\t\t\t<div class=\"slideshow_slide slideshow_slide_image\">\r\n\t\t\t\t\t\t\t\t\t\t\t<img src=\"https:\/\/agora.xtec.cat\/escolamarina\/wp-content\/uploads\/usu1775\/2018\/01\/2018-01-18-PHOTO-00000074-copia.jpg\" alt=\"2018-01-18-PHOTO-00000074 - copia\" width=\"1600\" height=\"900\" \/>\r\n\t\t\t\t\t\t\t\t\t\t<div class=\"slideshow_description_box slideshow_transparent\">\r\n\t\t\t\t\t\t\t\t\t\t\t\t\t\t\t\t\t<\/div>\r\n\t\t\t\t<\/div>\r\n\r\n\t\t\t\t\t\t<div style=\"clear: both;\"><\/div><\/div><div class=\"slideshow_view\">\r\n\t\t\t\t<div class=\"slideshow_slide slideshow_slide_image\">\r\n\t\t\t\t\t\t\t\t\t\t\t<img src=\"https:\/\/agora.xtec.cat\/escolamarina\/wp-content\/uploads\/usu1775\/2018\/01\/2018-01-18-PHOTO-00000073-copia.jpg\" alt=\"2018-01-18-PHOTO-00000073 - copia\" width=\"1600\" height=\"900\" \/>\r\n\t\t\t\t\t\t\t\t\t\t<div class=\"slideshow_description_box slideshow_transparent\">\r\n\t\t\t\t\t\t\t\t\t\t\t\t\t\t\t\t\t<\/div>\r\n\t\t\t\t<\/div>\r\n\r\n\t\t\t\t\t\t<div style=\"clear: both;\"><\/div><\/div><div class=\"slideshow_view\">\r\n\t\t\t\t<div class=\"slideshow_slide slideshow_slide_image\">\r\n\t\t\t\t\t\t\t\t\t\t\t<img src=\"https:\/\/agora.xtec.cat\/escolamarina\/wp-content\/uploads\/usu1775\/2018\/01\/2018-01-18-PHOTO-00000081.jpg\" alt=\"2018-01-18-PHOTO-00000081\" width=\"1600\" height=\"900\" \/>\r\n\t\t\t\t\t\t\t\t\t\t<div class=\"slideshow_description_box slideshow_transparent\">\r\n\t\t\t\t\t\t\t\t\t\t\t\t\t\t\t\t\t<\/div>\r\n\t\t\t\t<\/div>\r\n\r\n\t\t\t\t\t\t<div style=\"clear: both;\"><\/div><\/div><div class=\"slideshow_view\">\r\n\t\t\t\t<div class=\"slideshow_slide slideshow_slide_image\">\r\n\t\t\t\t\t\t\t\t\t\t\t<img src=\"https:\/\/agora.xtec.cat\/escolamarina\/wp-content\/uploads\/usu1775\/2018\/01\/2018-01-18-PHOTO-00000080.jpg\" alt=\"2018-01-18-PHOTO-00000080\" width=\"900\" height=\"1600\" \/>\r\n\t\t\t\t\t\t\t\t\t\t<div class=\"slideshow_description_box slideshow_transparent\">\r\n\t\t\t\t\t\t\t\t\t\t\t\t\t\t\t\t\t<\/div>\r\n\t\t\t\t<\/div>\r\n\r\n\t\t\t\t\t\t<div style=\"clear: both;\"><\/div><\/div><div class=\"slideshow_view\">\r\n\t\t\t\t<div class=\"slideshow_slide slideshow_slide_image\">\r\n\t\t\t\t\t\t\t\t\t\t\t<img src=\"https:\/\/agora.xtec.cat\/escolamarina\/wp-content\/uploads\/usu1775\/2018\/01\/2018-01-18-PHOTO-00000079.jpg\" alt=\"2018-01-18-PHOTO-00000079\" width=\"1600\" height=\"900\" \/>\r\n\t\t\t\t\t\t\t\t\t\t<div class=\"slideshow_description_box slideshow_transparent\">\r\n\t\t\t\t\t\t\t\t\t\t\t\t\t\t\t\t\t<\/div>\r\n\t\t\t\t<\/div>\r\n\r\n\t\t\t\t\t\t<div style=\"clear: both;\"><\/div><\/div>\r\n\t\t<\/div>\r\n\r\n\t\t<div class=\"slideshow_controlPanel slideshow_transparent\" style=\"display: none;\"><ul><li class=\"slideshow_togglePlay\" data-play-text=\"Visualitza\" data-pause-text=\"Pausa\"><\/li><\/ul><\/div>\r\n\r\n\t\t<div class=\"slideshow_button slideshow_previous slideshow_transparent\" role=\"button\" data-previous-text=\"Anterior\" style=\"display: none;\"><\/div>\r\n\t\t<div class=\"slideshow_button slideshow_next slideshow_transparent\" role=\"button\" data-next-text=\"Seg\u00fcent\" style=\"display: none;\"><\/div>\r\n\r\n\t\t<div class=\"slideshow_pagination\" style=\"display: none;\" data-go-to-text=\"V\u00e9s a la diapositiva\"><div class=\"slideshow_pagination_center\"><\/div><\/div>\r\n\r\n\t\t<!-- WordPress Slideshow Version 2.3.1 -->\r\n\r\n\t\t\t<\/div>\r\n\r\n\n","protected":false},"excerpt":{"rendered":"<p>ENFOCAMENT METODOL\u00d2GIC A LA COMUNITAT DE PETITS<br \/>\nL\u2019equip de mestres de l\u2019escola estem en continu proc\u00e9s d\u2019aprenentatge. Constantment ens reunim per reflexionar sobre com aprenen els nens i de les nenes i sobre la nostra pr\u00e0ctica de treball com a docents.<br \/>\nEn aquest m\u00f3n en constant canvi&hellip;  <a href=\"https:\/\/agora.xtec.cat\/escolamarina\/projecte-educatiu\/nou-enfocament-metodologic-a-petits\/\" title=\"Read Enfocament metodol\u00f2gic a la comunitat de petits\">Llegeix m\u00e9s\u00bb<\/a><\/p>\n","protected":false},"author":1,"featured_media":0,"parent":64,"menu_order":5,"comment_status":"closed","ping_status":"closed","template":"page-templates\/side-menu.php","meta":{"_bbp_topic_count":0,"_bbp_reply_count":0,"_bbp_total_topic_count":0,"_bbp_total_reply_count":0,"_bbp_voice_count":0,"_bbp_anonymous_reply_count":0,"_bbp_topic_count_hidden":0,"_bbp_reply_count_hidden":0,"_bbp_forum_subforum_count":0,"footnotes":""},"class_list":["post-656","page","type-page","status-publish","hentry"],"post_mailing_queue_ids":[],"_links":{"self":[{"href":"https:\/\/agora.xtec.cat\/escolamarina\/wp-json\/wp\/v2\/pages\/656","targetHints":{"allow":["GET"]}}],"collection":[{"href":"https:\/\/agora.xtec.cat\/escolamarina\/wp-json\/wp\/v2\/pages"}],"about":[{"href":"https:\/\/agora.xtec.cat\/escolamarina\/wp-json\/wp\/v2\/types\/page"}],"author":[{"embeddable":true,"href":"https:\/\/agora.xtec.cat\/escolamarina\/wp-json\/wp\/v2\/users\/1"}],"replies":[{"embeddable":true,"href":"https:\/\/agora.xtec.cat\/escolamarina\/wp-json\/wp\/v2\/comments?post=656"}],"version-history":[{"count":5,"href":"https:\/\/agora.xtec.cat\/escolamarina\/wp-json\/wp\/v2\/pages\/656\/revisions"}],"predecessor-version":[{"id":3657,"href":"https:\/\/agora.xtec.cat\/escolamarina\/wp-json\/wp\/v2\/pages\/656\/revisions\/3657"}],"up":[{"embeddable":true,"href":"https:\/\/agora.xtec.cat\/escolamarina\/wp-json\/wp\/v2\/pages\/64"}],"wp:attachment":[{"href":"https:\/\/agora.xtec.cat\/escolamarina\/wp-json\/wp\/v2\/media?parent=656"}],"curies":[{"name":"wp","href":"https:\/\/api.w.org\/{rel}","templated":true}]}}